{"id":27936,"date":"2017-12-11T14:51:35","date_gmt":"2017-12-11T14:51:35","guid":{"rendered":"https:\/\/esthernoriega.es\/condiciones-generales\/"},"modified":"2021-04-07T10:09:32","modified_gmt":"2021-04-07T10:09:32","slug":"condicions-generals","status":"publish","type":"page","link":"https:\/\/esthernoriega.es\/ca\/condicions-generals\/","title":{"rendered":"Condicions Generals"},"content":{"rendered":"<p>[et_pb_section bb_built=&#8221;1&#8243;][et_pb_row][et_pb_column type=&#8221;4_4&#8243;][et_pb_text _builder_version=&#8221;3.0.89&#8243; background_layout=&#8221;light&#8221;]<\/p>\n<p>AVISO LEGAL<\/p>\n<p>1. IDENTIFICACI\u00d3N.<\/p>\n<p>En cumplimiento de la Ley 34\/2002, de 11 de julio, de servicios de la sociedad de la informaci\u00f3n y de comercio electr\u00f3nico, le informamos que:<\/p>\n<p>La denominaci\u00f3n social es COOL AND CHIC ATELIER S.L., con CIF n\u00ba B47663745 y domicilio social en la Plaza del Viejo Coso, 3-4, Valladolid C.P. 47003, inscrita en el Registro Mercantil de Valladolid (n\u00ba Acto: 000243070 &#8211; fecha Acto: 17\/06\/2010), y cuyo objeto social es \u201cEstudio de dise\u00f1o y moda. El dise\u00f1o, patronaje y confecci\u00f3n deprendas de vestir. La fabricaci\u00f3n, elaboraci\u00f3n, compostura, y distribuci\u00f3n y venta al por menor y al por mayor de prendas de vestir. Etc\u201d<\/p>\n<p>2. CONTACTO. En el apartado Contacto de nuestra p\u00e1gina web, en el enlace https:\/\/esthernoriega.es\/contacto\/, dispone de diversos medios para comunicarse con nosotros, entre otros:<\/p>\n<p>&#8211; Email: * Prensa: press@esthernoriega.es * Estilistas: info@esthernoriega.es * Showroom Madrid: info@esthernoriega.es &#8211; Tel\u00e9fono: Solicite cita previa para poder atenderle en nuestro taller: 639 788 233<\/p>\n<p>&#8211; Localizaci\u00f3n: Esther Noriega, Fashion Designer, Plaza del Viejo Coso N\u00ba 3\u20134 (47003 Valladolid)<\/p>\n<p>Conforme a lo establecido en la Ley 34\/2002, de 11 de julio, de Servicios de la Sociedad de la Informaci\u00f3n y de Comercio Electr\u00f3nico, COOL AND CHIC ATELIER S.L. no remitir\u00e1 publicidad y comunicaciones con fines de venta u otras de naturaleza comercial sin que medie su previa solicitud o consentimiento, o sin que exista una relaci\u00f3n contractual previa, siempre que, en este segundo supuesto, hubiera obtenido de forma l\u00edcita los datos de contacto del destinatario y los empleara para el env\u00edo de comunicaciones comerciales referentes a sus productos o servicios que sean similares a los que inicialmente fueron objeto de contrataci\u00f3n con el cliente. Los clientes y usuarios, podr\u00e1n oponerse al env\u00edo de este tipo de correos electr\u00f3nicos, siguiendo las instrucciones indicadas en cada caso o modificando su perfil y sus preferencias de env\u00edos comerciales aqu\u00ed, o remitiendo un correo electr\u00f3nico a info@esthernoriega.es.<\/p>\n<p>3. FINALIDAD. Nuestro sitio web www.esthernoriega.es tiene como finalidad informar al p\u00fablico, en general, sobre las actividades que COOL AND CHIC ATLIER S.L. efect\u00faa y acerca de los servicios que presta y productos que comercializa. Tambi\u00e9n tiene como finalidad la venta y comercializaci\u00f3n de tales servicios y productos.<\/p>\n<p>4.- USUARIOS Y CONDICIONES DE USO DE LA WEB. El acceso y la utilizaci\u00f3n de la p\u00e1gina web www.esthernoriega.es otorga la condici\u00f3n de usuario. Este acepta de forma completa, total, plena y sin reservas, con tal acceso y utilizaci\u00f3n, las cl\u00e1usulas y Condiciones Generales de Uso establecidas en este Aviso Legal que en cada momento est\u00e9n vigentes, con independencia de las Condiciones Generales de Contrataci\u00f3n que<\/p>\n<p>en su caso resulten de obligado cumplimiento. El Aviso Legal est\u00e1 sujeto a cambios y actualizaciones y la versi\u00f3n publicada puede ser diferente en cada momento en que el usuario acceda. En consecuencia, este tiene que leer el Aviso Legal cada vez que acceda a la P\u00e1gina.<\/p>\n<p>El usuario viene obligado y se compromete a efectuar un buen y adecuado uso de www.esthernoriega.es, dentro de la legalidad vigente y conforme al principio de buena fe. El usuario reconoce que ha le\u00eddo y aceptado el presenta Aviso legal y sus condiciones. Si no estuviera de acuerdo con ellas se abstendr\u00e1 de continuar us\u00e1ndola.<\/p>\n<p>El usuario\/cliente asume la responsabilidad del uso de la p\u00e1gina web www.esthernoriega.es. Dicha responsabilidad se extiende al registro que fuese necesario para acceder a determinados servicios o contenidos. En dicho registro el usuario\/cliente ser\u00e1 responsable de aportar informaci\u00f3n veraz y l\u00edcita. Como consecuencia de este registro, al usuario\/cliente se le puede proporcionar una contrase\u00f1a de la que ser\u00e1 responsable, comprometi\u00e9ndose a hacer un uso diligente y confidencial de la misma.<\/p>\n<p>Se compromete a no emplear los contenidos y servicios para: (i) incurrir en actividades il\u00edcitas, ilegales o contrarias a la buena fe y al orden p\u00fablico; (ii) difundir contenidos o propaganda de car\u00e1cter racista, xen\u00f3fobo, pornogr\u00e1fico-ilegal, de apolog\u00eda del terrorismo o atentatorio contra los derechos humanos; (iii) provocar da\u00f1os en los sistemas f\u00edsicos y l\u00f3gicos de COOL AND CHIC ATLIER S.L, de sus proveedores o de terceras personas, introducir o difundir en la red virus inform\u00e1ticos o cualesquiera otros sistemas f\u00edsicos o l\u00f3gicos que sean susceptibles de provocar los da\u00f1os anteriormente mencionados; (iv) intentar acceder y, en su caso, utilizar las cuentas de correo electr\u00f3nico de otros usuarios y modificar o manipular sus mensajes.<\/p>\n<p>5.- RESPONSABILIDADES<\/p>\n<p>COOL AND CHIC ATELIER S.L. no garantiza la inexistencia de interrupciones o errores en el acceso a www.esthernoriega.es y en la utilizaci\u00f3n de sus contenidos, ni que estos se encuentren actualizados, aunque desarrollar\u00e1 sus mejores esfuerzos para, en su caso, evitarlos, subsanarlos o actualizarlos.<\/p>\n<p>COOL AND CHIC ATELIER S.L no se hace responsable de los perjuicios o da\u00f1os de cualquier tipo producidos en el usuario que traigan causa de fallos o desconexiones en las redes de telecomunicaciones que originen la suspensi\u00f3n, cancelaci\u00f3n o interrupci\u00f3n del servicio de www.esthernoriega.es durante la prestaci\u00f3n del mismo o con car\u00e1cter previo.<\/p>\n<p>COOL AND CHIC ATELIER S.L. excluye, con las excepciones contempladas en la legislaci\u00f3n vigente, cualquier responsabilidad por los da\u00f1os y perjuicios de toda naturaleza que puedan deberse a la falta de disponibilidad, continuidad o calidad del funcionamiento de www.esthernoriega.es y de sus contenidos, y al no cumplimiento de la expectativa de utilidad que los usuarios hubieren podido atribuir al portal web y a sus contenidos.<\/p>\n<p>Se excluye cualquier responsabilidad de COOL AND CHIC ATELIER S.L por las decisiones que el usuario pueda tomar basado en la informaci\u00f3n contenida en www.esthernoriega.es, as\u00ed como por los posibles errores tipogr\u00e1ficos que puedan contener los documentos y gr\u00e1ficos www.esthernoriega.es. La informaci\u00f3n est\u00e1 sometida a posibles cambios peri\u00f3dicos sin previo aviso de su contenido por ampliaci\u00f3n, mejora, correcci\u00f3n o actualizaci\u00f3n de los Contenidos.<\/p>\n<p>El acceso a la P\u00e1gina no implica la obligaci\u00f3n por parte de COOL AND CHIC ATELIER S.L. de controlar la ausencia de virus, gusanos o cualquier otro elemento inform\u00e1tico da\u00f1ino. Corresponde al usuario, en todo caso, la disponibilidad de herramientas adecuadas para la detecci\u00f3n y desinfecci\u00f3n de programas inform\u00e1ticos da\u00f1inos. COOL AND CHIC ATELIER no se responsabiliza de los posibles errores de seguridad que se puedan producir durante la prestaci\u00f3n del servicio de www.esthernoriega.es, ni de los posibles da\u00f1os que puedan causarse al sistema inform\u00e1tico del usuario o de terceros (hardware y software), los ficheros o documentos almacenados en el mismo, como consecuencia de la presencia de virus en el ordenador del usuario utilizado para la conexi\u00f3n a los servicios y contenidos de la Web, de un mal funcionamiento del navegador o del uso de versiones no actualizadas del mismo. Si bien la prestaci\u00f3n del servicio de www.esthernoriega.es y de sus contenidos tiene, en principio, duraci\u00f3n indefinida, COOL AND CHIC ATELIER S.L. queda autorizada para dar por terminada o suspender la prestaci\u00f3n del servicio o de cualquiera de sus contenidos en cualquier momento. Cuando ello sea razonablemente posible, advertir\u00e1 previamente la terminaci\u00f3n o suspensi\u00f3n del portal web.<\/p>\n<p>6.- PROTECCI\u00d3N DE DATOS.<\/p>\n<p>Conforme a lo dispuesto en la Ley Org\u00e1nica 15\/1999, de Protecci\u00f3n de Datos de Car\u00e1cter Personal y en su normativa de desarrollo, COOL AND CHIC ATELIER S.L. garantiza la seguridad y la confidencialidad de los datos de car\u00e1cter personal facilitados por sus clientes y por los usuarios de su p\u00e1gina web, as\u00ed como el tratamiento automatizado de tales datos de car\u00e1cter personal de acuerdo con dicha legislaci\u00f3n.<\/p>\n<p>Asimismo, afirma que ha adoptado los niveles de seguridad de protecci\u00f3n de los datos de car\u00e1cter personal legalmente establecidos.<\/p>\n<p>El cliente\/usuario queda informado y presta su consentimiento a que sean incorporados sus datos de car\u00e1cter personal a los ficheros automatizados existentes en COOL AND CHIC ATELIER S.L., inscritos en el Registro General de la Agencia Espa\u00f1ola de Protecci\u00f3n de Datos, y al tratamiento automatizado de los mismos, incluyendo aquellos a los que esta empresa tenga acceso como consecuencia de su navegaci\u00f3n por esta p\u00e1gina Web, para las finalidades de env\u00edo de comunicaciones comerciales, comercializaci\u00f3n de productos y servicios, del mantenimiento de su relaci\u00f3n contractual y de gesti\u00f3n con EFI HIGIENE S.L.U.<\/p>\n<p>El cliente\/usuario responde de la veracidad de los datos facilitados y se responsabiliza de informar a COOL AND CHIC ATELIER S.L. sobre la modificaci\u00f3n en los mismos en el siguiente enlace.<\/p>\n<p>COOL AND CHIC ATELIER S.L. asegura, en todo momento, el ejercicio de los derechos de acceso, rectificaci\u00f3n, cancelaci\u00f3n y oposici\u00f3n, en los t\u00e9rminos previsto en la Ley Org\u00e1nica 15\/1999, de Protecci\u00f3n de Datos de Car\u00e1cter Personal y en su normativa de desarrollo, dirigiendo un escrito a Esther Noriega, Fashion Designer, Plaza del Viejo Coso N\u00ba 3\u20134 (47003 Valladolid), a info@esthernoriega.es o accediendo a los formularios dispuestos a tal efecto aqu\u00ed.<\/p>\n<p>7. PROPIEDAD INTELECTUAL E INDUSTRIAL<\/p>\n<p>Corresponde a COOL AND CHIC ATELIER S.L. la titularidad, por s\u00ed o como cesionaria, de cualesquiera derechos de propiedad intelectual e industrial de su p\u00e1gina web www.esthernoriega.es. Los contenidos de www.esthernoriega.es son propiedad intelectual de COOL AND CHIC ATELIER S.L., o de terceros en su caso, y, por tanto, los derechos de Propiedad Intelectual son titularidad de COOL AND CHIC ATELIER S.L., o de terceros que han autorizado su uso, a quienes corresponde el ejercicio exclusivo de los derechos de explotaci\u00f3n de los mismos en cualquier forma y, en especial, los derechos de reproducci\u00f3n, distribuci\u00f3n, comunicaci\u00f3n p\u00fablica y transformaci\u00f3n.<\/p>\n<p>Conforme a lo previsto en el Real Decreto Legislativo 1\/1996, de 12 de abril, por el que se aprueba el texto refundido de la Ley de Propiedad Intelectual, se proh\u00edbe de forma expresa cualquier reproducci\u00f3n, distribuci\u00f3n y comunicaci\u00f3n p\u00fablica, incluida su modalidad de puesta a disposici\u00f3n, de la totalidad o de parte de los contenidos de www.esthernoriega.es, con fines comerciales, en cualquier soporte y por cualquier medio t\u00e9cnico, sin la autorizaci\u00f3n de COOL AND CHIC ATELIER S.L. La utilizaci\u00f3n no autorizada de la informaci\u00f3n contenida en www.esthernoriega.es, as\u00ed como la lesi\u00f3n de los derechos de Propiedad Intelectual o Industrial de COOL AND CHIC ATELIER S.L. o de terceros incluidos en la P\u00e1gina que hayan cedido contenidos dar\u00e1 lugar a las responsabilidades legalmente establecidas.<\/p>\n<p>El cliente\/usuario se compromete a respetar los derechos de Propiedad Intelectual e Industrial titularidad de COOL AND CHIC ATELIER S.L. Al respecto, podr\u00e1 visualizar los contenidos de www.esthernoriega.es, e incluso imprimirlos, copiarlos y almacenarlos en el disco duro de su ordenador o en cualquier otro soporte f\u00edsico, siempre y cuando sea, \u00fanica y exclusivamente, para su uso personal y privado. Igualmente se abstendr\u00e1 de suprimir, alterar, eludir o manipular cualquier dispositivo de protecci\u00f3n o sistema de seguridad instalado en www.esthernoriega.es.<\/p>\n<p>Todas los productos, marcas, nombres comerciales o signos distintivos de cualquier clase que aparecen en www.esthernoriega.es son propiedad de COOL AND CHIC ATELIER S.L. o, en su caso, de terceros que han autorizado su uso, sin que pueda entenderse que el uso o acceso www.esthernoriega.es y\/o a sus contenidos atribuya al usuario\/cliente derecho alguno sobre las citadas marcas, nombres comerciales y\/o signos distintivos, y sin que puedan entenderse cedidos al usuario\/cliente, ninguno de los derechos de explotaci\u00f3n que existen o puedan existir sobre dichos contenidos.<\/p>\n<p>[\/et_pb_text][\/et_pb_column][\/et_pb_row][et_pb_row][et_pb_column type=&#8221;1_2&#8243;][et_pb_button _builder_version=&#8221;3.0.89&#8243; button_text=&#8221;Descargar Formulario de desestimiento&#8221; button_url=&#8221;https:\/\/esthernoriega.es\/wp-content\/uploads\/2017\/12\/Formulario-de-desistimiento-de-esthernoriega.es_.pdf&#8221; url_new_window=&#8221;off&#8221; background_layout=&#8221;light&#8221; custom_button=&#8221;off&#8221; button_icon_placement=&#8221;right&#8221; \/][\/et_pb_column][et_pb_column type=&#8221;1_2&#8243;][et_pb_button _builder_version=&#8221;3.0.89&#8243; button_text=&#8221;Descargar Formulario de Reclamaciones&#8221; button_url=&#8221;https:\/\/esthernoriega.es\/wp-content\/uploads\/2017\/12\/Formulario-de-reclamaciones-de-esthernoriega.es_.pdfilla.net\/clientes\/esther\/wp-content\/uploads\/2017\/12\/Formulario-de-desistimiento-de-esthernoriega.es_.pdf&#8221; url_new_window=&#8221;off&#8221; background_layout=&#8221;light&#8221; custom_button=&#8221;off&#8221; button_icon_placement=&#8221;right&#8221; \/][\/et_pb_column][\/et_pb_row][\/et_pb_section]<\/p>\n","protected":false},"excerpt":{"rendered":"<p>[et_pb_section bb_built=&#8221;1&#8243;][et_pb_row][et_pb_column type=&#8221;4_4&#8243;][et_pb_text _builder_version=&#8221;3.0.89&#8243; background_layout=&#8221;light&#8221;] AVISO LEGAL 1. IDENTIFICACI\u00d3N. En cumplimiento de la Ley 34\/2002, de 11 de julio, de servicios de la sociedad de la informaci\u00f3n y de comercio electr\u00f3nico, le informamos que: La denominaci\u00f3n social es COOL AND CHIC ATELIER S.L., con CIF n\u00ba B47663745 y domicilio social en la Plaza del Viejo &hellip;<\/p>\n<p class=\"read-more\"> <a class=\"\" href=\"https:\/\/esthernoriega.es\/ca\/condicions-generals\/\"> <span class=\"screen-reader-text\">Condicions Generals<\/span> Llegeix m\u00e9s &raquo;<\/a><\/p>\n","protected":false},"author":1,"featured_media":0,"parent":0,"menu_order":0,"comment_status":"closed","ping_status":"closed","template":"","meta":{"_eb_attr":"","_monsterinsights_skip_tracking":false,"_monsterinsights_sitenote_active":false,"_monsterinsights_sitenote_note":"","_monsterinsights_sitenote_category":0,"site-sidebar-layout":"default","site-content-layout":"","ast-site-content-layout":"","site-content-style":"default","site-sidebar-style":"default","ast-global-header-display":"","ast-banner-title-visibility":"","ast-main-header-display":"","ast-hfb-above-header-display":"","ast-hfb-below-header-display":"","ast-hfb-mobile-header-display":"","site-post-title":"","ast-breadcrumbs-content":"","ast-featured-img":"","footer-sml-layout":"","theme-transparent-header-meta":"","adv-header-id-meta":"","stick-header-meta":"","header-above-stick-meta":"","header-main-stick-meta":"","header-below-stick-meta":"","astra-migrate-meta-layouts":"","ast-page-background-enabled":"default","ast-page-background-meta":{"desktop":{"background-color":"","background-image":"","background-repeat":"repeat","background-position":"center center","background-size":"auto","background-attachment":"scroll","background-type":"","background-media":"","overlay-type":"","overlay-color":"","overlay-gradient":""},"tablet":{"background-color":"","background-image":"","background-repeat":"repeat","background-position":"center center","background-size":"auto","background-attachment":"scroll","background-type":"","background-media":"","overlay-type":"","overlay-color":"","overlay-gradient":""},"mobile":{"background-color":"","background-image":"","background-repeat":"repeat","background-position":"center center","background-size":"auto","background-attachment":"scroll","background-type":"","background-media":"","overlay-type":"","overlay-color":"","overlay-gradient":""}},"ast-content-background-meta":{"desktop":{"background-color":"var(--ast-global-color-5)","background-image":"","background-repeat":"repeat","background-position":"center center","background-size":"auto","background-attachment":"scroll","background-type":"","background-media":"","overlay-type":"","overlay-color":"","overlay-gradient":""},"tablet":{"background-color":"var(--ast-global-color-5)","background-image":"","background-repeat":"repeat","background-position":"center center","background-size":"auto","background-attachment":"scroll","background-type":"","background-media":"","overlay-type":"","overlay-color":"","overlay-gradient":""},"mobile":{"background-color":"var(--ast-global-color-5)","background-image":"","background-repeat":"repeat","background-position":"center center","background-size":"auto","background-attachment":"scroll","background-type":"","background-media":"","overlay-type":"","overlay-color":"","overlay-gradient":""}},"footnotes":""},"_links":{"self":[{"href":"https:\/\/esthernoriega.es\/ca\/wp-json\/wp\/v2\/pages\/27936\/"}],"collection":[{"href":"https:\/\/esthernoriega.es\/ca\/wp-json\/wp\/v2\/pages\/"}],"about":[{"href":"https:\/\/esthernoriega.es\/ca\/wp-json\/wp\/v2\/types\/page\/"}],"author":[{"embeddable":true,"href":"https:\/\/esthernoriega.es\/ca\/wp-json\/wp\/v2\/users\/1\/"}],"replies":[{"embeddable":true,"href":"https:\/\/esthernoriega.es\/ca\/wp-json\/wp\/v2\/comments\/?post=27936"}],"version-history":[{"count":2,"href":"https:\/\/esthernoriega.es\/ca\/wp-json\/wp\/v2\/pages\/27936\/revisions\/"}],"predecessor-version":[{"id":33632,"href":"https:\/\/esthernoriega.es\/ca\/wp-json\/wp\/v2\/pages\/27936\/revisions\/33632\/"}],"wp:attachment":[{"href":"https:\/\/esthernoriega.es\/ca\/wp-json\/wp\/v2\/media\/?parent=27936"}],"curies":[{"name":"wp","href":"https:\/\/api.w.org\/{rel}","templated":true}]}}