{"id":27944,"date":"2017-12-11T14:54:18","date_gmt":"2017-12-11T14:54:18","guid":{"rendered":"https:\/\/esthernoriega.es\/politica-de-cookies\/"},"modified":"2018-03-19T15:10:16","modified_gmt":"2018-03-19T15:10:16","slug":"politica-de-cookies","status":"publish","type":"page","link":"https:\/\/esthernoriega.es\/ca\/politica-de-cookies\/","title":{"rendered":"Pol\u00edtica de Cookies"},"content":{"rendered":"<p>[et_pb_section bb_built=&#8221;1&#8243;][et_pb_row][et_pb_column type=&#8221;4_4&#8243;][et_pb_text _builder_version=&#8221;3.0.89&#8243; background_layout=&#8221;light&#8221;]<\/p>\n<p>POL\u00cdTICA DE COOKIES<\/p>\n<p>\u00bfQu\u00e9 son las cookies?<\/p>\n<p>Una cookie es un fichero que se descarga en su ordenador al acceder a determinadas p\u00e1ginas web. Las cookies permiten a una p\u00e1gina web, entre otras cosas, almacenar y recuperar informaci\u00f3n sobre h\u00e1bitos de navegaci\u00f3n de un usuario o de su equipo y, dependiendo de la informaci\u00f3n que contengan y de la forma que utilice su equipo, pueden utilizarse para reconocer al usuario.<\/p>\n<p>\u00bfPara qu\u00e9 utiliza las cookies esta p\u00e1gina web y cu\u00e1les son?<\/p>\n<p>Esta p\u00e1gina web utiliza las cookies para una serie de finalidades, incluidas:<\/p>\n<ul>\n<li>An\u00e1lisis: son aquellas cookies que bien, tratadas por nosotros o por terceros, nos permiten cuantificar el n\u00famero de usuarios y as\u00ed realizar la medici\u00f3n y an\u00e1lisis estad\u00edstico de la utilizaci\u00f3n que hacen los usuarios del servicio. Para ello se analiza su navegaci\u00f3n en nuestra p\u00e1gina web con el fin de mejorar la experiencia del usuario..<\/li>\n<li>Publicitarias: Sirven para gestionar la frecuencia y el contenido de los anuncios..<\/li>\n<li>De registro: Se crean al registrarse o cuando inicia una sesi\u00f3n como usuario de la Web..<\/li>\n<\/ul>\n<p>El detalle de las cookies utilizadas en esta p\u00e1gina web es el siguiente:<\/p>\n<table>\n<tbody>\n<tr>\n<td width=\"45\"><strong>Cookies<\/strong><\/td>\n<td width=\"58\"><strong>Nombre<\/strong><\/td>\n<td width=\"54\"><strong>Tipo<\/strong><\/td>\n<td width=\"180\"><strong>Prop\u00f3sito<\/strong><\/td>\n<td width=\"112\"><strong>M\u00e1s informaci\u00f3n<\/strong><\/td>\n<\/tr>\n<tr>\n<td width=\"0\">__utma __utmb __utmc __utmz _ga _gat<\/td>\n<td width=\"0\">Google Analytics<\/td>\n<td width=\"0\">De terceros<\/td>\n<td width=\"0\">Recoger informaci\u00f3n sobre la navegaci\u00f3n de los usuarios por el sitio con el fin de conocer el origen de las visitas y otros datos similares a nivel estad\u00edstico. No obtiene datos de los nombres o apellidos de los usuarios ni de la direcci\u00f3n postal concreta desde donde se conectan.<\/td>\n<td width=\"0\">Google Analytics Centro de privacidad de Google: http:\/\/www.google.com\/intl\/es\/policies\/privacy\/<\/td>\n<\/tr>\n<\/tbody>\n<\/table>\n<p>&nbsp;<\/p>\n<p>Nota: Las cookies de tipo &#8216;Propias&#8217; son utilizadas s\u00f3lo por el propietario de esta web y las cookies &#8216;De terceros&#8217; son utilizadas, por el prestador del servicio que est\u00e1 detallado en el cuadro anterior.<\/p>\n<p>\u00bfC\u00f3mo puedo desactivar o eliminar estas cookies?<\/p>\n<p>Puede usted permitir, bloquear o eliminar las cookies instaladas en su equipo mediante la configuraci\u00f3n de las opciones del navegador instalado en su ordenador:<\/p>\n<p>Firefox<\/p>\n<p>http:\/\/support.mozilla.org\/es\/kb\/habilitar-y-deshabilitar-cookies-que-los-sitios-we<\/p>\n<p>Chrome<\/p>\n<p>http:\/\/support.google.com\/chrome\/bin\/answer.py?hl=es&#038;answer=95647<\/p>\n<p>Explorer<\/p>\n<p>http:\/\/windows.microsoft.com\/es-es\/windows7\/how-to-manage-cookies-in-internet-explorer-9<\/p>\n<p>Safari<\/p>\n<p>http:\/\/support.apple.com\/kb\/ph5042<\/p>\n<p>Opera<\/p>\n<p>http:\/\/help.opera.com\/Windows\/11.50\/es-ES\/cookies.html<\/p>\n<p>Otros navegadores<\/p>\n<p>Consulte la documentaci\u00f3n del navegador que tenga instalado.<\/p>\n<p>Complemento de inhabilitaci\u00f3n para navegadores de Google Analytics<\/p>\n<p>Si desea rechazar las cookies anal\u00edticas de Google Analytics en todos los navegadores, de forma que no se env\u00ede informaci\u00f3n suya a Google Analytics, puede descargar un complemento que realiza esta funci\u00f3n desde este enlace: https:\/\/tools.google.com\/dlpage\/gaoptout.<\/p>\n<p>[\/et_pb_text][\/et_pb_column][\/et_pb_row][\/et_pb_section]<\/p>\n","protected":false},"excerpt":{"rendered":"<p>[et_pb_section bb_built=&#8221;1&#8243;][et_pb_row][et_pb_column type=&#8221;4_4&#8243;][et_pb_text _builder_version=&#8221;3.0.89&#8243; background_layout=&#8221;light&#8221;] POL\u00cdTICA DE COOKIES \u00bfQu\u00e9 son las cookies? Una cookie es un fichero que se descarga en su ordenador al acceder a determinadas p\u00e1ginas web. Las cookies permiten a una p\u00e1gina web, entre otras cosas, almacenar y recuperar informaci\u00f3n sobre h\u00e1bitos de navegaci\u00f3n de un usuario o de su equipo y, &hellip;<\/p>\n<p class=\"read-more\"> <a class=\"\" href=\"https:\/\/esthernoriega.es\/ca\/politica-de-cookies\/\"> <span class=\"screen-reader-text\">Pol\u00edtica de Cookies<\/span> Llegeix m\u00e9s &raquo;<\/a><\/p>\n","protected":false},"author":1,"featured_media":0,"parent":0,"menu_order":0,"comment_status":"closed","ping_status":"closed","template":"","meta":{"_eb_attr":"","_monsterinsights_skip_tracking":false,"_monsterinsights_sitenote_active":false,"_monsterinsights_sitenote_note":"","_monsterinsights_sitenote_category":0,"site-sidebar-layout":"default","site-content-layout":"","ast-site-content-layout":"","site-content-style":"default","site-sidebar-style":"default","ast-global-header-display":"","ast-banner-title-visibility":"","ast-main-header-display":"","ast-hfb-above-header-display":"","ast-hfb-below-header-display":"","ast-hfb-mobile-header-display":"","site-post-title":"","ast-breadcrumbs-content":"","ast-featured-img":"","footer-sml-layout":"","theme-transparent-header-meta":"","adv-header-id-meta":"","stick-header-meta":"","header-above-stick-meta":"","header-main-stick-meta":"","header-below-stick-meta":"","astra-migrate-meta-layouts":"","ast-page-background-enabled":"default","ast-page-background-meta":{"desktop":{"background-color":"","background-image":"","background-repeat":"repeat","background-position":"center center","background-size":"auto","background-attachment":"scroll","background-type":"","background-media":"","overlay-type":"","overlay-color":"","overlay-gradient":""},"tablet":{"background-color":"","background-image":"","background-repeat":"repeat","background-position":"center center","background-size":"auto","background-attachment":"scroll","background-type":"","background-media":"","overlay-type":"","overlay-color":"","overlay-gradient":""},"mobile":{"background-color":"","background-image":"","background-repeat":"repeat","background-position":"center center","background-size":"auto","background-attachment":"scroll","background-type":"","background-media":"","overlay-type":"","overlay-color":"","overlay-gradient":""}},"ast-content-background-meta":{"desktop":{"background-color":"var(--ast-global-color-5)","background-image":"","background-repeat":"repeat","background-position":"center center","background-size":"auto","background-attachment":"scroll","background-type":"","background-media":"","overlay-type":"","overlay-color":"","overlay-gradient":""},"tablet":{"background-color":"var(--ast-global-color-5)","background-image":"","background-repeat":"repeat","background-position":"center center","background-size":"auto","background-attachment":"scroll","background-type":"","background-media":"","overlay-type":"","overlay-color":"","overlay-gradient":""},"mobile":{"background-color":"var(--ast-global-color-5)","background-image":"","background-repeat":"repeat","background-position":"center center","background-size":"auto","background-attachment":"scroll","background-type":"","background-media":"","overlay-type":"","overlay-color":"","overlay-gradient":""}},"footnotes":""},"_links":{"self":[{"href":"https:\/\/esthernoriega.es\/ca\/wp-json\/wp\/v2\/pages\/27944\/"}],"collection":[{"href":"https:\/\/esthernoriega.es\/ca\/wp-json\/wp\/v2\/pages\/"}],"about":[{"href":"https:\/\/esthernoriega.es\/ca\/wp-json\/wp\/v2\/types\/page\/"}],"author":[{"embeddable":true,"href":"https:\/\/esthernoriega.es\/ca\/wp-json\/wp\/v2\/users\/1\/"}],"replies":[{"embeddable":true,"href":"https:\/\/esthernoriega.es\/ca\/wp-json\/wp\/v2\/comments\/?post=27944"}],"version-history":[{"count":1,"href":"https:\/\/esthernoriega.es\/ca\/wp-json\/wp\/v2\/pages\/27944\/revisions\/"}],"predecessor-version":[{"id":27960,"href":"https:\/\/esthernoriega.es\/ca\/wp-json\/wp\/v2\/pages\/27944\/revisions\/27960\/"}],"wp:attachment":[{"href":"https:\/\/esthernoriega.es\/ca\/wp-json\/wp\/v2\/media\/?parent=27944"}],"curies":[{"name":"wp","href":"https:\/\/api.w.org\/{rel}","templated":true}]}}