{"id":27945,"date":"2017-12-11T14:53:39","date_gmt":"2017-12-11T14:53:39","guid":{"rendered":"https:\/\/esthernoriega.es\/politica-de-privacidad\/"},"modified":"2021-04-07T10:15:18","modified_gmt":"2021-04-07T10:15:18","slug":"politica-de-privacitat","status":"publish","type":"page","link":"https:\/\/esthernoriega.es\/ca\/politica-de-privacitat\/","title":{"rendered":"Pol\u00edtica de Privacitat"},"content":{"rendered":"<p>[et_pb_section bb_built=&#8221;1&#8243;][et_pb_row][et_pb_column type=&#8221;4_4&#8243;][et_pb_text _builder_version=&#8221;3.0.89&#8243; background_layout=&#8221;light&#8221;]<\/p>\n<p>POL\u00cdTICA DE PRIVACIDAD<\/p>\n<p>Seg\u00fan lo previsto en la Ley Org\u00e1nica 15\/1999, de Protecci\u00f3n de Datos de Car\u00e1cter Personal y en su normativa de desarrollo, COOL AND CHIC ATELIER S.L. garantiza la seguridad y confidencialidad de los datos de car\u00e1cter personal facilitados por sus clientes y por los usuarios de su p\u00e1gina web, as\u00ed como el tratamiento automatizado de tales datos de car\u00e1cter personal de acuerdo con dicha legislaci\u00f3n.<\/p>\n<p>Asimismo, COOL AND CHIC ATELIER S.L. afirma que ha adoptado los niveles de seguridad de protecci\u00f3n de los datos de car\u00e1cter personal legalmente establecidos.<\/p>\n<p>A efectos de lo previsto en la normativa descrita, tales datos de car\u00e1cter personal, ser\u00e1n incorporados a un fichero denominado \u201cCLIENTES, PROVEEDORES Y CONTABILIDAD\u201d, cuya titularidad corresponde a COOL AND CHIC ATELIER S.L., con domicilio en Plaza del Viejo Coso N\u00ba 3\u20134 (47003 Valladolid).<\/p>\n<p>El cliente\/usuario queda informado y presta su consentimiento a que sean incorporados sus datos de car\u00e1cter personal a los ficheros automatizados existentes en COOL AND CHIC ATELIER S.L., inscritos en el Registro General de la Agencia Espa\u00f1ola de Protecci\u00f3n de Datos, y al tratamiento automatizado de los mismos, incluyendo aquellos a los que esta empresa tenga acceso como consecuencia de su navegaci\u00f3n por esta p\u00e1gina Web, para las finalidades de env\u00edo de comunicaciones comerciales, comercializaci\u00f3n de productos y servicios, del mantenimiento de su relaci\u00f3n contractual y de gesti\u00f3n con COOL AND CHIC ATELIER S.L.,<\/p>\n<p>COOL AND CHIC ATLIER S.L. asegura el ejercicio de los derechos de acceso, rectificaci\u00f3n, cancelaci\u00f3n y oposici\u00f3n, en los t\u00e9rminos previsto en la Ley Org\u00e1nica 15\/1999, de Protecci\u00f3n de Datos de Car\u00e1cter Personal y en su normativa de desarrollo, remitiendo un escrito a COOL AND CHIC ATELIER S.L., Plaza del Viejo Coso N\u00ba 3\u20134 (47003 Valladolid) con la referencia: \u201cDatos\u201d o accediendo a los formularios dispuestos a tal efecto aqu\u00ed.<\/p>\n<p>[\/et_pb_text][\/et_pb_column][\/et_pb_row][\/et_pb_section]<\/p>\n","protected":false},"excerpt":{"rendered":"<p>[et_pb_section bb_built=&#8221;1&#8243;][et_pb_row][et_pb_column type=&#8221;4_4&#8243;][et_pb_text _builder_version=&#8221;3.0.89&#8243; background_layout=&#8221;light&#8221;] POL\u00cdTICA DE PRIVACIDAD Seg\u00fan lo previsto en la Ley Org\u00e1nica 15\/1999, de Protecci\u00f3n de Datos de Car\u00e1cter Personal y en su normativa de desarrollo, COOL AND CHIC ATELIER S.L. garantiza la seguridad y confidencialidad de los datos de car\u00e1cter personal facilitados por sus clientes y por los usuarios de su &hellip;<\/p>\n<p class=\"read-more\"> <a class=\"\" href=\"https:\/\/esthernoriega.es\/ca\/politica-de-privacitat\/\"> <span class=\"screen-reader-text\">Pol\u00edtica de Privacitat<\/span> Llegeix m\u00e9s &raquo;<\/a><\/p>\n","protected":false},"author":1,"featured_media":0,"parent":0,"menu_order":0,"comment_status":"closed","ping_status":"closed","template":"","meta":{"_eb_attr":"","_monsterinsights_skip_tracking":false,"_monsterinsights_sitenote_active":false,"_monsterinsights_sitenote_note":"","_monsterinsights_sitenote_category":0,"site-sidebar-layout":"default","site-content-layout":"","ast-site-content-layout":"","site-content-style":"default","site-sidebar-style":"default","ast-global-header-display":"","ast-banner-title-visibility":"","ast-main-header-display":"","ast-hfb-above-header-display":"","ast-hfb-below-header-display":"","ast-hfb-mobile-header-display":"","site-post-title":"","ast-breadcrumbs-content":"","ast-featured-img":"","footer-sml-layout":"","theme-transparent-header-meta":"","adv-header-id-meta":"","stick-header-meta":"","header-above-stick-meta":"","header-main-stick-meta":"","header-below-stick-meta":"","astra-migrate-meta-layouts":"","ast-page-background-enabled":"default","ast-page-background-meta":{"desktop":{"background-color":"","background-image":"","background-repeat":"repeat","background-position":"center center","background-size":"auto","background-attachment":"scroll","background-type":"","background-media":"","overlay-type":"","overlay-color":"","overlay-gradient":""},"tablet":{"background-color":"","background-image":"","background-repeat":"repeat","background-position":"center center","background-size":"auto","background-attachment":"scroll","background-type":"","background-media":"","overlay-type":"","overlay-color":"","overlay-gradient":""},"mobile":{"background-color":"","background-image":"","background-repeat":"repeat","background-position":"center center","background-size":"auto","background-attachment":"scroll","background-type":"","background-media":"","overlay-type":"","overlay-color":"","overlay-gradient":""}},"ast-content-background-meta":{"desktop":{"background-color":"var(--ast-global-color-5)","background-image":"","background-repeat":"repeat","background-position":"center center","background-size":"auto","background-attachment":"scroll","background-type":"","background-media":"","overlay-type":"","overlay-color":"","overlay-gradient":""},"tablet":{"background-color":"var(--ast-global-color-5)","background-image":"","background-repeat":"repeat","background-position":"center center","background-size":"auto","background-attachment":"scroll","background-type":"","background-media":"","overlay-type":"","overlay-color":"","overlay-gradient":""},"mobile":{"background-color":"var(--ast-global-color-5)","background-image":"","background-repeat":"repeat","background-position":"center center","background-size":"auto","background-attachment":"scroll","background-type":"","background-media":"","overlay-type":"","overlay-color":"","overlay-gradient":""}},"footnotes":""},"_links":{"self":[{"href":"https:\/\/esthernoriega.es\/ca\/wp-json\/wp\/v2\/pages\/27945\/"}],"collection":[{"href":"https:\/\/esthernoriega.es\/ca\/wp-json\/wp\/v2\/pages\/"}],"about":[{"href":"https:\/\/esthernoriega.es\/ca\/wp-json\/wp\/v2\/types\/page\/"}],"author":[{"embeddable":true,"href":"https:\/\/esthernoriega.es\/ca\/wp-json\/wp\/v2\/users\/1\/"}],"replies":[{"embeddable":true,"href":"https:\/\/esthernoriega.es\/ca\/wp-json\/wp\/v2\/comments\/?post=27945"}],"version-history":[{"count":2,"href":"https:\/\/esthernoriega.es\/ca\/wp-json\/wp\/v2\/pages\/27945\/revisions\/"}],"predecessor-version":[{"id":33640,"href":"https:\/\/esthernoriega.es\/ca\/wp-json\/wp\/v2\/pages\/27945\/revisions\/33640\/"}],"wp:attachment":[{"href":"https:\/\/esthernoriega.es\/ca\/wp-json\/wp\/v2\/media\/?parent=27945"}],"curies":[{"name":"wp","href":"https:\/\/api.w.org\/{rel}","templated":true}]}}