{"id":33422,"date":"2021-04-07T07:12:58","date_gmt":"2021-04-07T07:12:58","guid":{"rendered":"https:\/\/esthernoriega.es\/?page_id=33422"},"modified":"2023-07-10T18:54:57","modified_gmt":"2023-07-10T18:54:57","slug":"col%c2%b7leccions","status":"publish","type":"page","link":"https:\/\/esthernoriega.es\/ca\/col%c2%b7leccions\/","title":{"rendered":"Col\u00b7leccions"},"content":{"rendered":"\t\t<div data-elementor-type=\"wp-page\" data-elementor-id=\"33422\" class=\"elementor elementor-33422\" data-elementor-post-type=\"page\">\n\t\t\t\t\t\t<section class=\"elementor-section elementor-top-section elementor-element elementor-element-6ab2483 elementor-section-boxed elementor-section-height-default elementor-section-height-default\" data-id=\"6ab2483\" data-element_type=\"section\" data-settings=\"{&quot;background_background&quot;:&quot;classic&quot;}\">\n\t\t\t\t\t\t\t<div class=\"elementor-background-overlay\"><\/div>\n\t\t\t\t\t\t\t<div class=\"elementor-container elementor-column-gap-default\">\n\t\t\t\t\t<div class=\"elementor-column elementor-col-100 elementor-top-column elementor-element elementor-element-3ea6251\" data-id=\"3ea6251\" data-element_type=\"column\">\n\t\t\t<div class=\"elementor-widget-wrap elementor-element-populated\">\n\t\t\t\t\t\t<div class=\"elementor-element elementor-element-a6e4e7c elementor-widget elementor-widget-heading\" data-id=\"a6e4e7c\" data-element_type=\"widget\" data-widget_type=\"heading.default\">\n\t\t\t\t<div class=\"elementor-widget-container\">\n\t\t\t<h1 class=\"elementor-heading-title elementor-size-default\">Col\u00b7leccions d'Esther Noriega<\/h1>\t\t<\/div>\n\t\t\t\t<\/div>\n\t\t\t\t<div class=\"elementor-element elementor-element-769399d elementor-invisible elementor-widget elementor-widget-text-editor\" data-id=\"769399d\" data-element_type=\"widget\" data-settings=\"{&quot;_animation&quot;:&quot;fadeInUp&quot;}\" data-widget_type=\"text-editor.default\">\n\t\t\t\t<div class=\"elementor-widget-container\">\n\t\t\t\t\t\t\t<p>Esther Noriega crea <strong>col\u00b7leccions intemporals<\/strong> de <strong>vestits de festa<\/strong>, padrina i convidades. Les seves clientes destaquen per ser dones amb un sentit est\u00e8tic marcat orientat a l&#8217;eleg\u00e0ncia, sense renunciar a la sofisticaci\u00f3 dels elements imprescindibles d&#8217;un vestit d&#8217;etiqueta.<\/p><p><strong style=\"font-style: inherit;\">Les col\u00b7leccions d&#8217;Esther Noriega<\/strong><span style=\"font-style: inherit; font-weight: inherit;\"> surten al mercat en unitats limitades per mantenir l&#8217;elevat est\u00e0ndard de qualitat i la <\/span><strong style=\"font-style: inherit;\">exclusivitat dels seus dissenys<\/strong><span style=\"font-style: inherit; font-weight: inherit;\">, sota el concepte de <\/span><strong style=\"font-style: inherit;\">moda sostenible o \u201c<strong>slow fashion<\/strong>\u201d. <strong>Els vestits de la firma<\/strong> estan realitzats amb materials de qualitat per mans de cosidores locals, cosa que garanteix que cada pe\u00e7a sigui un fons d&#8217;armari de festa que passar\u00e0 de mares a filles. Al <strong>taller d&#8217;Esther Noriega<\/strong> hi conviuen el <strong>treball artesanal<\/strong> amb les \u00faltimes tecnologies en el <strong>tractament dels teixits<\/strong>.<\/strong><\/p><p><span style=\"font-style: inherit; font-weight: inherit;\">Els <\/span><strong style=\"font-style: inherit;\">estampats exclusius<\/strong><span style=\"font-style: inherit; font-weight: inherit;\"> s\u00f3n un altre d&#8217;elements identificatius de la signatura, estant presents a totes les col\u00b7leccions.<\/span><\/p><p><span style=\"font-style: inherit; font-weight: inherit;\">Una dona meravellosa. Un moment inoblidable. Una foto incre\u00efble. Un <\/span><strong style=\"font-style: inherit;\">vestit de l&#8217;Esther Noriega<\/strong><span style=\"font-style: inherit; font-weight: inherit;\">.<\/span><\/p>\t\t\t\t\t\t<\/div>\n\t\t\t\t<\/div>\n\t\t\t\t\t<\/div>\n\t\t<\/div>\n\t\t\t\t\t<\/div>\n\t\t<\/section>\n\t\t\t\t<section class=\"elementor-section elementor-top-section elementor-element elementor-element-feb66ca elementor-section-content-middle elementor-section-boxed elementor-section-height-default elementor-section-height-default\" data-id=\"feb66ca\" data-element_type=\"section\" data-settings=\"{&quot;background_background&quot;:&quot;classic&quot;}\">\n\t\t\t\t\t\t\t<div class=\"elementor-background-overlay\"><\/div>\n\t\t\t\t\t\t\t<div class=\"elementor-container elementor-column-gap-no\">\n\t\t\t\t\t<div class=\"elementor-column elementor-col-100 elementor-top-column elementor-element elementor-element-4a0f14d\" data-id=\"4a0f14d\" data-element_type=\"column\">\n\t\t\t<div class=\"elementor-widget-wrap elementor-element-populated\">\n\t\t\t\t\t\t<div class=\"elementor-element elementor-element-8b3d847 elementor-widget elementor-widget-heading\" data-id=\"8b3d847\" data-element_type=\"widget\" data-widget_type=\"heading.default\">\n\t\t\t\t<div class=\"elementor-widget-container\">\n\t\t\t<h2 class=\"elementor-heading-title elementor-size-default\">Col\u00b7leccions de festa<\/h2>\t\t<\/div>\n\t\t\t\t<\/div>\n\t\t\t\t<div class=\"elementor-element elementor-element-93090aa elementor-invisible elementor-widget elementor-widget-text-editor\" data-id=\"93090aa\" data-element_type=\"widget\" data-settings=\"{&quot;_animation&quot;:&quot;fadeInUp&quot;}\" data-widget_type=\"text-editor.default\">\n\t\t\t\t<div class=\"elementor-widget-container\">\n\t\t\t\t\t\t\t<p><b>Vestits llargs<\/b>, curts o midi i micos pensats per a tota ocasi\u00f3 especial, ja sigui assistir a un casament com a padrina o convidada, una <strong>festa o c\u00f2ctel<\/strong>. Independentment de l&#8217;hora del dia o el lloc de celebraci\u00f3, a <strong>les col\u00b7leccions de festa d&#8217;Esther Noriega<\/strong> hi ha un vestit perfecte per a cada moment.<\/p><p><span style=\"font-style: inherit; font-weight: inherit; background-color: rgba(0, 0, 0, 0);\">Mirar-se al mirall abans de sortir cap a l&#8217;esdeveniment i sentir que ets divina, aix\u00f2 \u00e9s portar un <\/span><strong style=\"font-style: inherit; background-color: rgba(0, 0, 0, 0);\">vestit de festa d&#8217;Esther Noriega<\/strong><span style=\"font-style: inherit; font-weight: inherit; background-color: rgba(0, 0, 0, 0);\">.<\/span><\/p>\t\t\t\t\t\t<\/div>\n\t\t\t\t<\/div>\n\t\t\t\t<div class=\"elementor-element elementor-element-04cdc63 elementor-align-center elementor-widget elementor-widget-button\" data-id=\"04cdc63\" data-element_type=\"widget\" data-widget_type=\"button.default\">\n\t\t\t\t<div class=\"elementor-widget-container\">\n\t\t\t\t\t<div class=\"elementor-button-wrapper\">\n\t\t\t<a class=\"elementor-button elementor-button-link elementor-size-sm\" href=\"\/ca\/festa\/\">\n\t\t\t\t\t\t<span class=\"elementor-button-content-wrapper\">\n\t\t\t\t\t\t\t\t\t<span class=\"elementor-button-text\">Veure col\u00b7lecci\u00f3<\/span>\n\t\t\t\t\t<\/span>\n\t\t\t\t\t<\/a>\n\t\t<\/div>\n\t\t\t\t<\/div>\n\t\t\t\t<\/div>\n\t\t\t\t\t<\/div>\n\t\t<\/div>\n\t\t\t\t\t<\/div>\n\t\t<\/section>\n\t\t\t\t<section class=\"elementor-section elementor-top-section elementor-element elementor-element-9cd4547 elementor-section-content-middle elementor-section-boxed elementor-section-height-default elementor-section-height-default\" data-id=\"9cd4547\" data-element_type=\"section\" data-settings=\"{&quot;background_background&quot;:&quot;classic&quot;}\">\n\t\t\t\t\t\t\t<div class=\"elementor-background-overlay\"><\/div>\n\t\t\t\t\t\t\t<div class=\"elementor-container elementor-column-gap-no\">\n\t\t\t\t\t<div class=\"elementor-column elementor-col-100 elementor-top-column elementor-element elementor-element-bee8030\" data-id=\"bee8030\" data-element_type=\"column\">\n\t\t\t<div class=\"elementor-widget-wrap elementor-element-populated\">\n\t\t\t\t\t\t<div class=\"elementor-element elementor-element-118c9e6 elementor-widget elementor-widget-heading\" data-id=\"118c9e6\" data-element_type=\"widget\" data-widget_type=\"heading.default\">\n\t\t\t\t<div class=\"elementor-widget-container\">\n\t\t\t<h2 class=\"elementor-heading-title elementor-size-default\">Col\u00b7leccions de vestits de n\u00favies<\/h2>\t\t<\/div>\n\t\t\t\t<\/div>\n\t\t\t\t<div class=\"elementor-element elementor-element-3a40e32 elementor-invisible elementor-widget elementor-widget-text-editor\" data-id=\"3a40e32\" data-element_type=\"widget\" data-settings=\"{&quot;_animation&quot;:&quot;fadeInUp&quot;}\" data-widget_type=\"text-editor.default\">\n\t\t\t\t<div class=\"elementor-widget-container\">\n\t\t\t\t\t\t\t<p>Els <b>vestits de n\u00favia d&#8217;Esther Noriega<\/b> s\u00f3n <b>dissenys a mida<\/b> realitzats per a les n\u00favies que volen lluir un <b> disseny \u00fanic i personalitzat<\/b> el dia del seu casament . Cada vestit \u00e9s espec\u00edficament <b>confeccionat per a cada n\u00favia<\/b>, tenint en compte els seus gustos, estil i mides.<\/p><p><span style=\"font-style: inherit; font-weight: inherit; background-color: rgba(0, 0, 0, 0);\">Cada detall, des de l&#8217;<\/span><b style=\"font-style: inherit; background-color: rgba(0, 0, 0, 0);\">elecci\u00f3 de la tela fins als adorns<\/b><span style=\"font-style: inherit; font-weight: inherit; background-color: rgba(0, 0, 0, 0);\"> i el disseny general, es realitza amb cura per complir amb els desitjos i la visi\u00f3 de la clienta. Aix\u00f2 permet que la n\u00favia expressi la seva personalitat i se senti \u00fanica al seu gran dia.<\/span><\/p><p><span style=\"font-style: inherit; font-weight: inherit; background-color: rgba(0, 0, 0, 0);\">Triar un <\/span><b style=\"font-style: inherit; background-color: rgba(0, 0, 0, 0);\">vestit de n\u00favia d&#8217;Esther Noriega<\/b><span style=\"font-style: inherit; font-weight: inherit; background-color: rgba(0, 0, 0, 0);\">, \u00e9s iniciar un emocionant proc\u00e9s de creaci\u00f3 i <\/span><b style=\"font-style: inherit; background-color: rgba(0, 0, 0, 0);\">col\u00b7laboraci\u00f3 amb la firma<\/b><span style=\"font-style: inherit; font-weight: inherit; background-color: rgba(0, 0, 0, 0);\"> per aconseguir el gran vestit somiat. Cada prova de vestit es converteix en un moment de m\u00e0gia i ll\u00e0grimes de felicitat, en comprovar com es va convertint en realitat un vestit que fins aquell moment nom\u00e9s havia estat un somni.<\/span><\/p><p><span style=\"font-style: inherit; font-weight: inherit; background-color: rgba(0, 0, 0, 0);\">El moment m\u00e9s especial arriba quan la n\u00favia es mira al mirall abans de sortir cam\u00ed a dir el \u201cs\u00ed vull\u201d i veu reflectida la seva ess\u00e8ncia i el seu estil a cada puntada i<\/span><b style=\"font-style: inherit; background-color: rgba(0, 0, 0, 0);\"> detall del vestit<\/b><span style=\"font-style: inherit; font-weight: inherit; background-color: rgba(0, 0, 0, 0);\">. Un <\/span><strong style=\"font-style: inherit; background-color: rgba(0, 0, 0, 0);\">vestit \u00fanic fet a mida <\/strong><span style=\"font-style: inherit; font-weight: inherit; background-color: rgba(0, 0, 0, 0);\">nom\u00e9s per a ella.<\/span><\/p>\t\t\t\t\t\t<\/div>\n\t\t\t\t<\/div>\n\t\t\t\t<div class=\"elementor-element elementor-element-109d2c7 elementor-align-center elementor-widget elementor-widget-button\" data-id=\"109d2c7\" data-element_type=\"widget\" data-widget_type=\"button.default\">\n\t\t\t\t<div class=\"elementor-widget-container\">\n\t\t\t\t\t<div class=\"elementor-button-wrapper\">\n\t\t\t<a class=\"elementor-button elementor-button-link elementor-size-sm\" href=\"\/ca\/nuvies\/\">\n\t\t\t\t\t\t<span class=\"elementor-button-content-wrapper\">\n\t\t\t\t\t\t\t\t\t<span class=\"elementor-button-text\">Veure col\u00b7lecci\u00f3<\/span>\n\t\t\t\t\t<\/span>\n\t\t\t\t\t<\/a>\n\t\t<\/div>\n\t\t\t\t<\/div>\n\t\t\t\t<\/div>\n\t\t\t\t\t<\/div>\n\t\t<\/div>\n\t\t\t\t\t<\/div>\n\t\t<\/section>\n\t\t\t\t<section class=\"elementor-section elementor-top-section elementor-element elementor-element-21f3272 elementor-section-content-middle elementor-section-boxed elementor-section-height-default elementor-section-height-default\" data-id=\"21f3272\" data-element_type=\"section\" data-settings=\"{&quot;background_background&quot;:&quot;classic&quot;}\">\n\t\t\t\t\t\t\t<div class=\"elementor-background-overlay\"><\/div>\n\t\t\t\t\t\t\t<div class=\"elementor-container elementor-column-gap-no\">\n\t\t\t\t\t<div class=\"elementor-column elementor-col-100 elementor-top-column elementor-element elementor-element-6e083bd\" data-id=\"6e083bd\" data-element_type=\"column\">\n\t\t\t<div class=\"elementor-widget-wrap elementor-element-populated\">\n\t\t\t\t\t\t<div class=\"elementor-element elementor-element-86c7359 elementor-widget elementor-widget-heading\" data-id=\"86c7359\" data-element_type=\"widget\" data-widget_type=\"heading.default\">\n\t\t\t\t<div class=\"elementor-widget-container\">\n\t\t\t<h2 class=\"elementor-heading-title elementor-size-default\">Atelier<\/h2>\t\t<\/div>\n\t\t\t\t<\/div>\n\t\t\t\t<div class=\"elementor-element elementor-element-0c6dd3c elementor-invisible elementor-widget elementor-widget-text-editor\" data-id=\"0c6dd3c\" data-element_type=\"widget\" data-settings=\"{&quot;_animation&quot;:&quot;fadeInUp&quot;}\" data-widget_type=\"text-editor.default\">\n\t\t\t\t<div class=\"elementor-widget-container\">\n\t\t\t\t\t\t\t<p>El <b>atelier d&#8217;Esther Noriega<\/b> ofereix una experi\u00e8ncia excepcional de <strong>vestits de festa fets a mida<\/strong>. Cada creaci\u00f3 \u00e9s un testimoni de <strong>comprom\u00eds amb l&#8217;eleg\u00e0ncia<\/strong>, <strong>la qualitat<\/strong> i <strong>l&#8217;artesania impecable de la dissenyadora<\/strong>.<\/p><p><span style=\"font-style: inherit; font-weight: inherit; background-color: rgba(0, 0, 0, 0);\">L&#8217;<\/span><strong style=\"font-style: inherit; background-color: rgba(0, 0, 0, 0);\">equip de l&#8217;atelier d&#8217;Esther Noriega<\/strong><span style=\"font-style: inherit; font-weight: inherit; background-color: rgba(0, 0, 0, 0);\"> est\u00e0 altament qualificat i treballa en estreta col\u00b7laboraci\u00f3 amb cada clienta per a <\/span><strong style=\"font-style: inherit; background-color: rgba(0, 0, 0, 0);\">crear un vestit de festa<\/strong><span style=\"font-style: inherit; font-weight: inherit; background-color: rgba(0, 0, 0, 0);\"> que reflecteixi el seu <\/span><strong style=\"font-style: inherit; background-color: rgba(0, 0, 0, 0);\">estil personal<\/strong><span style=\"font-style: inherit; font-weight: inherit; background-color: rgba(0, 0, 0, 0);\"> i realci la seva <\/span><strong style=\"font-style: inherit; background-color: rgba(0, 0, 0, 0);\">feminitat<\/strong><span style=\"font-style: inherit; font-weight: inherit; background-color: rgba(0, 0, 0, 0);\">. Des de la selecci\u00f3 de <\/span><strong style=\"font-style: inherit; background-color: rgba(0, 0, 0, 0);\">teles exquisides<\/strong><span style=\"font-style: inherit; font-weight: inherit; background-color: rgba(0, 0, 0, 0);\"> fins a <\/span><strong style=\"font-style: inherit; background-color: rgba(0, 0, 0, 0);\">la confecci\u00f3 dels detalls<\/strong><span style=\"font-style: inherit; font-weight: inherit; background-color: rgba(0, 0, 0, 0);\"> m\u00e9s minuciosos, cada pas es porta a terme amb cura i precisi\u00f3.<\/span><\/p><p><span style=\"font-style: inherit; font-weight: inherit; background-color: rgba(0, 0, 0, 0);\">Escollir<\/span><strong style=\"font-style: inherit; background-color: rgba(0, 0, 0, 0);\">un disseny de festa fet a mida<\/strong><span style=\"font-style: inherit; font-weight: inherit; background-color: rgba(0, 0, 0, 0);\"> del <\/span><strong style=\"font-style: inherit; background-color: rgba(0, 0, 0, 0);\">atelier d&#8217;Esther Noriega<\/strong><span style=\"font-style: inherit; font-weight: inherit; background-color: rgba(0, 0, 0, 0);\">, significa tenir la llibertat de <\/span><strong style=\"font-style: inherit; background-color: rgba(0, 0, 0, 0);\">personalitzar cada aspecte del vestit<\/strong><span style=\"font-style: inherit; font-weight: inherit; background-color: rgba(0, 0, 0, 0);\">, comptant amb el &lt; strong&gt;assessorament personalitzat de la dissenyadora i el vostre equip. D&#8217;aquesta manera, cada vestit s&#8217;ajusta perfectament a les mides i gustos de cada dona. Cada costura, cada plec, cada detall es fan gaireb\u00e9 de manera escult\u00f2rica per real\u00e7ar la feminitat de la figura de la clienta.<\/span><\/p><p><span style=\"font-style: inherit; font-weight: inherit; background-color: rgba(0, 0, 0, 0);\">Assistir a un <\/span><strong style=\"font-style: inherit; background-color: rgba(0, 0, 0, 0);\">esdeveniment amb un vestit fet a mida<\/strong><span style=\"font-style: inherit; font-weight: inherit; background-color: rgba(0, 0, 0, 0);\"> per Esther Noriega \u00e9s fer d&#8217;un somni una realitat inoblidable.<\/span><\/p>\t\t\t\t\t\t<\/div>\n\t\t\t\t<\/div>\n\t\t\t\t<div class=\"elementor-element elementor-element-3b4d7d6 elementor-align-center elementor-widget elementor-widget-button\" data-id=\"3b4d7d6\" data-element_type=\"widget\" data-widget_type=\"button.default\">\n\t\t\t\t<div class=\"elementor-widget-container\">\n\t\t\t\t\t<div class=\"elementor-button-wrapper\">\n\t\t\t<a class=\"elementor-button elementor-button-link elementor-size-sm\" href=\"\/ca\/atelier-cat\/\">\n\t\t\t\t\t\t<span class=\"elementor-button-content-wrapper\">\n\t\t\t\t\t\t\t\t\t<span class=\"elementor-button-text\">Veure col\u00b7lecci\u00f3<\/span>\n\t\t\t\t\t<\/span>\n\t\t\t\t\t<\/a>\n\t\t<\/div>\n\t\t\t\t<\/div>\n\t\t\t\t<\/div>\n\t\t\t\t\t<\/div>\n\t\t<\/div>\n\t\t\t\t\t<\/div>\n\t\t<\/section>\n\t\t\t\t<\/div>\n\t\t","protected":false},"excerpt":{"rendered":"<p>Col\u00b7leccions d&#8217;Esther Noriega Esther Noriega crea col\u00b7leccions intemporals de vestits de festa, padrina i convidades. Les seves clientes destaquen per ser dones amb un sentit est\u00e8tic marcat orientat a l&#8217;eleg\u00e0ncia, sense renunciar a la sofisticaci\u00f3 dels elements imprescindibles d&#8217;un vestit d&#8217;etiqueta. Les col\u00b7leccions d&#8217;Esther Noriega surten al mercat en unitats limitades per mantenir l&#8217;elevat est\u00e0ndard &hellip;<\/p>\n<p class=\"read-more\"> <a class=\"\" href=\"https:\/\/esthernoriega.es\/ca\/col%c2%b7leccions\/\"> <span class=\"screen-reader-text\">Col\u00b7leccions<\/span> Llegeix m\u00e9s &raquo;<\/a><\/p>\n","protected":false},"author":2,"featured_media":0,"parent":0,"menu_order":0,"comment_status":"closed","ping_status":"closed","template":"","meta":{"_eb_attr":"","_monsterinsights_skip_tracking":false,"_monsterinsights_sitenote_active":false,"_monsterinsights_sitenote_note":"","_monsterinsights_sitenote_category":0,"site-sidebar-layout":"no-sidebar","site-content-layout":"page-builder","ast-site-content-layout":"","site-content-style":"default","site-sidebar-style":"default","ast-global-header-display":"","ast-banner-title-visibility":"","ast-main-header-display":"","ast-hfb-above-header-display":"","ast-hfb-below-header-display":"","ast-hfb-mobile-header-display":"","site-post-title":"disabled","ast-breadcrumbs-content":"","ast-featured-img":"disabled","footer-sml-layout":"","theme-transparent-header-meta":"default","adv-header-id-meta":"","stick-header-meta":"","header-above-stick-meta":"","header-main-stick-meta":"","header-below-stick-meta":"","astra-migrate-meta-layouts":"","ast-page-background-enabled":"default","ast-page-background-meta":{"desktop":{"background-color":"","background-image":"","background-repeat":"repeat","background-position":"center center","background-size":"auto","background-attachment":"scroll","background-type":"","background-media":"","overlay-type":"","overlay-color":"","overlay-gradient":""},"tablet":{"background-color":"","background-image":"","background-repeat":"repeat","background-position":"center center","background-size":"auto","background-attachment":"scroll","background-type":"","background-media":"","overlay-type":"","overlay-color":"","overlay-gradient":""},"mobile":{"background-color":"","background-image":"","background-repeat":"repeat","background-position":"center center","background-size":"auto","background-attachment":"scroll","background-type":"","background-media":"","overlay-type":"","overlay-color":"","overlay-gradient":""}},"ast-content-background-meta":{"desktop":{"background-color":"var(--ast-global-color-5)","background-image":"","background-repeat":"repeat","background-position":"center center","background-size":"auto","background-attachment":"scroll","background-type":"","background-media":"","overlay-type":"","overlay-color":"","overlay-gradient":""},"tablet":{"background-color":"var(--ast-global-color-5)","background-image":"","background-repeat":"repeat","background-position":"center center","background-size":"auto","background-attachment":"scroll","background-type":"","background-media":"","overlay-type":"","overlay-color":"","overlay-gradient":""},"mobile":{"background-color":"var(--ast-global-color-5)","background-image":"","background-repeat":"repeat","background-position":"center center","background-size":"auto","background-attachment":"scroll","background-type":"","background-media":"","overlay-type":"","overlay-color":"","overlay-gradient":""}},"footnotes":""},"_links":{"self":[{"href":"https:\/\/esthernoriega.es\/ca\/wp-json\/wp\/v2\/pages\/33422\/"}],"collection":[{"href":"https:\/\/esthernoriega.es\/ca\/wp-json\/wp\/v2\/pages\/"}],"about":[{"href":"https:\/\/esthernoriega.es\/ca\/wp-json\/wp\/v2\/types\/page\/"}],"author":[{"embeddable":true,"href":"https:\/\/esthernoriega.es\/ca\/wp-json\/wp\/v2\/users\/2\/"}],"replies":[{"embeddable":true,"href":"https:\/\/esthernoriega.es\/ca\/wp-json\/wp\/v2\/comments\/?post=33422"}],"version-history":[{"count":13,"href":"https:\/\/esthernoriega.es\/ca\/wp-json\/wp\/v2\/pages\/33422\/revisions\/"}],"predecessor-version":[{"id":38179,"href":"https:\/\/esthernoriega.es\/ca\/wp-json\/wp\/v2\/pages\/33422\/revisions\/38179\/"}],"wp:attachment":[{"href":"https:\/\/esthernoriega.es\/ca\/wp-json\/wp\/v2\/media\/?parent=33422"}],"curies":[{"name":"wp","href":"https:\/\/api.w.org\/{rel}","templated":true}]}}