{"id":33428,"date":"2021-04-07T07:18:50","date_gmt":"2021-04-07T07:18:50","guid":{"rendered":"https:\/\/esthernoriega.es\/?page_id=33428"},"modified":"2025-01-25T18:30:56","modified_gmt":"2025-01-25T18:30:56","slug":"festa","status":"publish","type":"page","link":"https:\/\/esthernoriega.es\/ca\/festa\/","title":{"rendered":"Festa"},"content":{"rendered":"\t\t<div data-elementor-type=\"wp-page\" data-elementor-id=\"33428\" class=\"elementor elementor-33428\" data-elementor-post-type=\"page\">\n\t\t\t\t\t\t<section class=\"elementor-section elementor-top-section elementor-element elementor-element-26ff933 elementor-section-height-min-height elementor-section-content-middle elementor-section-full_width elementor-section-height-default elementor-section-items-middle\" data-id=\"26ff933\" data-element_type=\"section\" data-settings=\"{&quot;background_background&quot;:&quot;classic&quot;}\">\n\t\t\t\t\t\t\t<div class=\"elementor-background-overlay\"><\/div>\n\t\t\t\t\t\t\t<div class=\"elementor-container elementor-column-gap-default\">\n\t\t\t\t\t<div class=\"elementor-column elementor-col-100 elementor-top-column elementor-element elementor-element-3d1fc54\" data-id=\"3d1fc54\" data-element_type=\"column\">\n\t\t\t<div class=\"elementor-widget-wrap elementor-element-populated\">\n\t\t\t\t\t\t<div class=\"elementor-element elementor-element-7770b0d elementor-widget elementor-widget-heading\" data-id=\"7770b0d\" data-element_type=\"widget\" data-widget_type=\"heading.default\">\n\t\t\t\t<div class=\"elementor-widget-container\">\n\t\t\t<h1 class=\"elementor-heading-title elementor-size-default\">Col\u00b7leccions de vestits de festa<\/h1>\t\t<\/div>\n\t\t\t\t<\/div>\n\t\t\t\t\t<\/div>\n\t\t<\/div>\n\t\t\t\t\t<\/div>\n\t\t<\/section>\n\t\t\t\t<section class=\"elementor-section elementor-top-section elementor-element elementor-element-f70f5fc elementor-section-boxed elementor-section-height-default elementor-section-height-default\" data-id=\"f70f5fc\" data-element_type=\"section\">\n\t\t\t\t\t\t<div class=\"elementor-container elementor-column-gap-default\">\n\t\t\t\t\t<div class=\"elementor-column elementor-col-100 elementor-top-column elementor-element elementor-element-c6fd4ea\" data-id=\"c6fd4ea\" data-element_type=\"column\">\n\t\t\t<div class=\"elementor-widget-wrap elementor-element-populated\">\n\t\t\t\t\t\t<div class=\"elementor-element elementor-element-4fbcb4f elementor-widget elementor-widget-heading\" data-id=\"4fbcb4f\" data-element_type=\"widget\" data-widget_type=\"heading.default\">\n\t\t\t\t<div class=\"elementor-widget-container\">\n\t\t\t<h2 class=\"elementor-heading-title elementor-size-large\">Vestits de festa<\/h2>\t\t<\/div>\n\t\t\t\t<\/div>\n\t\t\t\t<div class=\"elementor-element elementor-element-d4c640b elementor-widget elementor-widget-text-editor\" data-id=\"d4c640b\" data-element_type=\"widget\" data-widget_type=\"text-editor.default\">\n\t\t\t\t<div class=\"elementor-widget-container\">\n\t\t\t\t\t\t\t<p style=\"text-align: center;\">Les nostres col\u00b7leccions de festa estan pensades en dones com tu, empoderades, segures i propiet\u00e0ries de la seva feminitat.<\/p>\t\t\t\t\t\t<\/div>\n\t\t\t\t<\/div>\n\t\t\t\t\t<\/div>\n\t\t<\/div>\n\t\t\t\t\t<\/div>\n\t\t<\/section>\n\t\t\t\t<section class=\"elementor-section elementor-top-section elementor-element elementor-element-46c4268 elementor-section-boxed elementor-section-height-default elementor-section-height-default\" data-id=\"46c4268\" data-element_type=\"section\">\n\t\t\t\t\t\t<div class=\"elementor-container elementor-column-gap-default\">\n\t\t\t\t\t<div class=\"elementor-column elementor-col-25 elementor-top-column elementor-element elementor-element-e754917\" data-id=\"e754917\" data-element_type=\"column\">\n\t\t\t<div class=\"elementor-widget-wrap elementor-element-populated\">\n\t\t\t\t\t\t<div class=\"elementor-element elementor-element-aa4cd45 elementor-widget elementor-widget-image\" data-id=\"aa4cd45\" data-element_type=\"widget\" data-widget_type=\"image.default\">\n\t\t\t\t<div class=\"elementor-widget-container\">\n\t\t\t\t\t\t\t\t\t\t\t\t\t\t<a href=\"\/ca\/awen-collection\/\">\n\t\t\t\t\t\t\t<img fetchpriority=\"high\" decoding=\"async\" width=\"683\" height=\"1024\" src=\"https:\/\/esthernoriega.es\/wp-content\/uploads\/2025\/01\/Esther-Noriega-Portada-coleccion-1000-x-1500-px-1-683x1024.jpg\" class=\"elementor-animation-shrink attachment-large size-large wp-image-39772\" alt=\"\" srcset=\"https:\/\/esthernoriega.es\/wp-content\/uploads\/2025\/01\/Esther-Noriega-Portada-coleccion-1000-x-1500-px-1-683x1024.jpg 683w, https:\/\/esthernoriega.es\/wp-content\/uploads\/2025\/01\/Esther-Noriega-Portada-coleccion-1000-x-1500-px-1-200x300.jpg 200w, https:\/\/esthernoriega.es\/wp-content\/uploads\/2025\/01\/Esther-Noriega-Portada-coleccion-1000-x-1500-px-1-768x1152.jpg 768w, https:\/\/esthernoriega.es\/wp-content\/uploads\/2025\/01\/Esther-Noriega-Portada-coleccion-1000-x-1500-px-1.jpg 1000w\" sizes=\"(max-width: 683px) 100vw, 683px\" \/>\t\t\t\t\t\t\t\t<\/a>\n\t\t\t\t\t\t\t\t\t\t\t\t\t<\/div>\n\t\t\t\t<\/div>\n\t\t\t\t<div class=\"elementor-element elementor-element-c145d24 elementor-widget elementor-widget-heading\" data-id=\"c145d24\" data-element_type=\"widget\" data-widget_type=\"heading.default\">\n\t\t\t\t<div class=\"elementor-widget-container\">\n\t\t\t<h2 class=\"elementor-heading-title elementor-size-default\"><a href=\"https:\/\/esthernoriega.es\/ca\/awen-collection\/\">Awen<\/a><\/h2>\t\t<\/div>\n\t\t\t\t<\/div>\n\t\t\t\t\t<\/div>\n\t\t<\/div>\n\t\t\t\t<div class=\"elementor-column elementor-col-25 elementor-top-column elementor-element elementor-element-e382a25\" data-id=\"e382a25\" data-element_type=\"column\">\n\t\t\t<div class=\"elementor-widget-wrap elementor-element-populated\">\n\t\t\t\t\t\t<div class=\"elementor-element elementor-element-dada327 elementor-widget elementor-widget-image\" data-id=\"dada327\" data-element_type=\"widget\" data-widget_type=\"image.default\">\n\t\t\t\t<div class=\"elementor-widget-container\">\n\t\t\t\t\t\t\t\t\t\t\t\t\t\t<a href=\"\/ca\/coleccio-omnia\/\">\n\t\t\t\t\t\t\t<img decoding=\"async\" width=\"683\" height=\"1024\" src=\"https:\/\/esthernoriega.es\/wp-content\/uploads\/2024\/01\/OMNIA-Esther-Noriega-683x1024.jpg\" class=\"elementor-animation-shrink attachment-large size-large wp-image-38714\" alt=\"\" srcset=\"https:\/\/esthernoriega.es\/wp-content\/uploads\/2024\/01\/OMNIA-Esther-Noriega-683x1024.jpg 683w, https:\/\/esthernoriega.es\/wp-content\/uploads\/2024\/01\/OMNIA-Esther-Noriega-200x300.jpg 200w, https:\/\/esthernoriega.es\/wp-content\/uploads\/2024\/01\/OMNIA-Esther-Noriega-768x1152.jpg 768w, https:\/\/esthernoriega.es\/wp-content\/uploads\/2024\/01\/OMNIA-Esther-Noriega.jpg 1000w\" sizes=\"(max-width: 683px) 100vw, 683px\" \/>\t\t\t\t\t\t\t\t<\/a>\n\t\t\t\t\t\t\t\t\t\t\t\t\t<\/div>\n\t\t\t\t<\/div>\n\t\t\t\t<div class=\"elementor-element elementor-element-3f793e2 elementor-widget elementor-widget-heading\" data-id=\"3f793e2\" data-element_type=\"widget\" data-widget_type=\"heading.default\">\n\t\t\t\t<div class=\"elementor-widget-container\">\n\t\t\t<h2 class=\"elementor-heading-title elementor-size-default\"><a href=\"https:\/\/esthernoriega.es\/ca\/coleccio-omnia\/\">Omnia<\/a><\/h2>\t\t<\/div>\n\t\t\t\t<\/div>\n\t\t\t\t\t<\/div>\n\t\t<\/div>\n\t\t\t\t<div class=\"elementor-column elementor-col-25 elementor-top-column elementor-element elementor-element-1897df8\" data-id=\"1897df8\" data-element_type=\"column\">\n\t\t\t<div class=\"elementor-widget-wrap elementor-element-populated\">\n\t\t\t\t\t\t<div class=\"elementor-element elementor-element-aa0204f elementor-widget elementor-widget-image\" data-id=\"aa0204f\" data-element_type=\"widget\" data-widget_type=\"image.default\">\n\t\t\t\t<div class=\"elementor-widget-container\">\n\t\t\t\t\t\t\t\t\t\t\t\t\t\t<a href=\"\/ca\/crisalida-col\u00b7leccio\/\">\n\t\t\t\t\t\t\t<img decoding=\"async\" width=\"683\" height=\"1024\" src=\"https:\/\/esthernoriega.es\/wp-content\/uploads\/2022\/11\/ESTHER-NORIEGA-CRISALIDA-3-683x1024.jpg\" class=\"elementor-animation-shrink attachment-large size-large wp-image-35845\" alt=\"\" srcset=\"https:\/\/esthernoriega.es\/wp-content\/uploads\/2022\/11\/ESTHER-NORIEGA-CRISALIDA-3-683x1024.jpg 683w, https:\/\/esthernoriega.es\/wp-content\/uploads\/2022\/11\/ESTHER-NORIEGA-CRISALIDA-3-200x300.jpg 200w, https:\/\/esthernoriega.es\/wp-content\/uploads\/2022\/11\/ESTHER-NORIEGA-CRISALIDA-3-768x1152.jpg 768w, https:\/\/esthernoriega.es\/wp-content\/uploads\/2022\/11\/ESTHER-NORIEGA-CRISALIDA-3-1024x1536.jpg 1024w, https:\/\/esthernoriega.es\/wp-content\/uploads\/2022\/11\/ESTHER-NORIEGA-CRISALIDA-3-1000x1500.jpg 1000w, https:\/\/esthernoriega.es\/wp-content\/uploads\/2022\/11\/ESTHER-NORIEGA-CRISALIDA-3.jpg 1099w\" sizes=\"(max-width: 683px) 100vw, 683px\" \/>\t\t\t\t\t\t\t\t<\/a>\n\t\t\t\t\t\t\t\t\t\t\t\t\t<\/div>\n\t\t\t\t<\/div>\n\t\t\t\t<div class=\"elementor-element elementor-element-0693291 elementor-widget elementor-widget-heading\" data-id=\"0693291\" data-element_type=\"widget\" data-widget_type=\"heading.default\">\n\t\t\t\t<div class=\"elementor-widget-container\">\n\t\t\t<h2 class=\"elementor-heading-title elementor-size-default\"><a href=\"https:\/\/esthernoriega.es\/ca\/crisalida-col\u00b7leccio\/\">Cris\u00e1lida<\/a><\/h2>\t\t<\/div>\n\t\t\t\t<\/div>\n\t\t\t\t\t<\/div>\n\t\t<\/div>\n\t\t\t\t<div class=\"elementor-column elementor-col-25 elementor-top-column elementor-element elementor-element-d97e240\" data-id=\"d97e240\" data-element_type=\"column\">\n\t\t\t<div class=\"elementor-widget-wrap elementor-element-populated\">\n\t\t\t\t\t\t<div class=\"elementor-element elementor-element-e90a238 elementor-widget elementor-widget-image\" data-id=\"e90a238\" data-element_type=\"widget\" data-widget_type=\"image.default\">\n\t\t\t\t<div class=\"elementor-widget-container\">\n\t\t\t\t\t\t\t\t\t\t\t\t\t\t<a href=\"\/ca\/colleccio-eterea\/\">\n\t\t\t\t\t\t\t<img loading=\"lazy\" decoding=\"async\" width=\"683\" height=\"1024\" src=\"https:\/\/esthernoriega.es\/wp-content\/uploads\/2022\/11\/ESTHER-NORIEGA_007-683x1024.jpg\" class=\"elementor-animation-shrink attachment-large size-large wp-image-35853\" alt=\"\" srcset=\"https:\/\/esthernoriega.es\/wp-content\/uploads\/2022\/11\/ESTHER-NORIEGA_007-683x1024.jpg 683w, https:\/\/esthernoriega.es\/wp-content\/uploads\/2022\/11\/ESTHER-NORIEGA_007-200x300.jpg 200w, https:\/\/esthernoriega.es\/wp-content\/uploads\/2022\/11\/ESTHER-NORIEGA_007-768x1152.jpg 768w, https:\/\/esthernoriega.es\/wp-content\/uploads\/2022\/11\/ESTHER-NORIEGA_007.jpg 1000w\" sizes=\"(max-width: 683px) 100vw, 683px\" \/>\t\t\t\t\t\t\t\t<\/a>\n\t\t\t\t\t\t\t\t\t\t\t\t\t<\/div>\n\t\t\t\t<\/div>\n\t\t\t\t<div class=\"elementor-element elementor-element-3133ac6 elementor-widget elementor-widget-heading\" data-id=\"3133ac6\" data-element_type=\"widget\" data-widget_type=\"heading.default\">\n\t\t\t\t<div class=\"elementor-widget-container\">\n\t\t\t<h2 class=\"elementor-heading-title elementor-size-default\"><a href=\"https:\/\/esthernoriega.es\/ca\/colleccio-eterea\/\">Et\u00e9rea<\/a><\/h2>\t\t<\/div>\n\t\t\t\t<\/div>\n\t\t\t\t\t<\/div>\n\t\t<\/div>\n\t\t\t\t\t<\/div>\n\t\t<\/section>\n\t\t\t\t<section class=\"elementor-section elementor-top-section elementor-element elementor-element-77275f1 elementor-section-boxed elementor-section-height-default elementor-section-height-default\" data-id=\"77275f1\" data-element_type=\"section\">\n\t\t\t\t\t\t<div class=\"elementor-container elementor-column-gap-default\">\n\t\t\t\t\t<div class=\"elementor-column elementor-col-100 elementor-top-column elementor-element elementor-element-d487eab\" data-id=\"d487eab\" data-element_type=\"column\">\n\t\t\t<div class=\"elementor-widget-wrap elementor-element-populated\">\n\t\t\t\t\t\t<div class=\"elementor-element elementor-element-af75f21 elementor-widget elementor-widget-text-editor\" data-id=\"af75f21\" data-element_type=\"widget\" data-widget_type=\"text-editor.default\">\n\t\t\t\t<div class=\"elementor-widget-container\">\n\t\t\t\t\t\t\t<p style=\"text-align: center;\">Les nostres col\u00b7leccions de festa estan disponibles a punts de venda a nivell nacional i internacional.<\/p><p style=\"text-align: center;\">Per comprar vestits de col\u00b7lecci\u00f3 contacta amb nosaltres.<\/p>\t\t\t\t\t\t<\/div>\n\t\t\t\t<\/div>\n\t\t\t\t<section class=\"elementor-section elementor-inner-section elementor-element elementor-element-0d34a6e elementor-section-boxed elementor-section-height-default elementor-section-height-default\" data-id=\"0d34a6e\" data-element_type=\"section\">\n\t\t\t\t\t\t<div class=\"elementor-container elementor-column-gap-default\">\n\t\t\t\t\t<div class=\"elementor-column elementor-col-50 elementor-inner-column elementor-element elementor-element-3fc9b13\" data-id=\"3fc9b13\" data-element_type=\"column\">\n\t\t\t<div class=\"elementor-widget-wrap elementor-element-populated\">\n\t\t\t\t\t\t<div class=\"elementor-element elementor-element-303f660 elementor-align-center elementor-widget elementor-widget-button\" data-id=\"303f660\" data-element_type=\"widget\" data-widget_type=\"button.default\">\n\t\t\t\t<div class=\"elementor-widget-container\">\n\t\t\t\t\t<div class=\"elementor-button-wrapper\">\n\t\t\t<a class=\"elementor-button elementor-button-link elementor-size-md\" href=\"tel:639788233\">\n\t\t\t\t\t\t<span class=\"elementor-button-content-wrapper\">\n\t\t\t\t\t\t<span class=\"elementor-button-icon elementor-align-icon-left\">\n\t\t\t\t<i aria-hidden=\"true\" class=\"fas fa-phone-alt\"><\/i>\t\t\t<\/span>\n\t\t\t\t\t\t\t\t\t<span class=\"elementor-button-text\">639 788 233<\/span>\n\t\t\t\t\t<\/span>\n\t\t\t\t\t<\/a>\n\t\t<\/div>\n\t\t\t\t<\/div>\n\t\t\t\t<\/div>\n\t\t\t\t\t<\/div>\n\t\t<\/div>\n\t\t\t\t<div class=\"elementor-column elementor-col-50 elementor-inner-column elementor-element elementor-element-125d123\" data-id=\"125d123\" data-element_type=\"column\">\n\t\t\t<div class=\"elementor-widget-wrap elementor-element-populated\">\n\t\t\t\t\t\t<div class=\"elementor-element elementor-element-c2daefc elementor-align-center elementor-widget elementor-widget-button\" data-id=\"c2daefc\" data-element_type=\"widget\" data-widget_type=\"button.default\">\n\t\t\t\t<div class=\"elementor-widget-container\">\n\t\t\t\t\t<div class=\"elementor-button-wrapper\">\n\t\t\t<a class=\"elementor-button elementor-button-link elementor-size-md\" href=\"mailto:info@esthernoriega.es\">\n\t\t\t\t\t\t<span class=\"elementor-button-content-wrapper\">\n\t\t\t\t\t\t<span class=\"elementor-button-icon elementor-align-icon-left\">\n\t\t\t\t<i aria-hidden=\"true\" class=\"far fa-envelope\"><\/i>\t\t\t<\/span>\n\t\t\t\t\t\t\t\t\t<span class=\"elementor-button-text\">info@esthernoriega.es<\/span>\n\t\t\t\t\t<\/span>\n\t\t\t\t\t<\/a>\n\t\t<\/div>\n\t\t\t\t<\/div>\n\t\t\t\t<\/div>\n\t\t\t\t\t<\/div>\n\t\t<\/div>\n\t\t\t\t\t<\/div>\n\t\t<\/section>\n\t\t\t\t\t<\/div>\n\t\t<\/div>\n\t\t\t\t\t<\/div>\n\t\t<\/section>\n\t\t\t\t<\/div>\n\t\t","protected":false},"excerpt":{"rendered":"<p>Col\u00b7leccions de vestits de festa Vestits de festa Les nostres col\u00b7leccions de festa estan pensades en dones com tu, empoderades, segures i propiet\u00e0ries de la seva feminitat. Awen Omnia Cris\u00e1lida Et\u00e9rea Les nostres col\u00b7leccions de festa estan disponibles a punts de venda a nivell nacional i internacional. Per comprar vestits de col\u00b7lecci\u00f3 contacta amb nosaltres. &hellip;<\/p>\n<p class=\"read-more\"> <a class=\"\" href=\"https:\/\/esthernoriega.es\/ca\/festa\/\"> <span class=\"screen-reader-text\">Festa<\/span> Llegeix m\u00e9s &raquo;<\/a><\/p>\n","protected":false},"author":2,"featured_media":38757,"parent":0,"menu_order":0,"comment_status":"closed","ping_status":"closed","template":"","meta":{"_eb_attr":"","_monsterinsights_skip_tracking":false,"_monsterinsights_sitenote_active":false,"_monsterinsights_sitenote_note":"","_monsterinsights_sitenote_category":0,"site-sidebar-layout":"no-sidebar","site-content-layout":"page-builder","ast-site-content-layout":"","site-content-style":"default","site-sidebar-style":"default","ast-global-header-display":"","ast-banner-title-visibility":"","ast-main-header-display":"","ast-hfb-above-header-display":"","ast-hfb-below-header-display":"","ast-hfb-mobile-header-display":"","site-post-title":"disabled","ast-breadcrumbs-content":"","ast-featured-img":"","footer-sml-layout":"","theme-transparent-header-meta":"default","adv-header-id-meta":"","stick-header-meta":"","header-above-stick-meta":"","header-main-stick-meta":"","header-below-stick-meta":"","astra-migrate-meta-layouts":"","ast-page-background-enabled":"default","ast-page-background-meta":{"desktop":{"background-color":"","background-image":"","background-repeat":"repeat","background-position":"center center","background-size":"auto","background-attachment":"scroll","background-type":"","background-media":"","overlay-type":"","overlay-color":"","overlay-gradient":""},"tablet":{"background-color":"","background-image":"","background-repeat":"repeat","background-position":"center center","background-size":"auto","background-attachment":"scroll","background-type":"","background-media":"","overlay-type":"","overlay-color":"","overlay-gradient":""},"mobile":{"background-color":"","background-image":"","background-repeat":"repeat","background-position":"center center","background-size":"auto","background-attachment":"scroll","background-type":"","background-media":"","overlay-type":"","overlay-color":"","overlay-gradient":""}},"ast-content-background-meta":{"desktop":{"background-color":"var(--ast-global-color-5)","background-image":"","background-repeat":"repeat","background-position":"center center","background-size":"auto","background-attachment":"scroll","background-type":"","background-media":"","overlay-type":"","overlay-color":"","overlay-gradient":""},"tablet":{"background-color":"var(--ast-global-color-5)","background-image":"","background-repeat":"repeat","background-position":"center center","background-size":"auto","background-attachment":"scroll","background-type":"","background-media":"","overlay-type":"","overlay-color":"","overlay-gradient":""},"mobile":{"background-color":"var(--ast-global-color-5)","background-image":"","background-repeat":"repeat","background-position":"center center","background-size":"auto","background-attachment":"scroll","background-type":"","background-media":"","overlay-type":"","overlay-color":"","overlay-gradient":""}},"footnotes":""},"_links":{"self":[{"href":"https:\/\/esthernoriega.es\/ca\/wp-json\/wp\/v2\/pages\/33428\/"}],"collection":[{"href":"https:\/\/esthernoriega.es\/ca\/wp-json\/wp\/v2\/pages\/"}],"about":[{"href":"https:\/\/esthernoriega.es\/ca\/wp-json\/wp\/v2\/types\/page\/"}],"author":[{"embeddable":true,"href":"https:\/\/esthernoriega.es\/ca\/wp-json\/wp\/v2\/users\/2\/"}],"replies":[{"embeddable":true,"href":"https:\/\/esthernoriega.es\/ca\/wp-json\/wp\/v2\/comments\/?post=33428"}],"version-history":[{"count":25,"href":"https:\/\/esthernoriega.es\/ca\/wp-json\/wp\/v2\/pages\/33428\/revisions\/"}],"predecessor-version":[{"id":39777,"href":"https:\/\/esthernoriega.es\/ca\/wp-json\/wp\/v2\/pages\/33428\/revisions\/39777\/"}],"wp:featuredmedia":[{"embeddable":true,"href":"https:\/\/esthernoriega.es\/ca\/wp-json\/wp\/v2\/media\/38757\/"}],"wp:attachment":[{"href":"https:\/\/esthernoriega.es\/ca\/wp-json\/wp\/v2\/media\/?parent=33428"}],"curies":[{"name":"wp","href":"https:\/\/api.w.org\/{rel}","templated":true}]}}