{"id":33438,"date":"2021-04-07T07:27:17","date_gmt":"2021-04-07T07:27:17","guid":{"rendered":"https:\/\/esthernoriega.es\/?page_id=33438"},"modified":"2021-11-08T01:45:25","modified_gmt":"2021-11-08T01:45:25","slug":"marca-2","status":"publish","type":"page","link":"https:\/\/esthernoriega.es\/ca\/marca-2\/","title":{"rendered":"Marca"},"content":{"rendered":"\t\t<div data-elementor-type=\"wp-page\" data-elementor-id=\"33438\" class=\"elementor elementor-33438\" data-elementor-post-type=\"page\">\n\t\t\t\t\t\t<section class=\"elementor-section elementor-top-section elementor-element elementor-element-615dfc7a elementor-section-content-middle elementor-section-boxed elementor-section-height-default elementor-section-height-default\" data-id=\"615dfc7a\" data-element_type=\"section\" data-settings=\"{&quot;background_background&quot;:&quot;classic&quot;}\">\n\t\t\t\t\t\t\t<div class=\"elementor-background-overlay\"><\/div>\n\t\t\t\t\t\t\t<div class=\"elementor-container elementor-column-gap-no\">\n\t\t\t\t\t<div class=\"elementor-column elementor-col-100 elementor-top-column elementor-element elementor-element-6082720\" data-id=\"6082720\" data-element_type=\"column\">\n\t\t\t<div class=\"elementor-widget-wrap elementor-element-populated\">\n\t\t\t\t\t\t<div class=\"elementor-element elementor-element-3d882ceb elementor-widget elementor-widget-heading\" data-id=\"3d882ceb\" data-element_type=\"widget\" id=\"MARCA\" data-widget_type=\"heading.default\">\n\t\t\t\t<div class=\"elementor-widget-container\">\n\t\t\t<h4 class=\"elementor-heading-title elementor-size-default\">LA MARCA<\/h4>\t\t<\/div>\n\t\t\t\t<\/div>\n\t\t\t\t<div class=\"elementor-element elementor-element-550fd20e elementor-widget__width-initial elementor-widget elementor-widget-text-editor\" data-id=\"550fd20e\" data-element_type=\"widget\" data-widget_type=\"text-editor.default\">\n\t\t\t\t<div class=\"elementor-widget-container\">\n\t\t\t\t\t\t\t<p>Esther Noriega \u00e9s un nom espanyol associat a l&#8217;alta costura, a vestits de n\u00favia de somni, a celebritats, a un univers \u00fanic i irrepetible que ja s&#8217;ha guanyat el respecte i l&#8217;atenci\u00f3 de propis i estranys.<br \/><br \/>El que alguna vegada va ser un somni per a la dissenyadora, en 2005 va fer els seus primers passos per a convertir-se en una realitat. Va tenir els seus inicis a Valladolid, la ciutat on actualment encara es realitzen moltes de les peces a mesura sol\u00b7licitades per les clientes.<br \/><br \/>L&#8217;esfor\u00e7, el comprom\u00eds, la dedicaci\u00f3 i la creativitat s\u00f3n valors que acompanyen a la marca des dels seus inicis, la qual cosa ha fet que guanyar-se un lloc en el m\u00f3n de la moda sigui una cosa merescuda per m\u00e8rit propi.<br \/><br \/>Les presentacions de les seves col\u00b7leccions en setmanes de la moda Madrilenyes han deixat en evid\u00e8ncia la dedicaci\u00f3 que hi ha darrere de cadascuna de les peces de festa i alta costura. Les seves col\u00b7leccions de n\u00favia en passarel\u00b7les com Valmont Barcelona Bridal Fashion Week han obert fronteres per a Esther Noriega BridalCoture, permetent-li a la marca poder portar les seves col\u00b7leccions al mercat asi\u00e0tic.<br \/><br \/>Esther Noriega acompanyada d&#8217;un gran equip, t\u00e9 el comprom\u00eds envers cadascuna de les seves clientes, posant especial atenci\u00f3 a cadascun dels detalls, al proc\u00e9s creatiu de cada vestit, passant des de l&#8217;elecci\u00f3 del t\u00e8xtil fins als \u00faltims retocs, aconseguint aix\u00ed la pe\u00e7a perfecta per a cadascuna d&#8217;elles.<br \/><br \/>Adaptant-se i reinventant-se a trav\u00e9s del temps sense deixar de costat la seva ess\u00e8ncia, la marca a m\u00e9s d&#8217;especialitzar-se en l&#8217;alta costura, en vestits de festa i n\u00favia a mesura, tamb\u00e9 compta amb una l\u00ednia ready to wear, dirigida a la dona moderna i empoderada que vol sentir-se c\u00f2moda i estilosa.<br \/><br \/>Un nom, una marca que ha sabut conquistar no sols el seu pa\u00eds sin\u00f3 que avui traspassa fronteres per a conquistar mercats estrangers amb empremta i estil.<\/p>\t\t\t\t\t\t<\/div>\n\t\t\t\t<\/div>\n\t\t\t\t\t<\/div>\n\t\t<\/div>\n\t\t\t\t\t<\/div>\n\t\t<\/section>\n\t\t\t\t<section class=\"elementor-section elementor-top-section elementor-element elementor-element-7c4b5af elementor-section-full_width elementor-section-height-default elementor-section-height-default\" data-id=\"7c4b5af\" data-element_type=\"section\" data-settings=\"{&quot;background_background&quot;:&quot;video&quot;,&quot;background_video_link&quot;:&quot;https:\\\/\\\/www.youtube.com\\\/watch?v=W7nsworLASg&quot;,&quot;background_video_start&quot;:120,&quot;background_video_end&quot;:130,&quot;background_play_on_mobile&quot;:&quot;yes&quot;}\">\n\t\t\t\t\t\t\t\t<div class=\"elementor-background-video-container\">\n\t\t\t\t\t\t\t\t\t\t\t\t\t<div class=\"elementor-background-video-embed\"><\/div>\n\t\t\t\t\t\t\t\t\t\t\t\t<\/div>\n\t\t\t\t\t\t\t\t\t<div class=\"elementor-background-overlay\"><\/div>\n\t\t\t\t\t\t\t<div class=\"elementor-container elementor-column-gap-wide\">\n\t\t\t\t\t<div class=\"elementor-column elementor-col-100 elementor-top-column elementor-element elementor-element-506fd690\" data-id=\"506fd690\" data-element_type=\"column\">\n\t\t\t<div class=\"elementor-widget-wrap elementor-element-populated\">\n\t\t\t\t\t\t<div class=\"elementor-element elementor-element-92debb2 elementor-widget elementor-widget-heading\" data-id=\"92debb2\" data-element_type=\"widget\" data-widget_type=\"heading.default\">\n\t\t\t\t<div class=\"elementor-widget-container\">\n\t\t\t<h3 class=\"elementor-heading-title elementor-size-default\">La Dissenyadora darrere de la Marca<\/h3>\t\t<\/div>\n\t\t\t\t<\/div>\n\t\t\t\t<section class=\"elementor-section elementor-inner-section elementor-element elementor-element-4372defa elementor-section-content-middle elementor-section-boxed elementor-section-height-default elementor-section-height-default\" data-id=\"4372defa\" data-element_type=\"section\">\n\t\t\t\t\t\t<div class=\"elementor-container elementor-column-gap-default\">\n\t\t\t\t\t<div class=\"elementor-column elementor-col-50 elementor-inner-column elementor-element elementor-element-70ff9333\" data-id=\"70ff9333\" data-element_type=\"column\">\n\t\t\t<div class=\"elementor-widget-wrap elementor-element-populated\">\n\t\t\t\t\t\t<div class=\"elementor-element elementor-element-7133cee3 elementor-widget elementor-widget-text-editor\" data-id=\"7133cee3\" data-element_type=\"widget\" data-widget_type=\"text-editor.default\">\n\t\t\t\t<div class=\"elementor-widget-container\">\n\t\t\t\t\t\t\t<p>Nascuda a \u00c0vila, va passar la seva inf\u00e0ncia en La Costa Brava, Girona i la seva adolesc\u00e8ncia a Valladolid, des de petita la seva imaginaci\u00f3 i capacitat creativa li porten a tenir una clara vocaci\u00f3 pel disseny i la moda. Esther Noriega comen\u00e7a els seus estudis en aquest \u00e0mbit a Valladolid, traslladant-se posteriorment a Madrid i Barcelona, on completa la seva formaci\u00f3 en disseny i patronatge.<br \/><br \/>La seva manera d&#8217;entendre la moda com la uni\u00f3 de disseny i qualitat, li porta a ingressar en el taller de Petro Valverde, descobrint i posant en pr\u00e0ctica les qualitats de l&#8217;alta costura i col\u00b7laborant en l&#8217;organitzaci\u00f3 de les desfilades de n\u00favia m\u00e9s prestigiosos. Durant els anys posteriors va continuar la seva formaci\u00f3 pr\u00e0ctica treballant en signatures internacionals com a pron\u00favies o Amaya Arzuaga.<\/p>\t\t\t\t\t\t<\/div>\n\t\t\t\t<\/div>\n\t\t\t\t\t<\/div>\n\t\t<\/div>\n\t\t\t\t<div class=\"elementor-column elementor-col-50 elementor-inner-column elementor-element elementor-element-560e0ab7\" data-id=\"560e0ab7\" data-element_type=\"column\">\n\t\t\t<div class=\"elementor-widget-wrap elementor-element-populated\">\n\t\t\t\t\t\t<div class=\"elementor-element elementor-element-5b2ff58b elementor-widget elementor-widget-image\" data-id=\"5b2ff58b\" data-element_type=\"widget\" data-widget_type=\"image.default\">\n\t\t\t\t<div class=\"elementor-widget-container\">\n\t\t\t\t\t\t\t\t\t\t\t\t\t<img fetchpriority=\"high\" decoding=\"async\" width=\"1103\" height=\"1648\" src=\"https:\/\/esthernoriega.es\/wp-content\/uploads\/2021\/03\/ESTHER05-b.jpg\" class=\"attachment-full size-full wp-image-32373\" alt=\"\" srcset=\"https:\/\/esthernoriega.es\/wp-content\/uploads\/2021\/03\/ESTHER05-b.jpg 1103w, https:\/\/esthernoriega.es\/wp-content\/uploads\/2021\/03\/ESTHER05-b-1000x1494.jpg 1000w, https:\/\/esthernoriega.es\/wp-content\/uploads\/2021\/03\/ESTHER05-b-201x300.jpg 201w, https:\/\/esthernoriega.es\/wp-content\/uploads\/2021\/03\/ESTHER05-b-685x1024.jpg 685w, https:\/\/esthernoriega.es\/wp-content\/uploads\/2021\/03\/ESTHER05-b-768x1147.jpg 768w, https:\/\/esthernoriega.es\/wp-content\/uploads\/2021\/03\/ESTHER05-b-1028x1536.jpg 1028w\" sizes=\"(max-width: 1103px) 100vw, 1103px\" \/>\t\t\t\t\t\t\t\t\t\t\t\t\t<\/div>\n\t\t\t\t<\/div>\n\t\t\t\t\t<\/div>\n\t\t<\/div>\n\t\t\t\t\t<\/div>\n\t\t<\/section>\n\t\t\t\t\t<\/div>\n\t\t<\/div>\n\t\t\t\t\t<\/div>\n\t\t<\/section>\n\t\t\t\t<section class=\"elementor-section elementor-top-section elementor-element elementor-element-660f2bcb elementor-section-full_width elementor-section-height-default elementor-section-height-default\" data-id=\"660f2bcb\" data-element_type=\"section\">\n\t\t\t\t\t\t<div class=\"elementor-container elementor-column-gap-default\">\n\t\t\t\t\t<div class=\"elementor-column elementor-col-100 elementor-top-column elementor-element elementor-element-37987e74\" data-id=\"37987e74\" data-element_type=\"column\">\n\t\t\t<div class=\"elementor-widget-wrap elementor-element-populated\">\n\t\t\t\t\t\t<section class=\"elementor-section elementor-inner-section elementor-element elementor-element-8e198a5 elementor-section-boxed elementor-section-height-default elementor-section-height-default\" data-id=\"8e198a5\" data-element_type=\"section\">\n\t\t\t\t\t\t<div class=\"elementor-container elementor-column-gap-default\">\n\t\t\t\t\t<div class=\"elementor-column elementor-col-33 elementor-inner-column elementor-element elementor-element-2d31a185\" data-id=\"2d31a185\" data-element_type=\"column\">\n\t\t\t<div class=\"elementor-widget-wrap elementor-element-populated\">\n\t\t\t\t\t\t<div class=\"elementor-element elementor-element-6347e47 elementor-widget elementor-widget-image\" data-id=\"6347e47\" data-element_type=\"widget\" data-widget_type=\"image.default\">\n\t\t\t\t<div class=\"elementor-widget-container\">\n\t\t\t\t\t\t\t\t\t\t\t\t\t\t<a href=\"https:\/\/www.instagram.com\/anassant_official\/\">\n\t\t\t\t\t\t\t<img decoding=\"async\" width=\"300\" height=\"300\" src=\"https:\/\/esthernoriega.es\/wp-content\/uploads\/2021\/11\/2294A0C9-B8BA-4F74-AAD2-6A7FC0834B8A-300x300.jpeg\" class=\"attachment-medium size-medium wp-image-34715\" alt=\"\" srcset=\"https:\/\/esthernoriega.es\/wp-content\/uploads\/2021\/11\/2294A0C9-B8BA-4F74-AAD2-6A7FC0834B8A-300x300.jpeg 300w, https:\/\/esthernoriega.es\/wp-content\/uploads\/2021\/11\/2294A0C9-B8BA-4F74-AAD2-6A7FC0834B8A-1024x1024.jpeg 1024w, https:\/\/esthernoriega.es\/wp-content\/uploads\/2021\/11\/2294A0C9-B8BA-4F74-AAD2-6A7FC0834B8A-150x150.jpeg 150w, https:\/\/esthernoriega.es\/wp-content\/uploads\/2021\/11\/2294A0C9-B8BA-4F74-AAD2-6A7FC0834B8A-768x768.jpeg 768w, https:\/\/esthernoriega.es\/wp-content\/uploads\/2021\/11\/2294A0C9-B8BA-4F74-AAD2-6A7FC0834B8A-1536x1536.jpeg 1536w, https:\/\/esthernoriega.es\/wp-content\/uploads\/2021\/11\/2294A0C9-B8BA-4F74-AAD2-6A7FC0834B8A-250x250.jpeg 250w, https:\/\/esthernoriega.es\/wp-content\/uploads\/2021\/11\/2294A0C9-B8BA-4F74-AAD2-6A7FC0834B8A-1000x1000.jpeg 1000w, https:\/\/esthernoriega.es\/wp-content\/uploads\/2021\/11\/2294A0C9-B8BA-4F74-AAD2-6A7FC0834B8A-100x100.jpeg 100w, https:\/\/esthernoriega.es\/wp-content\/uploads\/2021\/11\/2294A0C9-B8BA-4F74-AAD2-6A7FC0834B8A.jpeg 1648w\" sizes=\"(max-width: 300px) 100vw, 300px\" \/>\t\t\t\t\t\t\t\t<\/a>\n\t\t\t\t\t\t\t\t\t\t\t\t\t<\/div>\n\t\t\t\t<\/div>\n\t\t\t\t\t<\/div>\n\t\t<\/div>\n\t\t\t\t<div class=\"elementor-column elementor-col-33 elementor-inner-column elementor-element elementor-element-72581f1e\" data-id=\"72581f1e\" data-element_type=\"column\">\n\t\t\t<div class=\"elementor-widget-wrap elementor-element-populated\">\n\t\t\t\t\t\t<div class=\"elementor-element elementor-element-2269b1ae elementor-widget elementor-widget-image\" data-id=\"2269b1ae\" data-element_type=\"widget\" data-widget_type=\"image.default\">\n\t\t\t\t<div class=\"elementor-widget-container\">\n\t\t\t\t\t\t\t\t\t\t\t\t\t\t<a href=\"https:\/\/www.instagram.com\/thetouchbarcelona\/\">\n\t\t\t\t\t\t\t<img decoding=\"async\" width=\"300\" height=\"300\" src=\"https:\/\/esthernoriega.es\/wp-content\/uploads\/2021\/11\/5346421C-E71C-4975-B510-29065C25F390-300x300.jpeg\" class=\"attachment-medium size-medium wp-image-34718\" alt=\"\" srcset=\"https:\/\/esthernoriega.es\/wp-content\/uploads\/2021\/11\/5346421C-E71C-4975-B510-29065C25F390-300x300.jpeg 300w, https:\/\/esthernoriega.es\/wp-content\/uploads\/2021\/11\/5346421C-E71C-4975-B510-29065C25F390-1024x1024.jpeg 1024w, https:\/\/esthernoriega.es\/wp-content\/uploads\/2021\/11\/5346421C-E71C-4975-B510-29065C25F390-150x150.jpeg 150w, https:\/\/esthernoriega.es\/wp-content\/uploads\/2021\/11\/5346421C-E71C-4975-B510-29065C25F390-768x768.jpeg 768w, https:\/\/esthernoriega.es\/wp-content\/uploads\/2021\/11\/5346421C-E71C-4975-B510-29065C25F390-1536x1536.jpeg 1536w, https:\/\/esthernoriega.es\/wp-content\/uploads\/2021\/11\/5346421C-E71C-4975-B510-29065C25F390-250x250.jpeg 250w, https:\/\/esthernoriega.es\/wp-content\/uploads\/2021\/11\/5346421C-E71C-4975-B510-29065C25F390-1000x1000.jpeg 1000w, https:\/\/esthernoriega.es\/wp-content\/uploads\/2021\/11\/5346421C-E71C-4975-B510-29065C25F390-100x100.jpeg 100w, https:\/\/esthernoriega.es\/wp-content\/uploads\/2021\/11\/5346421C-E71C-4975-B510-29065C25F390.jpeg 1648w\" sizes=\"(max-width: 300px) 100vw, 300px\" \/>\t\t\t\t\t\t\t\t<\/a>\n\t\t\t\t\t\t\t\t\t\t\t\t\t<\/div>\n\t\t\t\t<\/div>\n\t\t\t\t\t<\/div>\n\t\t<\/div>\n\t\t\t\t<div class=\"elementor-column elementor-col-33 elementor-inner-column elementor-element elementor-element-6cc8c808\" data-id=\"6cc8c808\" data-element_type=\"column\">\n\t\t\t<div class=\"elementor-widget-wrap elementor-element-populated\">\n\t\t\t\t\t\t<div class=\"elementor-element elementor-element-63f9d47b elementor-widget elementor-widget-image\" data-id=\"63f9d47b\" data-element_type=\"widget\" data-widget_type=\"image.default\">\n\t\t\t\t<div class=\"elementor-widget-container\">\n\t\t\t\t\t\t\t\t\t\t\t\t\t\t<a href=\"https:\/\/www.instagram.com\/sagu_joyas\/\">\n\t\t\t\t\t\t\t<img loading=\"lazy\" decoding=\"async\" width=\"300\" height=\"300\" src=\"https:\/\/esthernoriega.es\/wp-content\/uploads\/2021\/11\/D3B3F7CF-F188-431D-8414-BCC659962790-300x300.jpeg\" class=\"attachment-medium size-medium wp-image-34721\" alt=\"\" srcset=\"https:\/\/esthernoriega.es\/wp-content\/uploads\/2021\/11\/D3B3F7CF-F188-431D-8414-BCC659962790-300x300.jpeg 300w, https:\/\/esthernoriega.es\/wp-content\/uploads\/2021\/11\/D3B3F7CF-F188-431D-8414-BCC659962790-1024x1024.jpeg 1024w, https:\/\/esthernoriega.es\/wp-content\/uploads\/2021\/11\/D3B3F7CF-F188-431D-8414-BCC659962790-150x150.jpeg 150w, https:\/\/esthernoriega.es\/wp-content\/uploads\/2021\/11\/D3B3F7CF-F188-431D-8414-BCC659962790-768x768.jpeg 768w, https:\/\/esthernoriega.es\/wp-content\/uploads\/2021\/11\/D3B3F7CF-F188-431D-8414-BCC659962790-1536x1536.jpeg 1536w, https:\/\/esthernoriega.es\/wp-content\/uploads\/2021\/11\/D3B3F7CF-F188-431D-8414-BCC659962790-250x250.jpeg 250w, https:\/\/esthernoriega.es\/wp-content\/uploads\/2021\/11\/D3B3F7CF-F188-431D-8414-BCC659962790-1000x1000.jpeg 1000w, https:\/\/esthernoriega.es\/wp-content\/uploads\/2021\/11\/D3B3F7CF-F188-431D-8414-BCC659962790-100x100.jpeg 100w, https:\/\/esthernoriega.es\/wp-content\/uploads\/2021\/11\/D3B3F7CF-F188-431D-8414-BCC659962790.jpeg 1648w\" sizes=\"(max-width: 300px) 100vw, 300px\" \/>\t\t\t\t\t\t\t\t<\/a>\n\t\t\t\t\t\t\t\t\t\t\t\t\t<\/div>\n\t\t\t\t<\/div>\n\t\t\t\t\t<\/div>\n\t\t<\/div>\n\t\t\t\t\t<\/div>\n\t\t<\/section>\n\t\t\t\t\t<\/div>\n\t\t<\/div>\n\t\t\t\t\t<\/div>\n\t\t<\/section>\n\t\t\t\t<\/div>\n\t\t","protected":false},"excerpt":{"rendered":"<p>LA MARCA Esther Noriega \u00e9s un nom espanyol associat a l&#8217;alta costura, a vestits de n\u00favia de somni, a celebritats, a un univers \u00fanic i irrepetible que ja s&#8217;ha guanyat el respecte i l&#8217;atenci\u00f3 de propis i estranys. El que alguna vegada va ser un somni per a la dissenyadora, en 2005 va fer els &hellip;<\/p>\n<p class=\"read-more\"> <a class=\"\" href=\"https:\/\/esthernoriega.es\/ca\/marca-2\/\"> <span class=\"screen-reader-text\">Marca<\/span> Llegeix m\u00e9s &raquo;<\/a><\/p>\n","protected":false},"author":2,"featured_media":0,"parent":0,"menu_order":0,"comment_status":"closed","ping_status":"closed","template":"elementor_header_footer","meta":{"_eb_attr":"","_monsterinsights_skip_tracking":false,"_monsterinsights_sitenote_active":false,"_monsterinsights_sitenote_note":"","_monsterinsights_sitenote_category":0,"site-sidebar-layout":"no-sidebar","site-content-layout":"page-builder","ast-site-content-layout":"","site-content-style":"default","site-sidebar-style":"default","ast-global-header-display":"","ast-banner-title-visibility":"","ast-main-header-display":"","ast-hfb-above-header-display":"","ast-hfb-below-header-display":"","ast-hfb-mobile-header-display":"","site-post-title":"disabled","ast-breadcrumbs-content":"","ast-featured-img":"disabled","footer-sml-layout":"","theme-transparent-header-meta":"default","adv-header-id-meta":"","stick-header-meta":"","header-above-stick-meta":"","header-main-stick-meta":"","header-below-stick-meta":"","astra-migrate-meta-layouts":"","ast-page-background-enabled":"default","ast-page-background-meta":{"desktop":{"background-color":"","background-image":"","background-repeat":"repeat","background-position":"center center","background-size":"auto","background-attachment":"scroll","background-type":"","background-media":"","overlay-type":"","overlay-color":"","overlay-gradient":""},"tablet":{"background-color":"","background-image":"","background-repeat":"repeat","background-position":"center center","background-size":"auto","background-attachment":"scroll","background-type":"","background-media":"","overlay-type":"","overlay-color":"","overlay-gradient":""},"mobile":{"background-color":"","background-image":"","background-repeat":"repeat","background-position":"center center","background-size":"auto","background-attachment":"scroll","background-type":"","background-media":"","overlay-type":"","overlay-color":"","overlay-gradient":""}},"ast-content-background-meta":{"desktop":{"background-color":"var(--ast-global-color-5)","background-image":"","background-repeat":"repeat","background-position":"center center","background-size":"auto","background-attachment":"scroll","background-type":"","background-media":"","overlay-type":"","overlay-color":"","overlay-gradient":""},"tablet":{"background-color":"var(--ast-global-color-5)","background-image":"","background-repeat":"repeat","background-position":"center center","background-size":"auto","background-attachment":"scroll","background-type":"","background-media":"","overlay-type":"","overlay-color":"","overlay-gradient":""},"mobile":{"background-color":"var(--ast-global-color-5)","background-image":"","background-repeat":"repeat","background-position":"center center","background-size":"auto","background-attachment":"scroll","background-type":"","background-media":"","overlay-type":"","overlay-color":"","overlay-gradient":""}},"footnotes":""},"_links":{"self":[{"href":"https:\/\/esthernoriega.es\/ca\/wp-json\/wp\/v2\/pages\/33438\/"}],"collection":[{"href":"https:\/\/esthernoriega.es\/ca\/wp-json\/wp\/v2\/pages\/"}],"about":[{"href":"https:\/\/esthernoriega.es\/ca\/wp-json\/wp\/v2\/types\/page\/"}],"author":[{"embeddable":true,"href":"https:\/\/esthernoriega.es\/ca\/wp-json\/wp\/v2\/users\/2\/"}],"replies":[{"embeddable":true,"href":"https:\/\/esthernoriega.es\/ca\/wp-json\/wp\/v2\/comments\/?post=33438"}],"version-history":[{"count":25,"href":"https:\/\/esthernoriega.es\/ca\/wp-json\/wp\/v2\/pages\/33438\/revisions\/"}],"predecessor-version":[{"id":34781,"href":"https:\/\/esthernoriega.es\/ca\/wp-json\/wp\/v2\/pages\/33438\/revisions\/34781\/"}],"wp:attachment":[{"href":"https:\/\/esthernoriega.es\/ca\/wp-json\/wp\/v2\/media\/?parent=33438"}],"curies":[{"name":"wp","href":"https:\/\/api.w.org\/{rel}","templated":true}]}}