{"id":33442,"date":"2021-04-07T07:30:40","date_gmt":"2021-04-07T07:30:40","guid":{"rendered":"https:\/\/esthernoriega.es\/?page_id=33442"},"modified":"2021-04-07T09:28:00","modified_gmt":"2021-04-07T09:28:00","slug":"noriega-blog-cat","status":"publish","type":"page","link":"https:\/\/esthernoriega.es\/ca\/noriega-blog-cat\/","title":{"rendered":"Noriega Blog"},"content":{"rendered":"<h2>NORIEGA<\/h2>\n<h2>Blog<\/h2>\n<p style=\"text-align: center;\">Des del nostre blog us anirem informant de totes les novetats de la signatura, des de les pr\u00f2ximes desfilades, fires de moda, o not\u00edcies d&#8217;inter\u00e8s. Tamb\u00e9 volem mostrar-vos les col\u00b7laboracions que realitzem amb estilistes i fot\u00f2grafs, ja que fan un treball incre\u00efble i moltes vegades s&#8217;acaba perdent, aix\u00ed que des del blog anirem publicant tots els projectes en els quals h\u00e0gim participat.<\/p>\n<p>\t\t\t\t<img decoding=\"async\" src=\"https:\/\/secure.gravatar.com\/avatar\/320464bb25f07cf20276bdf395cc9808?s=96&#038;d=mm&#038;r=g\"><br \/>\n\t\t\t\t<a href=\"https:\/\/esthernoriega.es\/23-festival-de-cine-de-malaga\/\" rel=\"bookmark\">23 Festival de cine de M\u00e1laga<\/a>\t\t\t\t\t La 23 edici\u00f3n del Festival de M\u00e1laga de este a\u00f1o 2020 se ha hecho de rogar, y es que este a\u00f1o est\u00e1 siendo muy at\u00edpico para todos, pero nos alegramos&hellip;<br \/>\n\t\t\t\t\t\tESTHER | agosto 30, 2020<br \/>\n\t\t\t\t\t\t<img decoding=\"async\" src=\"https:\/\/secure.gravatar.com\/avatar\/320464bb25f07cf20276bdf395cc9808?s=96&#038;d=mm&#038;r=g\"><br \/>\n\t\t\t\t\t<a href=\"https:\/\/esthernoriega.es\/esther-noriega-premios-goya-34-edicion\/\" rel=\"bookmark\">Premios Goya 34 Edici\u00f3n<\/a>\t\t\t\t\t\t Os dejamos algunas im\u00e1genes de los vestidos de Malena Alterio y de&hellip;<br \/>\n\t\t\t\t\t\tESTHER | enero 27, 2020<br \/>\n\t\t\t\t\t\t<img decoding=\"async\" src=\"https:\/\/secure.gravatar.com\/avatar\/320464bb25f07cf20276bdf395cc9808?s=96&#038;d=mm&#038;r=g\"><br \/>\n\t\t\t\t\t<a href=\"https:\/\/esthernoriega.es\/esther-noriega-es-pura-moda\/\" rel=\"bookmark\">Pura Moda<\/a>\t\t\t\t\t\t El pr\u00f3ximo 9 de agosto se celebra la pasarela PURA MODA, una&hellip;<br \/>\n\t\t\t\t\t\tESTHER | julio 21, 2019<br \/>\n\t\t\t\t\t<img decoding=\"async\" src=\"https:\/\/secure.gravatar.com\/avatar\/320464bb25f07cf20276bdf395cc9808?s=96&#038;d=mm&#038;r=g\"><br \/>\n\t\t\t\t<a href=\"https:\/\/esthernoriega.es\/eugenio-recuenco-27-de-octubre\/\" rel=\"bookmark\">Eugenio Recuenco: 27 de Octubre<\/a>\t\t\t\t\t Eugenio Recuenco es uno de los fot\u00f3grafos art\u00edsticos con m\u00e1s renombre a&hellip;<br \/>\n\t\t\t\t\t\t\t\t\tESTHER | febrero 9, 2019<br \/>\n\t\t\t\t\t<img decoding=\"async\" src=\"https:\/\/secure.gravatar.com\/avatar\/320464bb25f07cf20276bdf395cc9808?s=96&#038;d=mm&#038;r=g\"><br \/>\n\t\t\t\t<a href=\"https:\/\/esthernoriega.es\/serendipia-by-esther-noriega\/\" rel=\"bookmark\">Serendipia by Esther Noriega, novias<\/a>\t\t\t\t\t El pr\u00f3ximo 9 de enero de 2019 presentaremos una avance de la&hellip;<br \/>\n\t\t\t\t\t\t\t\t\tESTHER | diciembre 25, 2018<br \/>\n\t\t\t\t\t<img decoding=\"async\" src=\"https:\/\/secure.gravatar.com\/avatar\/320464bb25f07cf20276bdf395cc9808?s=96&#038;d=mm&#038;r=g\"><br \/>\n\t\t\t\t<a href=\"https:\/\/esthernoriega.es\/empresas-que-suenan-ejemplo-de-pasion\/\" rel=\"bookmark\">Empresas que sue\u00f1an: ejemplo de pasi\u00f3n<\/a>\t\t\t\t\t &nbsp; A partir del pr\u00f3ximo 23 de noviembre\u00a0 formaremos parte de este&hellip;<br \/>\n\t\t\t\t\t\t\t\t\tESTHER | noviembre 21, 2018<br \/>\n\t\t\t\t\t<img decoding=\"async\" src=\"https:\/\/secure.gravatar.com\/avatar\/320464bb25f07cf20276bdf395cc9808?s=96&#038;d=mm&#038;r=g\"><br \/>\n\t\t\t\t<a href=\"https:\/\/esthernoriega.es\/seminci-2018-alfombra-verde-de-la-gala-de-clausura\/\" rel=\"bookmark\">Seminci 2018, alfombra verde de la Gala de Clausura<\/a>\t\t\t\t\t SHOWROOM SEMINCI 2018 &nbsp; Hace ya cuatro a\u00f1os, que desde nuestra firma,\u00a0&hellip;<br \/>\n\t\t\t\t\t\t\t\t\tESTHER | octubre 27, 2018<br \/>\n\t\t\t\t\t<img decoding=\"async\" src=\"https:\/\/secure.gravatar.com\/avatar\/320464bb25f07cf20276bdf395cc9808?s=96&#038;d=mm&#038;r=g\"><br \/>\n\t\t\t\t<a href=\"https:\/\/esthernoriega.es\/esther-noriega-barbie\/\" rel=\"bookmark\">Esther Noriega &amp; Barbie<\/a>\t\t\t\t\t Quien me iba a decir a mi, que despu\u00e9s de tanto tiempo&hellip;<br \/>\n\t\t\t\t\t\t\t\t\tESTHER | octubre 24, 2018<br \/>\n\t\t\t\t\t<img decoding=\"async\" src=\"https:\/\/secure.gravatar.com\/avatar\/320464bb25f07cf20276bdf395cc9808?s=96&#038;d=mm&#038;r=g\"><br \/>\n\t\t\t\t<a href=\"https:\/\/esthernoriega.es\/eventos-en-otono\/\" rel=\"bookmark\">Eventos en oto\u00f1o?<\/a>\t\t\t\t\t \u00bfEVENTOS EN OTO\u00d1O? NUESTRA PROPUESTA Llegan los \u00faltimos eventos de la temporada,&hellip;<br \/>\n\t\t\t\t\t\t\t\t\tESTHER | septiembre 30, 2018<br \/>\n\t\t\t\t\t<img decoding=\"async\" src=\"https:\/\/secure.gravatar.com\/avatar\/320464bb25f07cf20276bdf395cc9808?s=96&#038;d=mm&#038;r=g\"><br \/>\n\t\t\t\t<a href=\"https:\/\/esthernoriega.es\/september\/\" rel=\"bookmark\">September<\/a>\t\t\t\t\t El final de los d\u00edas eternos y las noches calurosas s\u00f3lo significa&hellip;<br \/>\n\t\t\t\t\t\t\t\t\tESTHER | septiembre 16, 2018<br \/>\n\t\t\t\t\t<img decoding=\"async\" src=\"https:\/\/secure.gravatar.com\/avatar\/320464bb25f07cf20276bdf395cc9808?s=96&#038;d=mm&#038;r=g\"><br \/>\n\t\t\t\t<a href=\"https:\/\/esthernoriega.es\/eugenio-lumbreras-fine-jewery\/\" rel=\"bookmark\">Eugenio Lumbreras Fine Jewery<\/a>\t\t\t\t\t Eugenio Lumbreras es todo un referente en la alta joyer\u00eda de nuestro&hellip;<br \/>\n\t\t\t\t\t\t\t\t\tESTHER | mayo 31, 2018<br \/>\n\t\t\t\t\t<img decoding=\"async\" src=\"https:\/\/secure.gravatar.com\/avatar\/320464bb25f07cf20276bdf395cc9808?s=96&#038;d=mm&#038;r=g\"><br \/>\n\t\t\t\t<a href=\"https:\/\/esthernoriega.es\/los-goya-2018\/\" rel=\"bookmark\">En los Goya 2018<\/a>\t\t\t\t\t Cada a\u00f1o se celebran miles de alfombras rojas donde las actrices y&hellip;<br \/>\n\t\t\t\t\t\t\t\t\tESTHER | febrero 5, 2018<br \/>\n\t\t\t\t\t<img decoding=\"async\" src=\"https:\/\/secure.gravatar.com\/avatar\/320464bb25f07cf20276bdf395cc9808?s=96&#038;d=mm&#038;r=g\"><br \/>\n\t\t\t\t<a href=\"https:\/\/esthernoriega.es\/grazia-croatia-editorial\/\" rel=\"bookmark\">GRAZIA Croatia &#8211; Editorial<\/a>\t\t\t\t\t &nbsp; Es muy diverso el trabajo que se mueve en el mundo&hellip;<br \/>\n\t\t\t\t\t\t\t\t\tESTHER | enero 28, 2018<br \/>\n\t\t\t\t\t<img decoding=\"async\" src=\"https:\/\/secure.gravatar.com\/avatar\/320464bb25f07cf20276bdf395cc9808?s=96&#038;d=mm&#038;r=g\"><br \/>\n\t\t\t\t<a href=\"https:\/\/esthernoriega.es\/te-casas-en-2018\/\" rel=\"bookmark\">Te casas en 2018?<\/a>\t\t\t\t\t Sois muchas las novias que os cas\u00e1is, y muchas las que busc\u00e1is&hellip;<br \/>\n\t\t\t\t\t\t\t\t\tESTHER | enero 3, 2018<br \/>\n\t\t\t\t\t<img decoding=\"async\" src=\"https:\/\/secure.gravatar.com\/avatar\/320464bb25f07cf20276bdf395cc9808?s=96&#038;d=mm&#038;r=g\"><br \/>\n\t\t\t\t<a href=\"https:\/\/esthernoriega.es\/edicion-limitada-camiseta-alas\/\" rel=\"bookmark\">Edici\u00f3n Limitada: camiseta de alas<\/a>\t\t\t\t\t Sois muchas las que nos pregunt\u00e1is por la camiseta de alas en&hellip;<br \/>\n\t\t\t\t\t\t\t\t\tESTHER | diciembre 15, 2017<br \/>\n\t\t\t\t\t<img decoding=\"async\" src=\"https:\/\/secure.gravatar.com\/avatar\/320464bb25f07cf20276bdf395cc9808?s=96&#038;d=mm&#038;r=g\"><br \/>\n\t\t\t\t<a href=\"https:\/\/esthernoriega.es\/amancio-si-te-gusta-la-coleccion-comprala-pero-no-la-copies-hombre\/\" rel=\"bookmark\">Amancio, si te gusta la colecci\u00f3n c\u00f3mprala, pero no la copies hombre&#8230;.<\/a>\t\t\t\t\t Esta tarde he tenido una sorpresa, pero no se si re\u00edr o&hellip;<br \/>\n\t\t\t\t\t\t\t\t\tESTHER | diciembre 5, 2017<br \/>\n\t\t\t\t\t<img decoding=\"async\" src=\"https:\/\/secure.gravatar.com\/avatar\/5b474f171baab4310ec736c9c44cb272?s=96&#038;d=mm&#038;r=g\"><br \/>\n\t\t\t\t<a href=\"https:\/\/esthernoriega.es\/destellos-mediterranean-jewells\/\" rel=\"bookmark\">Destellos Mediterranean Jewells<\/a>\t\t\t\t\t Destellos Mediterranean Jewells\u00a0es una empresa creada por el joven dise\u00f1ador de joyas&hellip;<br \/>\n\t\t\t\t\t\t\t\t\tCOMPRADOR | junio 4, 2017<br \/>\n\t\t\t\t\t<img decoding=\"async\" src=\"https:\/\/secure.gravatar.com\/avatar\/5b474f171baab4310ec736c9c44cb272?s=96&#038;d=mm&#038;r=g\"><br \/>\n\t\t\t\t<a href=\"https:\/\/esthernoriega.es\/musica-coleccion-kaizen-por-rodrigo-tamariz\/\" rel=\"bookmark\">M\u00fasica colecci\u00f3n Kaizen, por Rodrigo Tamariz<\/a>\t\t\t\t\t Son ya 5 las temporadas en las que tengo la suerte de&hellip;<br \/>\n\t\t\t\t\t\t\t\t\tCOMPRADOR | mayo 24, 2017<br \/>\n\t\t\t\t\t<img decoding=\"async\" src=\"https:\/\/secure.gravatar.com\/avatar\/5b474f171baab4310ec736c9c44cb272?s=96&#038;d=mm&#038;r=g\"><br \/>\n\t\t\t\t<a href=\"https:\/\/esthernoriega.es\/ilustraciones-desfile-kaizen-ignacio-pastor\/\" rel=\"bookmark\">Ilustraciones desfile KAIZEN: Ignacio Pastor<\/a>\t\t\t\t\t En la colecci\u00f3n KAIZEN tuvo mucho protagonismo los estampados de las prendas,&hellip;<br \/>\n\t\t\t\t\t\t\t\t\tCOMPRADOR | abril 24, 2017<br \/>\n\t\t\t\t\t<img decoding=\"async\" src=\"https:\/\/secure.gravatar.com\/avatar\/5b474f171baab4310ec736c9c44cb272?s=96&#038;d=mm&#038;r=g\"><br \/>\n\t\t\t\t<a href=\"https:\/\/esthernoriega.es\/muchisimo-talento-en-el-18-festival-de-cine-de-malaga\/\" rel=\"bookmark\">Much\u00edsimo talento en el 18 Festival de Cine de M\u00e1laga<\/a>\t\t\t\t\t Estuvimos presentes en la 18 edici\u00f3n del Festival de Cine de M\u00e1laga,&hellip;<br \/>\n\t\t\t\t\t\t\t\t\tCOMPRADOR | abril 27, 2015<\/p>\n","protected":false},"excerpt":{"rendered":"<p>NORIEGA Blog Des del nostre blog us anirem informant de totes les novetats de la signatura, des de les pr\u00f2ximes desfilades, fires de moda, o not\u00edcies d&#8217;inter\u00e8s. Tamb\u00e9 volem mostrar-vos les col\u00b7laboracions que realitzem amb estilistes i fot\u00f2grafs, ja que fan un treball incre\u00efble i moltes vegades s&#8217;acaba perdent, aix\u00ed que des del blog anirem &hellip;<\/p>\n<p class=\"read-more\"> <a class=\"\" href=\"https:\/\/esthernoriega.es\/ca\/noriega-blog-cat\/\"> <span class=\"screen-reader-text\">Noriega Blog<\/span> Llegeix m\u00e9s &raquo;<\/a><\/p>\n","protected":false},"author":2,"featured_media":0,"parent":0,"menu_order":0,"comment_status":"closed","ping_status":"closed","template":"","meta":{"_eb_attr":"","_monsterinsights_skip_tracking":false,"_monsterinsights_sitenote_active":false,"_monsterinsights_sitenote_note":"","_monsterinsights_sitenote_category":0,"site-sidebar-layout":"no-sidebar","site-content-layout":"page-builder","ast-site-content-layout":"","site-content-style":"default","site-sidebar-style":"default","ast-global-header-display":"","ast-banner-title-visibility":"","ast-main-header-display":"","ast-hfb-above-header-display":"","ast-hfb-below-header-display":"","ast-hfb-mobile-header-display":"","site-post-title":"disabled","ast-breadcrumbs-content":"","ast-featured-img":"disabled","footer-sml-layout":"","theme-transparent-header-meta":"default","adv-header-id-meta":"","stick-header-meta":"","header-above-stick-meta":"","header-main-stick-meta":"","header-below-stick-meta":"","astra-migrate-meta-layouts":"","ast-page-background-enabled":"default","ast-page-background-meta":{"desktop":{"background-color":"","background-image":"","background-repeat":"repeat","background-position":"center center","background-size":"auto","background-attachment":"scroll","background-type":"","background-media":"","overlay-type":"","overlay-color":"","overlay-gradient":""},"tablet":{"background-color":"","background-image":"","background-repeat":"repeat","background-position":"center center","background-size":"auto","background-attachment":"scroll","background-type":"","background-media":"","overlay-type":"","overlay-color":"","overlay-gradient":""},"mobile":{"background-color":"","background-image":"","background-repeat":"repeat","background-position":"center center","background-size":"auto","background-attachment":"scroll","background-type":"","background-media":"","overlay-type":"","overlay-color":"","overlay-gradient":""}},"ast-content-background-meta":{"desktop":{"background-color":"var(--ast-global-color-5)","background-image":"","background-repeat":"repeat","background-position":"center center","background-size":"auto","background-attachment":"scroll","background-type":"","background-media":"","overlay-type":"","overlay-color":"","overlay-gradient":""},"tablet":{"background-color":"var(--ast-global-color-5)","background-image":"","background-repeat":"repeat","background-position":"center center","background-size":"auto","background-attachment":"scroll","background-type":"","background-media":"","overlay-type":"","overlay-color":"","overlay-gradient":""},"mobile":{"background-color":"var(--ast-global-color-5)","background-image":"","background-repeat":"repeat","background-position":"center center","background-size":"auto","background-attachment":"scroll","background-type":"","background-media":"","overlay-type":"","overlay-color":"","overlay-gradient":""}},"footnotes":""},"_links":{"self":[{"href":"https:\/\/esthernoriega.es\/ca\/wp-json\/wp\/v2\/pages\/33442\/"}],"collection":[{"href":"https:\/\/esthernoriega.es\/ca\/wp-json\/wp\/v2\/pages\/"}],"about":[{"href":"https:\/\/esthernoriega.es\/ca\/wp-json\/wp\/v2\/types\/page\/"}],"author":[{"embeddable":true,"href":"https:\/\/esthernoriega.es\/ca\/wp-json\/wp\/v2\/users\/2\/"}],"replies":[{"embeddable":true,"href":"https:\/\/esthernoriega.es\/ca\/wp-json\/wp\/v2\/comments\/?post=33442"}],"version-history":[{"count":4,"href":"https:\/\/esthernoriega.es\/ca\/wp-json\/wp\/v2\/pages\/33442\/revisions\/"}],"predecessor-version":[{"id":33571,"href":"https:\/\/esthernoriega.es\/ca\/wp-json\/wp\/v2\/pages\/33442\/revisions\/33571\/"}],"wp:attachment":[{"href":"https:\/\/esthernoriega.es\/ca\/wp-json\/wp\/v2\/media\/?parent=33442"}],"curies":[{"name":"wp","href":"https:\/\/api.w.org\/{rel}","templated":true}]}}