{"id":33448,"date":"2021-04-07T07:36:37","date_gmt":"2021-04-07T07:36:37","guid":{"rendered":"https:\/\/esthernoriega.es\/?page_id=33448"},"modified":"2023-07-05T22:33:09","modified_gmt":"2023-07-05T22:33:09","slug":"nuvies","status":"publish","type":"page","link":"https:\/\/esthernoriega.es\/ca\/nuvies\/","title":{"rendered":"N\u00favies"},"content":{"rendered":"\t\t<div data-elementor-type=\"wp-page\" data-elementor-id=\"33448\" class=\"elementor elementor-33448\" data-elementor-post-type=\"page\">\n\t\t\t\t\t\t<section class=\"elementor-section elementor-top-section elementor-element elementor-element-d1d358c elementor-section-height-min-height elementor-section-content-middle elementor-section-full_width elementor-section-height-default elementor-section-items-middle\" data-id=\"d1d358c\" data-element_type=\"section\" data-settings=\"{&quot;background_background&quot;:&quot;video&quot;,&quot;background_video_link&quot;:&quot;https:\\\/\\\/youtu.be\\\/Oxvc8xvgUm4&quot;,&quot;background_video_start&quot;:5,&quot;background_video_end&quot;:33,&quot;background_play_on_mobile&quot;:&quot;yes&quot;}\">\n\t\t\t\t\t\t\t\t<div class=\"elementor-background-video-container\">\n\t\t\t\t\t\t\t\t\t\t\t\t\t<div class=\"elementor-background-video-embed\"><\/div>\n\t\t\t\t\t\t\t\t\t\t\t\t<\/div>\n\t\t\t\t\t\t\t\t\t<div class=\"elementor-background-overlay\"><\/div>\n\t\t\t\t\t\t\t<div class=\"elementor-container elementor-column-gap-default\">\n\t\t\t\t\t<div class=\"elementor-column elementor-col-100 elementor-top-column elementor-element elementor-element-a19ce34\" data-id=\"a19ce34\" data-element_type=\"column\">\n\t\t\t<div class=\"elementor-widget-wrap elementor-element-populated\">\n\t\t\t\t\t\t<div class=\"elementor-element elementor-element-5709864 elementor-widget elementor-widget-heading\" data-id=\"5709864\" data-element_type=\"widget\" data-widget_type=\"heading.default\">\n\t\t\t\t<div class=\"elementor-widget-container\">\n\t\t\t<h1 class=\"elementor-heading-title elementor-size-default\">Esther Noriega n\u00favies<\/h1>\t\t<\/div>\n\t\t\t\t<\/div>\n\t\t\t\t\t<\/div>\n\t\t<\/div>\n\t\t\t\t\t<\/div>\n\t\t<\/section>\n\t\t\t\t<section class=\"elementor-section elementor-top-section elementor-element elementor-element-f41c017 elementor-section-boxed elementor-section-height-default elementor-section-height-default\" data-id=\"f41c017\" data-element_type=\"section\" data-settings=\"{&quot;background_background&quot;:&quot;classic&quot;}\">\n\t\t\t\t\t\t<div class=\"elementor-container elementor-column-gap-default\">\n\t\t\t\t\t<div class=\"elementor-column elementor-col-50 elementor-top-column elementor-element elementor-element-71c7873 elementor-sm-100\" data-id=\"71c7873\" data-element_type=\"column\">\n\t\t\t<div class=\"elementor-widget-wrap elementor-element-populated\">\n\t\t\t\t\t\t<div class=\"elementor-element elementor-element-49240b9 elementor-widget elementor-widget-image\" data-id=\"49240b9\" data-element_type=\"widget\" data-widget_type=\"image.default\">\n\t\t\t\t<div class=\"elementor-widget-container\">\n\t\t\t\t\t\t\t\t\t\t\t\t\t<img fetchpriority=\"high\" decoding=\"async\" width=\"724\" height=\"1024\" src=\"https:\/\/esthernoriega.es\/wp-content\/uploads\/2021\/11\/ESTHER-NORIEGA-1--724x1024.jpg\" class=\"attachment-large size-large wp-image-35054\" alt=\"\" srcset=\"https:\/\/esthernoriega.es\/wp-content\/uploads\/2021\/11\/ESTHER-NORIEGA-1--724x1024.jpg 724w, https:\/\/esthernoriega.es\/wp-content\/uploads\/2021\/11\/ESTHER-NORIEGA-1--212x300.jpg 212w, https:\/\/esthernoriega.es\/wp-content\/uploads\/2021\/11\/ESTHER-NORIEGA-1--768x1086.jpg 768w, https:\/\/esthernoriega.es\/wp-content\/uploads\/2021\/11\/ESTHER-NORIEGA-1--1086x1536.jpg 1086w, https:\/\/esthernoriega.es\/wp-content\/uploads\/2021\/11\/ESTHER-NORIEGA-1--1000x1415.jpg 1000w, https:\/\/esthernoriega.es\/wp-content\/uploads\/2021\/11\/ESTHER-NORIEGA-1-.jpg 1165w\" sizes=\"(max-width: 724px) 100vw, 724px\" \/>\t\t\t\t\t\t\t\t\t\t\t\t\t<\/div>\n\t\t\t\t<\/div>\n\t\t\t\t\t<\/div>\n\t\t<\/div>\n\t\t\t\t<div class=\"elementor-column elementor-col-50 elementor-top-column elementor-element elementor-element-9b866f4\" data-id=\"9b866f4\" data-element_type=\"column\">\n\t\t\t<div class=\"elementor-widget-wrap elementor-element-populated\">\n\t\t\t\t\t\t<div class=\"elementor-element elementor-element-bb70dad elementor-widget elementor-widget-heading\" data-id=\"bb70dad\" data-element_type=\"widget\" data-widget_type=\"heading.default\">\n\t\t\t\t<div class=\"elementor-widget-container\">\n\t\t\t<h2 class=\"elementor-heading-title elementor-size-default\">N\u00favies a mesura,\n<br>n\u00favies de somni<\/h2>\t\t<\/div>\n\t\t\t\t<\/div>\n\t\t\t\t<div class=\"elementor-element elementor-element-0d5d665 elementor-widget elementor-widget-text-editor\" data-id=\"0d5d665\" data-element_type=\"widget\" data-widget_type=\"text-editor.default\">\n\t\t\t\t<div class=\"elementor-widget-container\">\n\t\t\t\t\t\t\t<blockquote><h5><span style=\"font-family: 'Playfair Display', sans-serif; font-size: 20px; font-style: normal;\">En Esther Noriega Novias, realitzem a mesura el vestit de la teva cerim\u00f2nia on a m\u00e9s, la teva formes part del proc\u00e9s de creaci\u00f3, aportant els detalls del vestit amb el qual sempre havies somiat per a aquest dia tan especial.<\/span><\/h5><\/blockquote>\t\t\t\t\t\t<\/div>\n\t\t\t\t<\/div>\n\t\t\t\t\t<\/div>\n\t\t<\/div>\n\t\t\t\t\t<\/div>\n\t\t<\/section>\n\t\t\t\t<section class=\"elementor-section elementor-top-section elementor-element elementor-element-6797015 elementor-section-boxed elementor-section-height-default elementor-section-height-default\" data-id=\"6797015\" data-element_type=\"section\" data-settings=\"{&quot;background_background&quot;:&quot;classic&quot;}\">\n\t\t\t\t\t\t<div class=\"elementor-container elementor-column-gap-default\">\n\t\t\t\t\t<div class=\"elementor-column elementor-col-100 elementor-top-column elementor-element elementor-element-be5ec63\" data-id=\"be5ec63\" data-element_type=\"column\">\n\t\t\t<div class=\"elementor-widget-wrap elementor-element-populated\">\n\t\t\t\t\t\t<div class=\"elementor-element elementor-element-517b4d1 elementor-arrows-position-inside elementor-pagination-position-outside elementor-widget elementor-widget-image-carousel\" data-id=\"517b4d1\" data-element_type=\"widget\" data-settings=\"{&quot;navigation&quot;:&quot;both&quot;,&quot;autoplay&quot;:&quot;yes&quot;,&quot;pause_on_hover&quot;:&quot;yes&quot;,&quot;pause_on_interaction&quot;:&quot;yes&quot;,&quot;autoplay_speed&quot;:5000,&quot;infinite&quot;:&quot;yes&quot;,&quot;speed&quot;:500,&quot;image_spacing_custom&quot;:{&quot;unit&quot;:&quot;px&quot;,&quot;size&quot;:20,&quot;sizes&quot;:[]},&quot;image_spacing_custom_tablet&quot;:{&quot;unit&quot;:&quot;px&quot;,&quot;size&quot;:&quot;&quot;,&quot;sizes&quot;:[]},&quot;image_spacing_custom_mobile&quot;:{&quot;unit&quot;:&quot;px&quot;,&quot;size&quot;:&quot;&quot;,&quot;sizes&quot;:[]}}\" data-widget_type=\"image-carousel.default\">\n\t\t\t\t<div class=\"elementor-widget-container\">\n\t\t\t\t\t<div class=\"elementor-image-carousel-wrapper swiper\" dir=\"ltr\">\n\t\t\t<div class=\"elementor-image-carousel swiper-wrapper\" aria-live=\"off\">\n\t\t\t\t\t\t\t\t<div class=\"swiper-slide\" role=\"group\" aria-roledescription=\"slide\" aria-label=\"1 de 26\"><figure class=\"swiper-slide-inner\"><img decoding=\"async\" class=\"swiper-slide-image\" src=\"https:\/\/esthernoriega.es\/wp-content\/uploads\/2021\/03\/Esther_Noriega_imagen_kristen_wicce-alta-2-500x1000.jpg\" alt=\"Esther_Noriega_imagen_kristen_wicce-alta\" \/><\/figure><\/div><div class=\"swiper-slide\" role=\"group\" aria-roledescription=\"slide\" aria-label=\"2 de 26\"><figure class=\"swiper-slide-inner\"><img decoding=\"async\" class=\"swiper-slide-image\" src=\"https:\/\/esthernoriega.es\/wp-content\/uploads\/2021\/11\/ESTHER_NORIEGA_NOVIAS_KRISTEN_WICCE_2021WEB-500x1000.jpg\" alt=\"ESTHER_NORIEGA_NOVIAS_KRISTEN_WICCE_2021WEB\" \/><\/figure><\/div><div class=\"swiper-slide\" role=\"group\" aria-roledescription=\"slide\" aria-label=\"3 de 26\"><figure class=\"swiper-slide-inner\"><img decoding=\"async\" class=\"swiper-slide-image\" src=\"https:\/\/esthernoriega.es\/wp-content\/uploads\/2021\/10\/ESTHER_NORIEGA_KRISTEN_WICCE_2021_ESPALDAS-500x1000.jpg\" alt=\"ESTHER_NORIEGA_KRISTEN_WICCE_2021_ESPALDAS\" \/><\/figure><\/div><div class=\"swiper-slide\" role=\"group\" aria-roledescription=\"slide\" aria-label=\"4 de 26\"><figure class=\"swiper-slide-inner\"><img decoding=\"async\" class=\"swiper-slide-image\" src=\"https:\/\/esthernoriega.es\/wp-content\/uploads\/2021\/10\/ESTHER_NORIEGA_NOVIAS_KRISTEN_WICCE_2021-2-500x1000.jpg\" alt=\"ESTHER_NORIEGA_NOVIAS\" \/><\/figure><\/div><div class=\"swiper-slide\" role=\"group\" aria-roledescription=\"slide\" aria-label=\"5 de 26\"><figure class=\"swiper-slide-inner\"><img decoding=\"async\" class=\"swiper-slide-image\" src=\"https:\/\/esthernoriega.es\/wp-content\/uploads\/2021\/10\/ESTHER_NORIEGA_NOVIAS_KRISTEN_WICCE_2021-5-500x1000.jpg\" alt=\"ESTHER_NORIEGA_NOVIAS_KRISTEN_WICCE_2021-5\" \/><\/figure><\/div><div class=\"swiper-slide\" role=\"group\" aria-roledescription=\"slide\" aria-label=\"6 de 26\"><figure class=\"swiper-slide-inner\"><img decoding=\"async\" class=\"swiper-slide-image\" src=\"https:\/\/esthernoriega.es\/wp-content\/uploads\/2021\/10\/ESTHER_NORIEGA_KRISTEN_WICCE_2021_ESPALDAS-3-500x1000.jpg\" alt=\"ESTHER_NORIEGA_KRISTEN_WICCE_2021_ESPALDAS-3\" \/><\/figure><\/div><div class=\"swiper-slide\" role=\"group\" aria-roledescription=\"slide\" aria-label=\"7 de 26\"><figure class=\"swiper-slide-inner\"><img decoding=\"async\" class=\"swiper-slide-image\" src=\"https:\/\/esthernoriega.es\/wp-content\/uploads\/2021\/10\/ESTHER_NORIEGA_NOVIAS_KRISTEN_WICCE_2021-6-500x1000.jpg\" alt=\"ESTHER_NORIEGA_NOVIAS_KRISTEN_WICCE_2021-6\" \/><\/figure><\/div><div class=\"swiper-slide\" role=\"group\" aria-roledescription=\"slide\" aria-label=\"8 de 26\"><figure class=\"swiper-slide-inner\"><img decoding=\"async\" class=\"swiper-slide-image\" src=\"https:\/\/esthernoriega.es\/wp-content\/uploads\/2021\/10\/ESTHER_NORIEGA_KRISTEN_WICCE_2021_ESPALDAS-4-500x1000.jpg\" alt=\"ESTHER_NORIEGA_KRISTEN_WICCE_2021_ESPALDAS-4\" \/><\/figure><\/div><div class=\"swiper-slide\" role=\"group\" aria-roledescription=\"slide\" aria-label=\"9 de 26\"><figure class=\"swiper-slide-inner\"><img decoding=\"async\" class=\"swiper-slide-image\" src=\"https:\/\/esthernoriega.es\/wp-content\/uploads\/2021\/10\/ESTHER_NORIEGA_NOVIAS_KRISTEN_WICCE_2021-3-500x1000.jpg\" alt=\"ESTHER_NORIEGA_NOVIAS_KRISTEN_WICCE_2021-3\" \/><\/figure><\/div><div class=\"swiper-slide\" role=\"group\" aria-roledescription=\"slide\" aria-label=\"10 de 26\"><figure class=\"swiper-slide-inner\"><img decoding=\"async\" class=\"swiper-slide-image\" src=\"https:\/\/esthernoriega.es\/wp-content\/uploads\/2021\/10\/ESTHER_NORIEGA_KRISTEN_WICCE_2021_ESPALDAS-5-500x1000.jpg\" alt=\"ESTHER_NORIEGA_KRISTEN_WICCE_2021_ESPALDAS-5\" \/><\/figure><\/div><div class=\"swiper-slide\" role=\"group\" aria-roledescription=\"slide\" aria-label=\"11 de 26\"><figure class=\"swiper-slide-inner\"><img decoding=\"async\" class=\"swiper-slide-image\" src=\"https:\/\/esthernoriega.es\/wp-content\/uploads\/2021\/10\/ESTHER_NORIEGA_NOVIAS_KRISTEN_WICCE_2021-4-500x1000.jpg\" alt=\"ESTHER_NORIEGA_NOVIAS_KRISTEN_WICCE_2021-4\" \/><\/figure><\/div><div class=\"swiper-slide\" role=\"group\" aria-roledescription=\"slide\" aria-label=\"12 de 26\"><figure class=\"swiper-slide-inner\"><img decoding=\"async\" class=\"swiper-slide-image\" src=\"https:\/\/esthernoriega.es\/wp-content\/uploads\/2021\/10\/ESTHER_NORIEGA_KRISTEN_WICCE_2021_ESPALDAS-2-500x1000.jpg\" alt=\"ESTHER_NORIEGA_KRISTEN_WICCE_2021_ESPALDAS-2\" \/><\/figure><\/div><div class=\"swiper-slide\" role=\"group\" aria-roledescription=\"slide\" aria-label=\"13 de 26\"><figure class=\"swiper-slide-inner\"><img decoding=\"async\" class=\"swiper-slide-image\" src=\"https:\/\/esthernoriega.es\/wp-content\/uploads\/2021\/10\/ESTHER_NORIEGA_NOVIAS_KRISTEN_WICCE_2021-500x1000.jpg\" alt=\"ESTHER_NORIEGA_NOVIAS_KRISTEN_WICCE_2021\" \/><\/figure><\/div><div class=\"swiper-slide\" role=\"group\" aria-roledescription=\"slide\" aria-label=\"14 de 26\"><figure class=\"swiper-slide-inner\"><img decoding=\"async\" class=\"swiper-slide-image\" src=\"https:\/\/esthernoriega.es\/wp-content\/uploads\/2021\/11\/classy_bridal_heikemoellersphotography_-570-500x1000.jpg\" alt=\"classy_bridal_heikemoellersphotography_-570\" \/><\/figure><\/div><div class=\"swiper-slide\" role=\"group\" aria-roledescription=\"slide\" aria-label=\"15 de 26\"><figure class=\"swiper-slide-inner\"><img decoding=\"async\" class=\"swiper-slide-image\" src=\"https:\/\/esthernoriega.es\/wp-content\/uploads\/2021\/11\/classy_bridal_heikemoellersphotography_-583-500x1000.jpg\" alt=\"classy_bridal_heikemoellersphotography_-583\" \/><\/figure><\/div><div class=\"swiper-slide\" role=\"group\" aria-roledescription=\"slide\" aria-label=\"16 de 26\"><figure class=\"swiper-slide-inner\"><img decoding=\"async\" class=\"swiper-slide-image\" src=\"https:\/\/esthernoriega.es\/wp-content\/uploads\/2021\/11\/classy_bridal_heikemoellersphotography_-891-copia-500x1000.jpg\" alt=\"classy_bridal_heikemoellersphotography_-891 copia\" \/><\/figure><\/div><div class=\"swiper-slide\" role=\"group\" aria-roledescription=\"slide\" aria-label=\"17 de 26\"><figure class=\"swiper-slide-inner\"><img decoding=\"async\" class=\"swiper-slide-image\" src=\"https:\/\/esthernoriega.es\/wp-content\/uploads\/2018\/11\/3-VITORIA-500x1000.jpg\" alt=\"VICTORIA\" \/><\/figure><\/div><div class=\"swiper-slide\" role=\"group\" aria-roledescription=\"slide\" aria-label=\"18 de 26\"><figure class=\"swiper-slide-inner\"><img decoding=\"async\" class=\"swiper-slide-image\" src=\"https:\/\/esthernoriega.es\/wp-content\/uploads\/2018\/11\/5-SANTANDER-500x1000.jpg\" alt=\"SANTANDER\" \/><\/figure><\/div><div class=\"swiper-slide\" role=\"group\" aria-roledescription=\"slide\" aria-label=\"19 de 26\"><figure class=\"swiper-slide-inner\"><img decoding=\"async\" class=\"swiper-slide-image\" src=\"https:\/\/esthernoriega.es\/wp-content\/uploads\/2018\/11\/7-MALLORCA-500x1000.jpg\" alt=\"MALLORCA\" \/><\/figure><\/div><div class=\"swiper-slide\" role=\"group\" aria-roledescription=\"slide\" aria-label=\"20 de 26\"><figure class=\"swiper-slide-inner\"><img decoding=\"async\" class=\"swiper-slide-image\" src=\"https:\/\/esthernoriega.es\/wp-content\/uploads\/2018\/11\/9-BARCELONA-500x1000.jpg\" alt=\"BARCELONA\" \/><\/figure><\/div><div class=\"swiper-slide\" role=\"group\" aria-roledescription=\"slide\" aria-label=\"21 de 26\"><figure class=\"swiper-slide-inner\"><img decoding=\"async\" class=\"swiper-slide-image\" src=\"https:\/\/esthernoriega.es\/wp-content\/uploads\/2018\/11\/11-CADIZ-500x1000.jpg\" alt=\"CADIZ\" \/><\/figure><\/div><div class=\"swiper-slide\" role=\"group\" aria-roledescription=\"slide\" aria-label=\"22 de 26\"><figure class=\"swiper-slide-inner\"><img decoding=\"async\" class=\"swiper-slide-image\" src=\"https:\/\/esthernoriega.es\/wp-content\/uploads\/2018\/11\/13-AVILA-500x1000.jpg\" alt=\"AVILA\" \/><\/figure><\/div><div class=\"swiper-slide\" role=\"group\" aria-roledescription=\"slide\" aria-label=\"23 de 26\"><figure class=\"swiper-slide-inner\"><img decoding=\"async\" class=\"swiper-slide-image\" src=\"https:\/\/esthernoriega.es\/wp-content\/uploads\/2018\/11\/15-IBIZA-500x1000.jpg\" alt=\"IBIZA\" \/><\/figure><\/div><div class=\"swiper-slide\" role=\"group\" aria-roledescription=\"slide\" aria-label=\"24 de 26\"><figure class=\"swiper-slide-inner\"><img decoding=\"async\" class=\"swiper-slide-image\" src=\"https:\/\/esthernoriega.es\/wp-content\/uploads\/2018\/11\/17-CADAQU\u00c9S-e1613992871889-500x1000.jpg\" alt=\"CADAQU\u00c9S\" \/><\/figure><\/div><div class=\"swiper-slide\" role=\"group\" aria-roledescription=\"slide\" aria-label=\"25 de 26\"><figure class=\"swiper-slide-inner\"><img decoding=\"async\" class=\"swiper-slide-image\" src=\"https:\/\/esthernoriega.es\/wp-content\/uploads\/2018\/11\/19-SEGOVIA-500x1000.jpg\" alt=\"SEGOVIA\" \/><\/figure><\/div><div class=\"swiper-slide\" role=\"group\" aria-roledescription=\"slide\" aria-label=\"26 de 26\"><figure class=\"swiper-slide-inner\"><img decoding=\"async\" class=\"swiper-slide-image\" src=\"https:\/\/esthernoriega.es\/wp-content\/uploads\/2018\/11\/21-MADRID-500x1000.jpg\" alt=\"MADRID\" \/><\/figure><\/div>\t\t\t<\/div>\n\t\t\t\t\t\t\t\t\t\t\t\t<div class=\"elementor-swiper-button elementor-swiper-button-prev\" role=\"button\" tabindex=\"0\">\n\t\t\t\t\t\t<i aria-hidden=\"true\" class=\"eicon-chevron-left\"><\/i>\t\t\t\t\t<\/div>\n\t\t\t\t\t<div class=\"elementor-swiper-button elementor-swiper-button-next\" role=\"button\" tabindex=\"0\">\n\t\t\t\t\t\t<i aria-hidden=\"true\" class=\"eicon-chevron-right\"><\/i>\t\t\t\t\t<\/div>\n\t\t\t\t\n\t\t\t\t\t\t\t\t\t<div class=\"swiper-pagination\"><\/div>\n\t\t\t\t\t\t\t\t\t<\/div>\n\t\t\t\t<\/div>\n\t\t\t\t<\/div>\n\t\t\t\t\t<\/div>\n\t\t<\/div>\n\t\t\t\t\t<\/div>\n\t\t<\/section>\n\t\t\t\t<section class=\"elementor-section elementor-top-section elementor-element elementor-element-5fa7253 elementor-section-boxed elementor-section-height-default elementor-section-height-default\" data-id=\"5fa7253\" data-element_type=\"section\" data-settings=\"{&quot;background_background&quot;:&quot;classic&quot;}\">\n\t\t\t\t\t\t<div class=\"elementor-container elementor-column-gap-default\">\n\t\t\t\t\t<div class=\"elementor-column elementor-col-100 elementor-top-column elementor-element elementor-element-ac89bcc\" data-id=\"ac89bcc\" data-element_type=\"column\">\n\t\t\t<div class=\"elementor-widget-wrap elementor-element-populated\">\n\t\t\t\t\t\t<div class=\"elementor-element elementor-element-abdb70b elementor-widget elementor-widget-text-editor\" data-id=\"abdb70b\" data-element_type=\"widget\" data-widget_type=\"text-editor.default\">\n\t\t\t\t<div class=\"elementor-widget-container\">\n\t\t\t\t\t\t\t<p style=\"text-align: center;\">Les nostres col\u00b7leccions de festa estan disponibles a punts de venda a nivell nacional i internacional.<\/p><p style=\"text-align: center;\"><span style=\"font-style: inherit; font-weight: inherit; letter-spacing: -0.1px;\">Per comprar vestits de col\u00b7lecci\u00f3 contacta amb nosaltres.<\/span><\/p>\t\t\t\t\t\t<\/div>\n\t\t\t\t<\/div>\n\t\t\t\t<section class=\"elementor-section elementor-inner-section elementor-element elementor-element-697d44d elementor-section-boxed elementor-section-height-default elementor-section-height-default\" data-id=\"697d44d\" data-element_type=\"section\">\n\t\t\t\t\t\t<div class=\"elementor-container elementor-column-gap-default\">\n\t\t\t\t\t<div class=\"elementor-column elementor-col-50 elementor-inner-column elementor-element elementor-element-6ee36f5\" data-id=\"6ee36f5\" data-element_type=\"column\">\n\t\t\t<div class=\"elementor-widget-wrap elementor-element-populated\">\n\t\t\t\t\t\t<div class=\"elementor-element elementor-element-7bcd60f elementor-align-center elementor-widget elementor-widget-button\" data-id=\"7bcd60f\" data-element_type=\"widget\" data-widget_type=\"button.default\">\n\t\t\t\t<div class=\"elementor-widget-container\">\n\t\t\t\t\t<div class=\"elementor-button-wrapper\">\n\t\t\t<a class=\"elementor-button elementor-button-link elementor-size-md\" href=\"tel:639788233\">\n\t\t\t\t\t\t<span class=\"elementor-button-content-wrapper\">\n\t\t\t\t\t\t<span class=\"elementor-button-icon elementor-align-icon-left\">\n\t\t\t\t<i aria-hidden=\"true\" class=\"fas fa-phone-alt\"><\/i>\t\t\t<\/span>\n\t\t\t\t\t\t\t\t\t<span class=\"elementor-button-text\">639 788 233<\/span>\n\t\t\t\t\t<\/span>\n\t\t\t\t\t<\/a>\n\t\t<\/div>\n\t\t\t\t<\/div>\n\t\t\t\t<\/div>\n\t\t\t\t\t<\/div>\n\t\t<\/div>\n\t\t\t\t<div class=\"elementor-column elementor-col-50 elementor-inner-column elementor-element elementor-element-dfa5919\" data-id=\"dfa5919\" data-element_type=\"column\">\n\t\t\t<div class=\"elementor-widget-wrap elementor-element-populated\">\n\t\t\t\t\t\t<div class=\"elementor-element elementor-element-c11a96c elementor-align-center elementor-widget elementor-widget-button\" data-id=\"c11a96c\" data-element_type=\"widget\" data-widget_type=\"button.default\">\n\t\t\t\t<div class=\"elementor-widget-container\">\n\t\t\t\t\t<div class=\"elementor-button-wrapper\">\n\t\t\t<a class=\"elementor-button elementor-button-link elementor-size-md\" href=\"mailto:info@esthernoriega.es\">\n\t\t\t\t\t\t<span class=\"elementor-button-content-wrapper\">\n\t\t\t\t\t\t<span class=\"elementor-button-icon elementor-align-icon-left\">\n\t\t\t\t<i aria-hidden=\"true\" class=\"far fa-envelope\"><\/i>\t\t\t<\/span>\n\t\t\t\t\t\t\t\t\t<span class=\"elementor-button-text\">info@esthernoriega.es<\/span>\n\t\t\t\t\t<\/span>\n\t\t\t\t\t<\/a>\n\t\t<\/div>\n\t\t\t\t<\/div>\n\t\t\t\t<\/div>\n\t\t\t\t\t<\/div>\n\t\t<\/div>\n\t\t\t\t\t<\/div>\n\t\t<\/section>\n\t\t\t\t\t<\/div>\n\t\t<\/div>\n\t\t\t\t\t<\/div>\n\t\t<\/section>\n\t\t\t\t<\/div>\n\t\t","protected":false},"excerpt":{"rendered":"<p>Esther Noriega n\u00favies N\u00favies a mesura, n\u00favies de somni En Esther Noriega Novias, realitzem a mesura el vestit de la teva cerim\u00f2nia on a m\u00e9s, la teva formes part del proc\u00e9s de creaci\u00f3, aportant els detalls del vestit amb el qual sempre havies somiat per a aquest dia tan especial. Les nostres col\u00b7leccions de festa &hellip;<\/p>\n<p class=\"read-more\"> <a class=\"\" href=\"https:\/\/esthernoriega.es\/ca\/nuvies\/\"> <span class=\"screen-reader-text\">N\u00favies<\/span> Llegeix m\u00e9s &raquo;<\/a><\/p>\n","protected":false},"author":2,"featured_media":0,"parent":0,"menu_order":0,"comment_status":"closed","ping_status":"closed","template":"","meta":{"_eb_attr":"","_monsterinsights_skip_tracking":false,"_monsterinsights_sitenote_active":false,"_monsterinsights_sitenote_note":"","_monsterinsights_sitenote_category":0,"site-sidebar-layout":"no-sidebar","site-content-layout":"page-builder","ast-site-content-layout":"","site-content-style":"default","site-sidebar-style":"default","ast-global-header-display":"","ast-banner-title-visibility":"","ast-main-header-display":"","ast-hfb-above-header-display":"","ast-hfb-below-header-display":"","ast-hfb-mobile-header-display":"","site-post-title":"disabled","ast-breadcrumbs-content":"","ast-featured-img":"disabled","footer-sml-layout":"","theme-transparent-header-meta":"default","adv-header-id-meta":"","stick-header-meta":"","header-above-stick-meta":"","header-main-stick-meta":"","header-below-stick-meta":"","astra-migrate-meta-layouts":"","ast-page-background-enabled":"default","ast-page-background-meta":{"desktop":{"background-color":"","background-image":"","background-repeat":"repeat","background-position":"center center","background-size":"auto","background-attachment":"scroll","background-type":"","background-media":"","overlay-type":"","overlay-color":"","overlay-gradient":""},"tablet":{"background-color":"","background-image":"","background-repeat":"repeat","background-position":"center center","background-size":"auto","background-attachment":"scroll","background-type":"","background-media":"","overlay-type":"","overlay-color":"","overlay-gradient":""},"mobile":{"background-color":"","background-image":"","background-repeat":"repeat","background-position":"center center","background-size":"auto","background-attachment":"scroll","background-type":"","background-media":"","overlay-type":"","overlay-color":"","overlay-gradient":""}},"ast-content-background-meta":{"desktop":{"background-color":"var(--ast-global-color-5)","background-image":"","background-repeat":"repeat","background-position":"center center","background-size":"auto","background-attachment":"scroll","background-type":"","background-media":"","overlay-type":"","overlay-color":"","overlay-gradient":""},"tablet":{"background-color":"var(--ast-global-color-5)","background-image":"","background-repeat":"repeat","background-position":"center center","background-size":"auto","background-attachment":"scroll","background-type":"","background-media":"","overlay-type":"","overlay-color":"","overlay-gradient":""},"mobile":{"background-color":"var(--ast-global-color-5)","background-image":"","background-repeat":"repeat","background-position":"center center","background-size":"auto","background-attachment":"scroll","background-type":"","background-media":"","overlay-type":"","overlay-color":"","overlay-gradient":""}},"footnotes":""},"_links":{"self":[{"href":"https:\/\/esthernoriega.es\/ca\/wp-json\/wp\/v2\/pages\/33448\/"}],"collection":[{"href":"https:\/\/esthernoriega.es\/ca\/wp-json\/wp\/v2\/pages\/"}],"about":[{"href":"https:\/\/esthernoriega.es\/ca\/wp-json\/wp\/v2\/types\/page\/"}],"author":[{"embeddable":true,"href":"https:\/\/esthernoriega.es\/ca\/wp-json\/wp\/v2\/users\/2\/"}],"replies":[{"embeddable":true,"href":"https:\/\/esthernoriega.es\/ca\/wp-json\/wp\/v2\/comments\/?post=33448"}],"version-history":[{"count":13,"href":"https:\/\/esthernoriega.es\/ca\/wp-json\/wp\/v2\/pages\/33448\/revisions\/"}],"predecessor-version":[{"id":38084,"href":"https:\/\/esthernoriega.es\/ca\/wp-json\/wp\/v2\/pages\/33448\/revisions\/38084\/"}],"wp:attachment":[{"href":"https:\/\/esthernoriega.es\/ca\/wp-json\/wp\/v2\/media\/?parent=33448"}],"curies":[{"name":"wp","href":"https:\/\/api.w.org\/{rel}","templated":true}]}}