{"id":33454,"date":"2021-04-07T07:41:25","date_gmt":"2021-04-07T07:41:25","guid":{"rendered":"https:\/\/esthernoriega.es\/?page_id=33454"},"modified":"2021-04-13T09:02:02","modified_gmt":"2021-04-13T09:02:02","slug":"sanger-cat","status":"publish","type":"page","link":"https:\/\/esthernoriega.es\/ca\/sanger-cat\/","title":{"rendered":"Sanger"},"content":{"rendered":"\t\t<div data-elementor-type=\"wp-page\" data-elementor-id=\"33454\" class=\"elementor elementor-33454\" data-elementor-post-type=\"page\">\n\t\t\t\t\t\t<section class=\"elementor-section elementor-top-section elementor-element elementor-element-b6d08ad elementor-section-boxed elementor-section-height-default elementor-section-height-default\" data-id=\"b6d08ad\" data-element_type=\"section\" data-settings=\"{&quot;background_background&quot;:&quot;classic&quot;}\">\n\t\t\t\t\t\t\t<div class=\"elementor-background-overlay\"><\/div>\n\t\t\t\t\t\t\t<div class=\"elementor-container elementor-column-gap-default\">\n\t\t\t\t\t<div class=\"elementor-column elementor-col-100 elementor-top-column elementor-element elementor-element-e3f1635\" data-id=\"e3f1635\" data-element_type=\"column\">\n\t\t\t<div class=\"elementor-widget-wrap elementor-element-populated\">\n\t\t\t\t\t\t<div class=\"elementor-element elementor-element-78ccc85 elementor-widget elementor-widget-heading\" data-id=\"78ccc85\" data-element_type=\"widget\" data-widget_type=\"heading.default\">\n\t\t\t\t<div class=\"elementor-widget-container\">\n\t\t\t<h3 class=\"elementor-heading-title elementor-size-large\">SANGER by Esther Noriega<\/h3>\t\t<\/div>\n\t\t\t\t<\/div>\n\t\t\t\t<div class=\"elementor-element elementor-element-205d277 elementor-invisible elementor-widget elementor-widget-text-editor\" data-id=\"205d277\" data-element_type=\"widget\" data-settings=\"{&quot;_animation&quot;:&quot;fadeInLeft&quot;}\" data-widget_type=\"text-editor.default\">\n\t\t\t\t<div class=\"elementor-widget-container\">\n\t\t\t\t\t\t\t<p style=\"text-align: center;\">Detalls com el \u201csavoir-faire\u201d, el minuci\u00f3s treball realitzat amb afecte, cura i passi\u00f3, i l&#8217;eleg\u00e0ncia <br>dels resultats. Aix\u00ed \u00e9s com neix la sinergia perfecta entre Esther Noriega Couture i Champagne Sanger.<\/p>\t\t\t\t\t\t<\/div>\n\t\t\t\t<\/div>\n\t\t\t\t\t<\/div>\n\t\t<\/div>\n\t\t\t\t\t<\/div>\n\t\t<\/section>\n\t\t\t\t<section class=\"elementor-section elementor-top-section elementor-element elementor-element-90adf83 elementor-section-boxed elementor-section-height-default elementor-section-height-default\" data-id=\"90adf83\" data-element_type=\"section\" data-settings=\"{&quot;background_background&quot;:&quot;video&quot;,&quot;background_video_link&quot;:&quot;https:\\\/\\\/www.youtube.com\\\/watch?v=ysAcDDYVNAs&quot;,&quot;background_video_start&quot;:30,&quot;background_video_end&quot;:35,&quot;background_play_on_mobile&quot;:&quot;yes&quot;}\">\n\t\t\t\t\t\t\t\t<div class=\"elementor-background-video-container\">\n\t\t\t\t\t\t\t\t\t\t\t\t\t<div class=\"elementor-background-video-embed\"><\/div>\n\t\t\t\t\t\t\t\t\t\t\t\t<\/div>\n\t\t\t\t\t\t\t\t<div class=\"elementor-container elementor-column-gap-default\">\n\t\t\t\t\t<div class=\"elementor-column elementor-col-100 elementor-top-column elementor-element elementor-element-c2f356c\" data-id=\"c2f356c\" data-element_type=\"column\">\n\t\t\t<div class=\"elementor-widget-wrap elementor-element-populated\">\n\t\t\t\t\t\t<div class=\"elementor-element elementor-element-5c9b5a1 elementor-widget elementor-widget-image-gallery\" data-id=\"5c9b5a1\" data-element_type=\"widget\" data-widget_type=\"image-gallery.default\">\n\t\t\t\t<div class=\"elementor-widget-container\">\n\t\t\t\t\t<div class=\"elementor-image-gallery\">\n\t\t\t<div id='gallery-1' class='gallery galleryid-33454 gallery-columns-4 gallery-size-medium_large'><figure class='gallery-item'>\n\t\t\t<div class='gallery-icon portrait'>\n\t\t\t\t<a data-elementor-open-lightbox=\"yes\" data-elementor-lightbox-slideshow=\"5c9b5a1\" data-elementor-lightbox-title=\"_DSC4545\" data-e-action-hash=\"#elementor-action%3Aaction%3Dlightbox%26settings%3DeyJpZCI6MzIxMzMsInVybCI6Imh0dHBzOlwvXC9lc3RoZXJub3JpZWdhLmVzXC93cC1jb250ZW50XC91cGxvYWRzXC8yMDIxXC8wM1wvRFNDNDU0NS5qcGciLCJzbGlkZXNob3ciOiI1YzliNWExIn0%3D\" href='https:\/\/esthernoriega.es\/wp-content\/uploads\/2021\/03\/DSC4545.jpg'><img fetchpriority=\"high\" decoding=\"async\" width=\"768\" height=\"1151\" src=\"https:\/\/esthernoriega.es\/wp-content\/uploads\/2021\/03\/DSC4545-768x1151.jpg\" class=\"attachment-medium_large size-medium_large\" alt=\"\" srcset=\"https:\/\/esthernoriega.es\/wp-content\/uploads\/2021\/03\/DSC4545-768x1151.jpg 768w, https:\/\/esthernoriega.es\/wp-content\/uploads\/2021\/03\/DSC4545-1000x1498.jpg 1000w, https:\/\/esthernoriega.es\/wp-content\/uploads\/2021\/03\/DSC4545-200x300.jpg 200w, https:\/\/esthernoriega.es\/wp-content\/uploads\/2021\/03\/DSC4545-683x1024.jpg 683w, https:\/\/esthernoriega.es\/wp-content\/uploads\/2021\/03\/DSC4545-1025x1536.jpg 1025w, https:\/\/esthernoriega.es\/wp-content\/uploads\/2021\/03\/DSC4545.jpg 1100w\" sizes=\"(max-width: 768px) 100vw, 768px\" \/><\/a>\n\t\t\t<\/div><\/figure><figure class='gallery-item'>\n\t\t\t<div class='gallery-icon portrait'>\n\t\t\t\t<a data-elementor-open-lightbox=\"yes\" data-elementor-lightbox-slideshow=\"5c9b5a1\" data-elementor-lightbox-title=\"_DSC4319\" data-e-action-hash=\"#elementor-action%3Aaction%3Dlightbox%26settings%3DeyJpZCI6MzIxMjcsInVybCI6Imh0dHBzOlwvXC9lc3RoZXJub3JpZWdhLmVzXC93cC1jb250ZW50XC91cGxvYWRzXC8yMDIxXC8wM1wvRFNDNDMxOS5qcGciLCJzbGlkZXNob3ciOiI1YzliNWExIn0%3D\" href='https:\/\/esthernoriega.es\/wp-content\/uploads\/2021\/03\/DSC4319.jpg'><img decoding=\"async\" width=\"768\" height=\"1151\" src=\"https:\/\/esthernoriega.es\/wp-content\/uploads\/2021\/03\/DSC4319-768x1151.jpg\" class=\"attachment-medium_large size-medium_large\" alt=\"\" srcset=\"https:\/\/esthernoriega.es\/wp-content\/uploads\/2021\/03\/DSC4319-768x1151.jpg 768w, https:\/\/esthernoriega.es\/wp-content\/uploads\/2021\/03\/DSC4319-1000x1498.jpg 1000w, https:\/\/esthernoriega.es\/wp-content\/uploads\/2021\/03\/DSC4319-200x300.jpg 200w, https:\/\/esthernoriega.es\/wp-content\/uploads\/2021\/03\/DSC4319-683x1024.jpg 683w, https:\/\/esthernoriega.es\/wp-content\/uploads\/2021\/03\/DSC4319-1025x1536.jpg 1025w, https:\/\/esthernoriega.es\/wp-content\/uploads\/2021\/03\/DSC4319.jpg 1100w\" sizes=\"(max-width: 768px) 100vw, 768px\" \/><\/a>\n\t\t\t<\/div><\/figure><figure class='gallery-item'>\n\t\t\t<div class='gallery-icon portrait'>\n\t\t\t\t<a data-elementor-open-lightbox=\"yes\" data-elementor-lightbox-slideshow=\"5c9b5a1\" data-elementor-lightbox-title=\"_DSC4249\" data-e-action-hash=\"#elementor-action%3Aaction%3Dlightbox%26settings%3DeyJpZCI6MzIxMjEsInVybCI6Imh0dHBzOlwvXC9lc3RoZXJub3JpZWdhLmVzXC93cC1jb250ZW50XC91cGxvYWRzXC8yMDIxXC8wM1wvRFNDNDI0OS5qcGciLCJzbGlkZXNob3ciOiI1YzliNWExIn0%3D\" href='https:\/\/esthernoriega.es\/wp-content\/uploads\/2021\/03\/DSC4249.jpg'><img decoding=\"async\" width=\"768\" height=\"1151\" src=\"https:\/\/esthernoriega.es\/wp-content\/uploads\/2021\/03\/DSC4249-768x1151.jpg\" class=\"attachment-medium_large size-medium_large\" alt=\"\" srcset=\"https:\/\/esthernoriega.es\/wp-content\/uploads\/2021\/03\/DSC4249-768x1151.jpg 768w, https:\/\/esthernoriega.es\/wp-content\/uploads\/2021\/03\/DSC4249-1000x1498.jpg 1000w, https:\/\/esthernoriega.es\/wp-content\/uploads\/2021\/03\/DSC4249-200x300.jpg 200w, https:\/\/esthernoriega.es\/wp-content\/uploads\/2021\/03\/DSC4249-683x1024.jpg 683w, https:\/\/esthernoriega.es\/wp-content\/uploads\/2021\/03\/DSC4249-1025x1536.jpg 1025w, https:\/\/esthernoriega.es\/wp-content\/uploads\/2021\/03\/DSC4249.jpg 1100w\" sizes=\"(max-width: 768px) 100vw, 768px\" \/><\/a>\n\t\t\t<\/div><\/figure><figure class='gallery-item'>\n\t\t\t<div class='gallery-icon portrait'>\n\t\t\t\t<a data-elementor-open-lightbox=\"yes\" data-elementor-lightbox-slideshow=\"5c9b5a1\" data-elementor-lightbox-title=\"_DSC4261\" data-e-action-hash=\"#elementor-action%3Aaction%3Dlightbox%26settings%3DeyJpZCI6MzIxMjQsInVybCI6Imh0dHBzOlwvXC9lc3RoZXJub3JpZWdhLmVzXC93cC1jb250ZW50XC91cGxvYWRzXC8yMDIxXC8wM1wvRFNDNDI2MS5qcGciLCJzbGlkZXNob3ciOiI1YzliNWExIn0%3D\" href='https:\/\/esthernoriega.es\/wp-content\/uploads\/2021\/03\/DSC4261.jpg'><img loading=\"lazy\" decoding=\"async\" width=\"768\" height=\"1151\" src=\"https:\/\/esthernoriega.es\/wp-content\/uploads\/2021\/03\/DSC4261-768x1151.jpg\" class=\"attachment-medium_large size-medium_large\" alt=\"\" srcset=\"https:\/\/esthernoriega.es\/wp-content\/uploads\/2021\/03\/DSC4261-768x1151.jpg 768w, https:\/\/esthernoriega.es\/wp-content\/uploads\/2021\/03\/DSC4261-1000x1498.jpg 1000w, https:\/\/esthernoriega.es\/wp-content\/uploads\/2021\/03\/DSC4261-200x300.jpg 200w, https:\/\/esthernoriega.es\/wp-content\/uploads\/2021\/03\/DSC4261-683x1024.jpg 683w, https:\/\/esthernoriega.es\/wp-content\/uploads\/2021\/03\/DSC4261-1025x1536.jpg 1025w, https:\/\/esthernoriega.es\/wp-content\/uploads\/2021\/03\/DSC4261.jpg 1100w\" sizes=\"(max-width: 768px) 100vw, 768px\" \/><\/a>\n\t\t\t<\/div><\/figure><figure class='gallery-item'>\n\t\t\t<div class='gallery-icon portrait'>\n\t\t\t\t<a data-elementor-open-lightbox=\"yes\" data-elementor-lightbox-slideshow=\"5c9b5a1\" data-elementor-lightbox-title=\"_DSC4238\" data-e-action-hash=\"#elementor-action%3Aaction%3Dlightbox%26settings%3DeyJpZCI6MzIxMTgsInVybCI6Imh0dHBzOlwvXC9lc3RoZXJub3JpZWdhLmVzXC93cC1jb250ZW50XC91cGxvYWRzXC8yMDIxXC8wM1wvRFNDNDIzOC5qcGciLCJzbGlkZXNob3ciOiI1YzliNWExIn0%3D\" href='https:\/\/esthernoriega.es\/wp-content\/uploads\/2021\/03\/DSC4238.jpg'><img loading=\"lazy\" decoding=\"async\" width=\"768\" height=\"1151\" src=\"https:\/\/esthernoriega.es\/wp-content\/uploads\/2021\/03\/DSC4238-768x1151.jpg\" class=\"attachment-medium_large size-medium_large\" alt=\"\" srcset=\"https:\/\/esthernoriega.es\/wp-content\/uploads\/2021\/03\/DSC4238-768x1151.jpg 768w, https:\/\/esthernoriega.es\/wp-content\/uploads\/2021\/03\/DSC4238-1000x1498.jpg 1000w, https:\/\/esthernoriega.es\/wp-content\/uploads\/2021\/03\/DSC4238-200x300.jpg 200w, https:\/\/esthernoriega.es\/wp-content\/uploads\/2021\/03\/DSC4238-683x1024.jpg 683w, https:\/\/esthernoriega.es\/wp-content\/uploads\/2021\/03\/DSC4238-1025x1536.jpg 1025w, https:\/\/esthernoriega.es\/wp-content\/uploads\/2021\/03\/DSC4238.jpg 1100w\" sizes=\"(max-width: 768px) 100vw, 768px\" \/><\/a>\n\t\t\t<\/div><\/figure><figure class='gallery-item'>\n\t\t\t<div class='gallery-icon portrait'>\n\t\t\t\t<a data-elementor-open-lightbox=\"yes\" data-elementor-lightbox-slideshow=\"5c9b5a1\" data-elementor-lightbox-title=\"_DSC4699\" data-e-action-hash=\"#elementor-action%3Aaction%3Dlightbox%26settings%3DeyJpZCI6MzIwNzUsInVybCI6Imh0dHBzOlwvXC9lc3RoZXJub3JpZWdhLmVzXC93cC1jb250ZW50XC91cGxvYWRzXC8yMDIxXC8wM1wvRFNDNDY5OS5qcGciLCJzbGlkZXNob3ciOiI1YzliNWExIn0%3D\" href='https:\/\/esthernoriega.es\/wp-content\/uploads\/2021\/03\/DSC4699.jpg'><img loading=\"lazy\" decoding=\"async\" width=\"768\" height=\"1151\" src=\"https:\/\/esthernoriega.es\/wp-content\/uploads\/2021\/03\/DSC4699-768x1151.jpg\" class=\"attachment-medium_large size-medium_large\" alt=\"\" srcset=\"https:\/\/esthernoriega.es\/wp-content\/uploads\/2021\/03\/DSC4699-768x1151.jpg 768w, https:\/\/esthernoriega.es\/wp-content\/uploads\/2021\/03\/DSC4699-1000x1498.jpg 1000w, https:\/\/esthernoriega.es\/wp-content\/uploads\/2021\/03\/DSC4699-200x300.jpg 200w, https:\/\/esthernoriega.es\/wp-content\/uploads\/2021\/03\/DSC4699-683x1024.jpg 683w, https:\/\/esthernoriega.es\/wp-content\/uploads\/2021\/03\/DSC4699-1025x1536.jpg 1025w, https:\/\/esthernoriega.es\/wp-content\/uploads\/2021\/03\/DSC4699.jpg 1100w\" sizes=\"(max-width: 768px) 100vw, 768px\" \/><\/a>\n\t\t\t<\/div><\/figure><figure class='gallery-item'>\n\t\t\t<div class='gallery-icon portrait'>\n\t\t\t\t<a data-elementor-open-lightbox=\"yes\" data-elementor-lightbox-slideshow=\"5c9b5a1\" data-elementor-lightbox-title=\"_DSC4740 (1)\" data-e-action-hash=\"#elementor-action%3Aaction%3Dlightbox%26settings%3DeyJpZCI6MzIwODEsInVybCI6Imh0dHBzOlwvXC9lc3RoZXJub3JpZWdhLmVzXC93cC1jb250ZW50XC91cGxvYWRzXC8yMDIxXC8wM1wvRFNDNDc0MC0xLmpwZyIsInNsaWRlc2hvdyI6IjVjOWI1YTEifQ%3D%3D\" href='https:\/\/esthernoriega.es\/wp-content\/uploads\/2021\/03\/DSC4740-1.jpg'><img loading=\"lazy\" decoding=\"async\" width=\"768\" height=\"1151\" src=\"https:\/\/esthernoriega.es\/wp-content\/uploads\/2021\/03\/DSC4740-1-768x1151.jpg\" class=\"attachment-medium_large size-medium_large\" alt=\"\" srcset=\"https:\/\/esthernoriega.es\/wp-content\/uploads\/2021\/03\/DSC4740-1-768x1151.jpg 768w, https:\/\/esthernoriega.es\/wp-content\/uploads\/2021\/03\/DSC4740-1-1000x1498.jpg 1000w, https:\/\/esthernoriega.es\/wp-content\/uploads\/2021\/03\/DSC4740-1-200x300.jpg 200w, https:\/\/esthernoriega.es\/wp-content\/uploads\/2021\/03\/DSC4740-1-683x1024.jpg 683w, https:\/\/esthernoriega.es\/wp-content\/uploads\/2021\/03\/DSC4740-1-1025x1536.jpg 1025w, https:\/\/esthernoriega.es\/wp-content\/uploads\/2021\/03\/DSC4740-1.jpg 1100w\" sizes=\"(max-width: 768px) 100vw, 768px\" \/><\/a>\n\t\t\t<\/div><\/figure><figure class='gallery-item'>\n\t\t\t<div class='gallery-icon portrait'>\n\t\t\t\t<a data-elementor-open-lightbox=\"yes\" data-elementor-lightbox-slideshow=\"5c9b5a1\" data-elementor-lightbox-title=\"_DSC4747\" data-e-action-hash=\"#elementor-action%3Aaction%3Dlightbox%26settings%3DeyJpZCI6MzIwODcsInVybCI6Imh0dHBzOlwvXC9lc3RoZXJub3JpZWdhLmVzXC93cC1jb250ZW50XC91cGxvYWRzXC8yMDIxXC8wM1wvRFNDNDc0Ny5qcGciLCJzbGlkZXNob3ciOiI1YzliNWExIn0%3D\" href='https:\/\/esthernoriega.es\/wp-content\/uploads\/2021\/03\/DSC4747.jpg'><img loading=\"lazy\" decoding=\"async\" width=\"768\" height=\"1151\" src=\"https:\/\/esthernoriega.es\/wp-content\/uploads\/2021\/03\/DSC4747-768x1151.jpg\" class=\"attachment-medium_large size-medium_large\" alt=\"\" srcset=\"https:\/\/esthernoriega.es\/wp-content\/uploads\/2021\/03\/DSC4747-768x1151.jpg 768w, https:\/\/esthernoriega.es\/wp-content\/uploads\/2021\/03\/DSC4747-1000x1498.jpg 1000w, https:\/\/esthernoriega.es\/wp-content\/uploads\/2021\/03\/DSC4747-200x300.jpg 200w, https:\/\/esthernoriega.es\/wp-content\/uploads\/2021\/03\/DSC4747-683x1024.jpg 683w, https:\/\/esthernoriega.es\/wp-content\/uploads\/2021\/03\/DSC4747-1025x1536.jpg 1025w, https:\/\/esthernoriega.es\/wp-content\/uploads\/2021\/03\/DSC4747.jpg 1100w\" sizes=\"(max-width: 768px) 100vw, 768px\" \/><\/a>\n\t\t\t<\/div><\/figure><figure class='gallery-item'>\n\t\t\t<div class='gallery-icon portrait'>\n\t\t\t\t<a data-elementor-open-lightbox=\"yes\" data-elementor-lightbox-slideshow=\"5c9b5a1\" data-elementor-lightbox-title=\"_DSC4807\" data-e-action-hash=\"#elementor-action%3Aaction%3Dlightbox%26settings%3DeyJpZCI6MzIwOTMsInVybCI6Imh0dHBzOlwvXC9lc3RoZXJub3JpZWdhLmVzXC93cC1jb250ZW50XC91cGxvYWRzXC8yMDIxXC8wM1wvRFNDNDgwNy5qcGciLCJzbGlkZXNob3ciOiI1YzliNWExIn0%3D\" href='https:\/\/esthernoriega.es\/wp-content\/uploads\/2021\/03\/DSC4807.jpg'><img loading=\"lazy\" decoding=\"async\" width=\"768\" height=\"1151\" src=\"https:\/\/esthernoriega.es\/wp-content\/uploads\/2021\/03\/DSC4807-768x1151.jpg\" class=\"attachment-medium_large size-medium_large\" alt=\"\" srcset=\"https:\/\/esthernoriega.es\/wp-content\/uploads\/2021\/03\/DSC4807-768x1151.jpg 768w, https:\/\/esthernoriega.es\/wp-content\/uploads\/2021\/03\/DSC4807-1000x1498.jpg 1000w, https:\/\/esthernoriega.es\/wp-content\/uploads\/2021\/03\/DSC4807-200x300.jpg 200w, https:\/\/esthernoriega.es\/wp-content\/uploads\/2021\/03\/DSC4807-683x1024.jpg 683w, https:\/\/esthernoriega.es\/wp-content\/uploads\/2021\/03\/DSC4807-1025x1536.jpg 1025w, https:\/\/esthernoriega.es\/wp-content\/uploads\/2021\/03\/DSC4807.jpg 1100w\" sizes=\"(max-width: 768px) 100vw, 768px\" \/><\/a>\n\t\t\t<\/div><\/figure><figure class='gallery-item'>\n\t\t\t<div class='gallery-icon portrait'>\n\t\t\t\t<a data-elementor-open-lightbox=\"yes\" data-elementor-lightbox-slideshow=\"5c9b5a1\" data-elementor-lightbox-title=\"_DSC4822\" data-e-action-hash=\"#elementor-action%3Aaction%3Dlightbox%26settings%3DeyJpZCI6MzIwOTYsInVybCI6Imh0dHBzOlwvXC9lc3RoZXJub3JpZWdhLmVzXC93cC1jb250ZW50XC91cGxvYWRzXC8yMDIxXC8wM1wvRFNDNDgyMi5qcGciLCJzbGlkZXNob3ciOiI1YzliNWExIn0%3D\" href='https:\/\/esthernoriega.es\/wp-content\/uploads\/2021\/03\/DSC4822.jpg'><img loading=\"lazy\" decoding=\"async\" width=\"768\" height=\"1151\" src=\"https:\/\/esthernoriega.es\/wp-content\/uploads\/2021\/03\/DSC4822-768x1151.jpg\" class=\"attachment-medium_large size-medium_large\" alt=\"\" srcset=\"https:\/\/esthernoriega.es\/wp-content\/uploads\/2021\/03\/DSC4822-768x1151.jpg 768w, https:\/\/esthernoriega.es\/wp-content\/uploads\/2021\/03\/DSC4822-1000x1498.jpg 1000w, https:\/\/esthernoriega.es\/wp-content\/uploads\/2021\/03\/DSC4822-200x300.jpg 200w, https:\/\/esthernoriega.es\/wp-content\/uploads\/2021\/03\/DSC4822-683x1024.jpg 683w, https:\/\/esthernoriega.es\/wp-content\/uploads\/2021\/03\/DSC4822-1025x1536.jpg 1025w, https:\/\/esthernoriega.es\/wp-content\/uploads\/2021\/03\/DSC4822.jpg 1100w\" sizes=\"(max-width: 768px) 100vw, 768px\" \/><\/a>\n\t\t\t<\/div><\/figure><figure class='gallery-item'>\n\t\t\t<div class='gallery-icon portrait'>\n\t\t\t\t<a data-elementor-open-lightbox=\"yes\" data-elementor-lightbox-slideshow=\"5c9b5a1\" data-elementor-lightbox-title=\"_DSC4870\" data-e-action-hash=\"#elementor-action%3Aaction%3Dlightbox%26settings%3DeyJpZCI6MzIwOTksInVybCI6Imh0dHBzOlwvXC9lc3RoZXJub3JpZWdhLmVzXC93cC1jb250ZW50XC91cGxvYWRzXC8yMDIxXC8wM1wvRFNDNDg3MC5qcGciLCJzbGlkZXNob3ciOiI1YzliNWExIn0%3D\" href='https:\/\/esthernoriega.es\/wp-content\/uploads\/2021\/03\/DSC4870.jpg'><img loading=\"lazy\" decoding=\"async\" width=\"768\" height=\"1151\" src=\"https:\/\/esthernoriega.es\/wp-content\/uploads\/2021\/03\/DSC4870-768x1151.jpg\" class=\"attachment-medium_large size-medium_large\" alt=\"\" srcset=\"https:\/\/esthernoriega.es\/wp-content\/uploads\/2021\/03\/DSC4870-768x1151.jpg 768w, https:\/\/esthernoriega.es\/wp-content\/uploads\/2021\/03\/DSC4870-1000x1498.jpg 1000w, https:\/\/esthernoriega.es\/wp-content\/uploads\/2021\/03\/DSC4870-200x300.jpg 200w, https:\/\/esthernoriega.es\/wp-content\/uploads\/2021\/03\/DSC4870-683x1024.jpg 683w, https:\/\/esthernoriega.es\/wp-content\/uploads\/2021\/03\/DSC4870-1025x1536.jpg 1025w, https:\/\/esthernoriega.es\/wp-content\/uploads\/2021\/03\/DSC4870.jpg 1100w\" sizes=\"(max-width: 768px) 100vw, 768px\" \/><\/a>\n\t\t\t<\/div><\/figure><figure class='gallery-item'>\n\t\t\t<div class='gallery-icon portrait'>\n\t\t\t\t<a data-elementor-open-lightbox=\"yes\" data-elementor-lightbox-slideshow=\"5c9b5a1\" data-elementor-lightbox-title=\"_DSC4885\" data-e-action-hash=\"#elementor-action%3Aaction%3Dlightbox%26settings%3DeyJpZCI6MzIxMDIsInVybCI6Imh0dHBzOlwvXC9lc3RoZXJub3JpZWdhLmVzXC93cC1jb250ZW50XC91cGxvYWRzXC8yMDIxXC8wM1wvRFNDNDg4NS5qcGciLCJzbGlkZXNob3ciOiI1YzliNWExIn0%3D\" href='https:\/\/esthernoriega.es\/wp-content\/uploads\/2021\/03\/DSC4885.jpg'><img loading=\"lazy\" decoding=\"async\" width=\"768\" height=\"1151\" src=\"https:\/\/esthernoriega.es\/wp-content\/uploads\/2021\/03\/DSC4885-768x1151.jpg\" class=\"attachment-medium_large size-medium_large\" alt=\"\" srcset=\"https:\/\/esthernoriega.es\/wp-content\/uploads\/2021\/03\/DSC4885-768x1151.jpg 768w, https:\/\/esthernoriega.es\/wp-content\/uploads\/2021\/03\/DSC4885-1000x1498.jpg 1000w, https:\/\/esthernoriega.es\/wp-content\/uploads\/2021\/03\/DSC4885-200x300.jpg 200w, https:\/\/esthernoriega.es\/wp-content\/uploads\/2021\/03\/DSC4885-683x1024.jpg 683w, https:\/\/esthernoriega.es\/wp-content\/uploads\/2021\/03\/DSC4885-1025x1536.jpg 1025w, https:\/\/esthernoriega.es\/wp-content\/uploads\/2021\/03\/DSC4885.jpg 1100w\" sizes=\"(max-width: 768px) 100vw, 768px\" \/><\/a>\n\t\t\t<\/div><\/figure>\n\t\t<\/div>\n\t\t<\/div>\n\t\t\t\t<\/div>\n\t\t\t\t<\/div>\n\t\t\t\t\t<\/div>\n\t\t<\/div>\n\t\t\t\t\t<\/div>\n\t\t<\/section>\n\t\t\t\t<\/div>\n\t\t","protected":false},"excerpt":{"rendered":"<p>SANGER by Esther Noriega Detalls com el \u201csavoir-faire\u201d, el minuci\u00f3s treball realitzat amb afecte, cura i passi\u00f3, i l&#8217;eleg\u00e0ncia dels resultats. Aix\u00ed \u00e9s com neix la sinergia perfecta entre Esther Noriega Couture i Champagne Sanger.<\/p>\n","protected":false},"author":2,"featured_media":0,"parent":0,"menu_order":0,"comment_status":"closed","ping_status":"closed","template":"","meta":{"_eb_attr":"","_monsterinsights_skip_tracking":false,"_monsterinsights_sitenote_active":false,"_monsterinsights_sitenote_note":"","_monsterinsights_sitenote_category":0,"site-sidebar-layout":"no-sidebar","site-content-layout":"page-builder","ast-site-content-layout":"","site-content-style":"default","site-sidebar-style":"default","ast-global-header-display":"","ast-banner-title-visibility":"","ast-main-header-display":"","ast-hfb-above-header-display":"","ast-hfb-below-header-display":"","ast-hfb-mobile-header-display":"","site-post-title":"disabled","ast-breadcrumbs-content":"","ast-featured-img":"disabled","footer-sml-layout":"","theme-transparent-header-meta":"default","adv-header-id-meta":"","stick-header-meta":"","header-above-stick-meta":"","header-main-stick-meta":"","header-below-stick-meta":"","astra-migrate-meta-layouts":"","ast-page-background-enabled":"default","ast-page-background-meta":{"desktop":{"background-color":"","background-image":"","background-repeat":"repeat","background-position":"center center","background-size":"auto","background-attachment":"scroll","background-type":"","background-media":"","overlay-type":"","overlay-color":"","overlay-gradient":""},"tablet":{"background-color":"","background-image":"","background-repeat":"repeat","background-position":"center center","background-size":"auto","background-attachment":"scroll","background-type":"","background-media":"","overlay-type":"","overlay-color":"","overlay-gradient":""},"mobile":{"background-color":"","background-image":"","background-repeat":"repeat","background-position":"center center","background-size":"auto","background-attachment":"scroll","background-type":"","background-media":"","overlay-type":"","overlay-color":"","overlay-gradient":""}},"ast-content-background-meta":{"desktop":{"background-color":"var(--ast-global-color-5)","background-image":"","background-repeat":"repeat","background-position":"center center","background-size":"auto","background-attachment":"scroll","background-type":"","background-media":"","overlay-type":"","overlay-color":"","overlay-gradient":""},"tablet":{"background-color":"var(--ast-global-color-5)","background-image":"","background-repeat":"repeat","background-position":"center center","background-size":"auto","background-attachment":"scroll","background-type":"","background-media":"","overlay-type":"","overlay-color":"","overlay-gradient":""},"mobile":{"background-color":"var(--ast-global-color-5)","background-image":"","background-repeat":"repeat","background-position":"center center","background-size":"auto","background-attachment":"scroll","background-type":"","background-media":"","overlay-type":"","overlay-color":"","overlay-gradient":""}},"footnotes":""},"_links":{"self":[{"href":"https:\/\/esthernoriega.es\/ca\/wp-json\/wp\/v2\/pages\/33454\/"}],"collection":[{"href":"https:\/\/esthernoriega.es\/ca\/wp-json\/wp\/v2\/pages\/"}],"about":[{"href":"https:\/\/esthernoriega.es\/ca\/wp-json\/wp\/v2\/types\/page\/"}],"author":[{"embeddable":true,"href":"https:\/\/esthernoriega.es\/ca\/wp-json\/wp\/v2\/users\/2\/"}],"replies":[{"embeddable":true,"href":"https:\/\/esthernoriega.es\/ca\/wp-json\/wp\/v2\/comments\/?post=33454"}],"version-history":[{"count":7,"href":"https:\/\/esthernoriega.es\/ca\/wp-json\/wp\/v2\/pages\/33454\/revisions\/"}],"predecessor-version":[{"id":33882,"href":"https:\/\/esthernoriega.es\/ca\/wp-json\/wp\/v2\/pages\/33454\/revisions\/33882\/"}],"wp:attachment":[{"href":"https:\/\/esthernoriega.es\/ca\/wp-json\/wp\/v2\/media\/?parent=33454"}],"curies":[{"name":"wp","href":"https:\/\/api.w.org\/{rel}","templated":true}]}}