{"id":34120,"date":"2021-04-16T21:55:22","date_gmt":"2021-04-16T21:55:22","guid":{"rendered":"https:\/\/esthernoriega.es\/?post_type=product&#038;p=34120"},"modified":"2021-04-16T21:55:23","modified_gmt":"2021-04-16T21:55:23","slug":"dessuadora-violetas","status":"publish","type":"product","link":"https:\/\/esthernoriega.es\/ca\/producto\/dessuadora-violetas\/","title":{"rendered":"Dessuadora Violetas"},"content":{"rendered":"","protected":false},"excerpt":{"rendered":"<p>DESSUADORA VIOLETAS<\/p>\n<p>Producte realitzat en cot\u00f3 100%.<\/p>\n<p>Estampat, amb certificat\u00a0GOTS\u00a0(Global\u00a0Organic\u00a0Textile\u00a0Standard), un segell internacionalment reconegut que estableix les normes m\u00e9s estrictes per a la producci\u00f3 t\u00e8xtil ecol\u00f2gica i socialment responsable.<\/p>\n<p>Les nostres peces estan realitzades en tallers de proximitat, d&#8217;aquesta manera contribu\u00efm a una economia circular i sostenible.<\/p>\n","protected":false},"featured_media":33937,"template":"","meta":{"_eb_attr":"","_monsterinsights_skip_tracking":false,"_monsterinsights_sitenote_active":false,"_monsterinsights_sitenote_note":"","_monsterinsights_sitenote_category":0,"site-sidebar-layout":"no-sidebar","site-content-layout":"page-builder","ast-site-content-layout":"","site-content-style":"default","site-sidebar-style":"default","ast-global-header-display":"","ast-banner-title-visibility":"","ast-main-header-display":"","ast-hfb-above-header-display":"","ast-hfb-below-header-display":"","ast-hfb-mobile-header-display":"","site-post-title":"disabled","ast-breadcrumbs-content":"","ast-featured-img":"","footer-sml-layout":"","theme-transparent-header-meta":"default","adv-header-id-meta":"","stick-header-meta":"","header-above-stick-meta":"","header-main-stick-meta":"","header-below-stick-meta":"","astra-migrate-meta-layouts":"","ast-page-background-enabled":"default","ast-page-background-meta":{"desktop":{"background-color":"","background-image":"","background-repeat":"repeat","background-position":"center center","background-size":"auto","background-attachment":"scroll","background-type":"","background-media":"","overlay-type":"","overlay-color":"","overlay-gradient":""},"tablet":{"background-color":"","background-image":"","background-repeat":"repeat","background-position":"center center","background-size":"auto","background-attachment":"scroll","background-type":"","background-media":"","overlay-type":"","overlay-color":"","overlay-gradient":""},"mobile":{"background-color":"","background-image":"","background-repeat":"repeat","background-position":"center center","background-size":"auto","background-attachment":"scroll","background-type":"","background-media":"","overlay-type":"","overlay-color":"","overlay-gradient":""}},"ast-content-background-meta":{"desktop":{"background-color":"var(--ast-global-color-5)","background-image":"","background-repeat":"repeat","background-position":"center center","background-size":"auto","background-attachment":"scroll","background-type":"","background-media":"","overlay-type":"","overlay-color":"","overlay-gradient":""},"tablet":{"background-color":"var(--ast-global-color-5)","background-image":"","background-repeat":"repeat","background-position":"center center","background-size":"auto","background-attachment":"scroll","background-type":"","background-media":"","overlay-type":"","overlay-color":"","overlay-gradient":""},"mobile":{"background-color":"var(--ast-global-color-5)","background-image":"","background-repeat":"repeat","background-position":"center center","background-size":"auto","background-attachment":"scroll","background-type":"","background-media":"","overlay-type":"","overlay-color":"","overlay-gradient":""}}},"product_cat":[185],"product_tag":[],"_links":{"self":[{"href":"https:\/\/esthernoriega.es\/ca\/wp-json\/wp\/v2\/product\/34120\/"}],"collection":[{"href":"https:\/\/esthernoriega.es\/ca\/wp-json\/wp\/v2\/product\/"}],"about":[{"href":"https:\/\/esthernoriega.es\/ca\/wp-json\/wp\/v2\/types\/product\/"}],"version-history":[{"count":1,"href":"https:\/\/esthernoriega.es\/ca\/wp-json\/wp\/v2\/product\/34120\/revisions\/"}],"predecessor-version":[{"id":34127,"href":"https:\/\/esthernoriega.es\/ca\/wp-json\/wp\/v2\/product\/34120\/revisions\/34127\/"}],"wp:featuredmedia":[{"embeddable":true,"href":"https:\/\/esthernoriega.es\/ca\/wp-json\/wp\/v2\/media\/33937\/"}],"wp:attachment":[{"href":"https:\/\/esthernoriega.es\/ca\/wp-json\/wp\/v2\/media\/?parent=34120"}],"wp:term":[{"taxonomy":"product_cat","embeddable":true,"href":"https:\/\/esthernoriega.es\/ca\/wp-json\/wp\/v2\/product_cat\/?post=34120"},{"taxonomy":"product_tag","embeddable":true,"href":"https:\/\/esthernoriega.es\/ca\/wp-json\/wp\/v2\/product_tag\/?post=34120"}],"curies":[{"name":"wp","href":"https:\/\/api.w.org\/{rel}","templated":true}]}}